{"id":4343,"date":"2025-08-26T16:20:01","date_gmt":"2025-08-26T16:20:01","guid":{"rendered":"https:\/\/zoyaedit.com\/product\/shoes-4\/"},"modified":"2025-08-31T18:06:29","modified_gmt":"2025-08-31T18:06:29","slug":"shoes-4","status":"publish","type":"product","link":"https:\/\/checkout.luxaurabag.com\/sv\/produkt\/shoes-4\/","title":{"rendered":"Dune Classic Series Sneaker"},"content":{"rendered":"<p><meta charset='utf-8'>Dessa l\u00e5gprofilerade sneakers har \u00f6verdrag i tonal mocka och ventilerande meshpaneler och erbjuder en perfekt balans mellan komfort och street-ready stil. Den minimalistiska silhuetten avslutas med en gummisula f\u00f6r grepp och underskattad kant.<\/p>\n<ul>\n<li><meta charset='utf-8'> <span>Ovandel i mocka och mesh av h\u00f6gsta kvalitet<\/span><\/li>\n<li><meta charset='utf-8'>L\u00e4tt och andningsbar<\/li>\n<li>Flexibel konstruktion<\/li>\n<li>D\u00e4mpad innersula<\/li>\n<li><span><meta charset='utf-8'>Yttersula i texturerat gummi<\/span><meta charset='utf-8'><\/li>\n<\/ul>","protected":false},"excerpt":{"rendered":"<p>Dessa l\u00e5gprofilerade sneakers har \u00f6verdrag i tonal mocka och ventilerande meshpaneler och erbjuder en perfekt balans mellan komfort och street-ready stil. Den minimalistiska silhuetten avslutas med en gummisula f\u00f6r grepp och diskret kant. Ovandel i premiummocka och mesh L\u00e4tt och ventilerande Flexibel konstruktion D\u00e4mpad innersula Yttersula i strukturerat gummi<\/p>","protected":false},"featured_media":4922,"comment_status":"open","ping_status":"closed","template":"","meta":{"_kad_post_transparent":"","_kad_post_title":"","_kad_post_layout":"","_kad_post_sidebar_id":"","_kad_post_content_style":"","_kad_post_vertical_padding":"","_kad_post_feature":"","_kad_post_feature_position":"","_kad_post_header":false,"_kad_post_footer":false},"product_brand":[],"product_cat":[88],"product_tag":[],"class_list":{"0":"post-4343","1":"product","2":"type-product","3":"status-publish","4":"has-post-thumbnail","6":"product_cat-shoes","8":"first","9":"instock","10":"sale","11":"shipping-taxable","12":"purchasable","13":"product-type-variable","14":"entry","15":"content-bg","16":"loop-entry"},"_links":{"self":[{"href":"https:\/\/checkout.luxaurabag.com\/sv\/wp-json\/wp\/v2\/product\/4343","targetHints":{"allow":["GET"]}}],"collection":[{"href":"https:\/\/checkout.luxaurabag.com\/sv\/wp-json\/wp\/v2\/product"}],"about":[{"href":"https:\/\/checkout.luxaurabag.com\/sv\/wp-json\/wp\/v2\/types\/product"}],"replies":[{"embeddable":true,"href":"https:\/\/checkout.luxaurabag.com\/sv\/wp-json\/wp\/v2\/comments?post=4343"}],"wp:featuredmedia":[{"embeddable":true,"href":"https:\/\/checkout.luxaurabag.com\/sv\/wp-json\/wp\/v2\/media\/4922"}],"wp:attachment":[{"href":"https:\/\/checkout.luxaurabag.com\/sv\/wp-json\/wp\/v2\/media?parent=4343"}],"wp:term":[{"taxonomy":"product_brand","embeddable":true,"href":"https:\/\/checkout.luxaurabag.com\/sv\/wp-json\/wp\/v2\/product_brand?post=4343"},{"taxonomy":"product_cat","embeddable":true,"href":"https:\/\/checkout.luxaurabag.com\/sv\/wp-json\/wp\/v2\/product_cat?post=4343"},{"taxonomy":"product_tag","embeddable":true,"href":"https:\/\/checkout.luxaurabag.com\/sv\/wp-json\/wp\/v2\/product_tag?post=4343"}],"curies":[{"name":"wp","href":"https:\/\/api.w.org\/{rel}","templated":true}]}}