{"id":4297,"date":"2025-08-26T16:20:00","date_gmt":"2025-08-26T16:20:00","guid":{"rendered":"https:\/\/zoyaedit.com\/product\/driftwood-leather-sandal\/"},"modified":"2025-08-31T18:06:27","modified_gmt":"2025-08-31T18:06:27","slug":"driftwood-leather-sandal","status":"publish","type":"product","link":"https:\/\/checkout.luxaurabag.com\/sv\/produkt\/driftwood-leather-sandal\/","title":{"rendered":"Driftwood sandal i l\u00e4der"},"content":{"rendered":"<p><meta charset='UTF-8'><span>Med mjuka remmar i veganskt l\u00e4der\u00a0<meta charset='utf-8'>som f\u00f6rsiktigt formar sig efter dina f\u00f6tter och en skulpterad fotb\u00e4dd i tr\u00e4korn, blandar dessa sandaler hantverksm\u00e4ssiga detaljer med avslappnad kant. <meta charset='utf-8'>Konturerat h\u00e5lfotsst\u00f6d och en slingback-klack g\u00f6r att skon sitter stabilt, halkfritt och bekv\u00e4mt hela dagen - perfekt f\u00f6r stadspromenader eller poolh\u00e4ng.\u00a0<\/span><span><\/span><\/p>\n<ul>\n<li><meta charset='utf-8'> <meta charset='utf-8'>Remmar i sl\u00e4tt veganskt l\u00e4der<\/li>\n<li><meta charset='utf-8'>Fotb\u00e4dd med tr\u00e4grain-struktur<\/li>\n<li><meta charset='utf-8'> <meta charset='utf-8'>Komfortabel passform som formar sig efter foten<\/li>\n<li><meta charset='utf-8'>Konturerat st\u00f6d f\u00f6r h\u00e5lfoten<\/li>\n<li><meta charset='utf-8'> <span>T<meta charset='utf-8'>hick- och n\u00f6tningsbest\u00e4ndig<\/span><\/li>\n<li><meta charset='utf-8'> <meta charset='utf-8'>Halkskyddad yttersula<meta charset='utf-8'> <meta charset='utf-8'><\/li>\n<\/ul>","protected":false},"excerpt":{"rendered":"<p>Med mjuka remmar i veganl\u00e4der som formar sig efter dina f\u00f6tter och en skulpterad fotb\u00e4dd i tr\u00e4korn blandar dessa sandaler hantverksm\u00e4ssiga detaljer med avslappnad stil. Konturerat h\u00e5lfotsst\u00f6d och en slingback-klack h\u00e5ller passformen stabil, halkfri och bekv\u00e4m hela dagen - perfekt f\u00f6r stadspromenader eller avkoppling vid poolen.  Remmar i sl\u00e4tt veganskt l\u00e4der Fotb\u00e4dd med tr\u00e4kornsstruktur Komfortabel passform som formar sig efter foten Konturerat...<\/p>","protected":false},"featured_media":4909,"comment_status":"open","ping_status":"closed","template":"","meta":{"_kad_post_transparent":"","_kad_post_title":"","_kad_post_layout":"","_kad_post_sidebar_id":"","_kad_post_content_style":"","_kad_post_vertical_padding":"","_kad_post_feature":"","_kad_post_feature_position":"","_kad_post_header":false,"_kad_post_footer":false},"product_brand":[],"product_cat":[88],"product_tag":[],"class_list":{"0":"post-4297","1":"product","2":"type-product","3":"status-publish","4":"has-post-thumbnail","6":"product_cat-shoes","8":"first","9":"instock","10":"sale","11":"shipping-taxable","12":"purchasable","13":"product-type-variable","14":"entry","15":"content-bg","16":"loop-entry"},"_links":{"self":[{"href":"https:\/\/checkout.luxaurabag.com\/sv\/wp-json\/wp\/v2\/product\/4297","targetHints":{"allow":["GET"]}}],"collection":[{"href":"https:\/\/checkout.luxaurabag.com\/sv\/wp-json\/wp\/v2\/product"}],"about":[{"href":"https:\/\/checkout.luxaurabag.com\/sv\/wp-json\/wp\/v2\/types\/product"}],"replies":[{"embeddable":true,"href":"https:\/\/checkout.luxaurabag.com\/sv\/wp-json\/wp\/v2\/comments?post=4297"}],"wp:featuredmedia":[{"embeddable":true,"href":"https:\/\/checkout.luxaurabag.com\/sv\/wp-json\/wp\/v2\/media\/4909"}],"wp:attachment":[{"href":"https:\/\/checkout.luxaurabag.com\/sv\/wp-json\/wp\/v2\/media?parent=4297"}],"wp:term":[{"taxonomy":"product_brand","embeddable":true,"href":"https:\/\/checkout.luxaurabag.com\/sv\/wp-json\/wp\/v2\/product_brand?post=4297"},{"taxonomy":"product_cat","embeddable":true,"href":"https:\/\/checkout.luxaurabag.com\/sv\/wp-json\/wp\/v2\/product_cat?post=4297"},{"taxonomy":"product_tag","embeddable":true,"href":"https:\/\/checkout.luxaurabag.com\/sv\/wp-json\/wp\/v2\/product_tag?post=4297"}],"curies":[{"name":"wp","href":"https:\/\/api.w.org\/{rel}","templated":true}]}}