{"id":4220,"date":"2025-08-26T16:19:58","date_gmt":"2025-08-26T16:19:58","guid":{"rendered":"https:\/\/zoyaedit.com\/product\/district-low-top-canvas-sneaker\/"},"modified":"2025-08-31T18:06:26","modified_gmt":"2025-08-31T18:06:26","slug":"district-low-top-canvas-sneaker","status":"publish","type":"product","link":"https:\/\/checkout.luxaurabag.com\/sv\/produkt\/district-low-top-canvas-sneaker\/","title":{"rendered":"District Low-Top Canvas Sneaker"},"content":{"rendered":"<p data-end='1145' data-start='804'>En klassiker omarbetad med lager-paneldetaljer, subtil f\u00e4rgblockering och en skulpterad gummisula. Materialen talar sitt tydliga spr\u00e5k - matt canvas, mocka och f\u00f6rst\u00e4rkta s\u00f6mmar. Den \u00e4r snygg direkt ur l\u00e5dan och \u00e4nnu snyggare n\u00e4r du b\u00e4r den.<\/p>\n<ul>\n<li><meta charset='utf-8'>Ovandel i premiumkanvas<\/li>\n<li><meta charset='utf-8'>Tv\u00e5f\u00e4rgad kontrastklack<\/li>\n<li><meta charset='utf-8'>Mjukt vadderad innersula med st\u00f6td\u00e4mpning<\/li>\n<li><meta charset='utf-8'>Yttersula i texturerat, slitstarkt gummi<\/li>\n<li><meta charset='utf-8'>Slitstark sydd konstruktion<meta charset='utf-8'> <\/li>\n<li><meta charset='utf-8'> <span>Andningsbar och bekv\u00e4m att b\u00e4ra<\/span><meta charset='utf-8'> <\/li>\n<li><meta charset='utf-8'>F\u00f6rst\u00e4rkt t\u00e5h\u00e4tta<\/li>\n<\/ul>","protected":false},"excerpt":{"rendered":"<p>En klassiker omarbetad med lager-paneldetaljer, subtil f\u00e4rgblockering och en skulpterad gummisula. Materialen talar sitt tydliga spr\u00e5k - matt canvas, mocka och f\u00f6rst\u00e4rkta s\u00f6mmar. Den ser snygg ut direkt ur l\u00e5dan och \u00e4nnu snyggare n\u00e4r den \u00e4r p\u00e5kl\u00e4dd. Ovandel i premiumkanvas Tv\u00e5f\u00e4rgad kontrastklack Mjukt vadderad innersula Texturerad, slitstark yttersula i gummi Slitstark konstruktion med s\u00f6mmar Andningsaktiv och bekv\u00e4m...<\/p>","protected":false},"featured_media":4887,"comment_status":"open","ping_status":"closed","template":"","meta":{"_kad_post_transparent":"","_kad_post_title":"","_kad_post_layout":"","_kad_post_sidebar_id":"","_kad_post_content_style":"","_kad_post_vertical_padding":"","_kad_post_feature":"","_kad_post_feature_position":"","_kad_post_header":false,"_kad_post_footer":false},"product_brand":[],"product_cat":[88],"product_tag":[],"class_list":{"0":"post-4220","1":"product","2":"type-product","3":"status-publish","4":"has-post-thumbnail","6":"product_cat-shoes","8":"first","9":"instock","10":"sale","11":"shipping-taxable","12":"purchasable","13":"product-type-variable","14":"entry","15":"content-bg","16":"loop-entry"},"_links":{"self":[{"href":"https:\/\/checkout.luxaurabag.com\/sv\/wp-json\/wp\/v2\/product\/4220","targetHints":{"allow":["GET"]}}],"collection":[{"href":"https:\/\/checkout.luxaurabag.com\/sv\/wp-json\/wp\/v2\/product"}],"about":[{"href":"https:\/\/checkout.luxaurabag.com\/sv\/wp-json\/wp\/v2\/types\/product"}],"replies":[{"embeddable":true,"href":"https:\/\/checkout.luxaurabag.com\/sv\/wp-json\/wp\/v2\/comments?post=4220"}],"wp:featuredmedia":[{"embeddable":true,"href":"https:\/\/checkout.luxaurabag.com\/sv\/wp-json\/wp\/v2\/media\/4887"}],"wp:attachment":[{"href":"https:\/\/checkout.luxaurabag.com\/sv\/wp-json\/wp\/v2\/media?parent=4220"}],"wp:term":[{"taxonomy":"product_brand","embeddable":true,"href":"https:\/\/checkout.luxaurabag.com\/sv\/wp-json\/wp\/v2\/product_brand?post=4220"},{"taxonomy":"product_cat","embeddable":true,"href":"https:\/\/checkout.luxaurabag.com\/sv\/wp-json\/wp\/v2\/product_cat?post=4220"},{"taxonomy":"product_tag","embeddable":true,"href":"https:\/\/checkout.luxaurabag.com\/sv\/wp-json\/wp\/v2\/product_tag?post=4220"}],"curies":[{"name":"wp","href":"https:\/\/api.w.org\/{rel}","templated":true}]}}