{"id":4185,"date":"2025-08-26T16:19:56","date_gmt":"2025-08-26T16:19:56","guid":{"rendered":"https:\/\/zoyaedit.com\/product\/loafers-1\/"},"modified":"2025-08-31T18:06:21","modified_gmt":"2025-08-31T18:06:21","slug":"loafers-1","status":"publish","type":"product","link":"https:\/\/checkout.luxaurabag.com\/sv\/produkt\/loafers-1\/","title":{"rendered":"Dalton Loafer med kontrasterande sp\u00e4nne"},"content":{"rendered":"<p class='' data-end='1135' data-start='863'>Dessa tv\u00e5f\u00e4rgade loafers har en sl\u00e5ende design med dubbla monkband och blandar rik mocka med texturerad canvas f\u00f6r en raffinerad men \u00e4nd\u00e5 dj\u00e4rv look. Designad f\u00f6r komfort hela dagen med en skarp look som enkelt lyfter alla outfits.<\/p>\n<ul>\n<li data-end='1135' data-start='863'><meta charset='utf-8'> <span>T<meta charset='utf-8'>tv\u00e5f\u00e4rgad f\u00e4rgblockdesign<\/span><\/li>\n<li data-end='1135' data-start='863'><span><meta charset='utf-8'>Ovandel i premiumkanvas och mocka<\/span><\/li>\n<li data-end='1135' data-start='863'><span><meta charset='utf-8'>Slip-on med l\u00e5g profil<\/span><\/li>\n<li data-end='1135' data-start='863'><span>Dubbel monk-rem\u00a0<\/span><\/li>\n<li><span>D\u00e4mpad innersula<\/span><\/li>\n<\/ul>","protected":false},"excerpt":{"rendered":"<p>Dessa tv\u00e5f\u00e4rgade loafers har en sl\u00e5ende design med dubbla monkband och blandar rik mocka med texturerad canvas f\u00f6r en raffinerad men \u00e4nd\u00e5 dj\u00e4rv look. Designad f\u00f6r komfort hela dagen med en skarp look som enkelt lyfter alla outfits. Tv\u00e5f\u00e4rgad f\u00e4rgblocksdesign Ovandel i premiumkanvas och mocka L\u00e5gprofilerad slip-on Dubbel monk-rem D\u00e4mpad innersula<\/p>","protected":false},"featured_media":4876,"comment_status":"open","ping_status":"closed","template":"","meta":{"_kad_post_transparent":"","_kad_post_title":"","_kad_post_layout":"","_kad_post_sidebar_id":"","_kad_post_content_style":"","_kad_post_vertical_padding":"","_kad_post_feature":"","_kad_post_feature_position":"","_kad_post_header":false,"_kad_post_footer":false},"product_brand":[],"product_cat":[88],"product_tag":[],"class_list":{"0":"post-4185","1":"product","2":"type-product","3":"status-publish","4":"has-post-thumbnail","6":"product_cat-shoes","8":"first","9":"instock","10":"sale","11":"shipping-taxable","12":"purchasable","13":"product-type-variable","14":"entry","15":"content-bg","16":"loop-entry"},"_links":{"self":[{"href":"https:\/\/checkout.luxaurabag.com\/sv\/wp-json\/wp\/v2\/product\/4185","targetHints":{"allow":["GET"]}}],"collection":[{"href":"https:\/\/checkout.luxaurabag.com\/sv\/wp-json\/wp\/v2\/product"}],"about":[{"href":"https:\/\/checkout.luxaurabag.com\/sv\/wp-json\/wp\/v2\/types\/product"}],"replies":[{"embeddable":true,"href":"https:\/\/checkout.luxaurabag.com\/sv\/wp-json\/wp\/v2\/comments?post=4185"}],"wp:featuredmedia":[{"embeddable":true,"href":"https:\/\/checkout.luxaurabag.com\/sv\/wp-json\/wp\/v2\/media\/4876"}],"wp:attachment":[{"href":"https:\/\/checkout.luxaurabag.com\/sv\/wp-json\/wp\/v2\/media?parent=4185"}],"wp:term":[{"taxonomy":"product_brand","embeddable":true,"href":"https:\/\/checkout.luxaurabag.com\/sv\/wp-json\/wp\/v2\/product_brand?post=4185"},{"taxonomy":"product_cat","embeddable":true,"href":"https:\/\/checkout.luxaurabag.com\/sv\/wp-json\/wp\/v2\/product_cat?post=4185"},{"taxonomy":"product_tag","embeddable":true,"href":"https:\/\/checkout.luxaurabag.com\/sv\/wp-json\/wp\/v2\/product_tag?post=4185"}],"curies":[{"name":"wp","href":"https:\/\/api.w.org\/{rel}","templated":true}]}}