{"id":4142,"date":"2025-08-26T16:19:53","date_gmt":"2025-08-26T16:19:53","guid":{"rendered":"https:\/\/zoyaedit.com\/product\/1-49\/"},"modified":"2025-08-31T18:06:19","modified_gmt":"2025-08-31T18:06:19","slug":"1-49","status":"publish","type":"product","link":"https:\/\/checkout.luxaurabag.com\/sv\/produkt\/1-49\/","title":{"rendered":"Cliffborn K\u00e4nga Loafer"},"content":{"rendered":"<p>Tuffa som st\u00f6vlar, l\u00e4tta som sneakers. Dessa slip-ons \u00e4r byggda med en robust yttersula och handsydd ovandel f\u00f6r seri\u00f6s h\u00e5llbarhet, men v\u00e4ger mindre \u00e4n din genomsnittliga l\u00f6pare. Med ventilerande mesh, d\u00e4mpade innersulor och en flexibel halkskyddad sula f\u00e5r du komfort, grepp och en snygg look som passar fr\u00e5n gatan till sp\u00e5ret.<\/p>\n<ul>\n<li>Ovandel i premium veganskt l\u00e4der<\/li>\n<li>Ultral\u00e4tt och andningsbar<\/li>\n<li data-end='687' data-start='630'>Ventilations\u00f6ppningar i ventilerande n\u00e4t<meta charset='utf-8'><\/li>\n<li>Flexibel och halkskyddad yttersula i gummi<\/li>\n<li data-end='687' data-start='630'>D\u00e4mpad innersula<\/li>\n<li data-end='842' data-start='805'>Enkel slip-on-design<\/li>\n<\/ul>","protected":false},"excerpt":{"rendered":"<p>Tuffa som st\u00f6vlar, l\u00e4tta som sneakers. Dessa slip-ons \u00e4r byggda med en robust yttersula och handsydd ovandel f\u00f6r seri\u00f6s h\u00e5llbarhet, men v\u00e4ger mindre \u00e4n din genomsnittliga l\u00f6pare. Med ventilerande mesh, d\u00e4mpade innersulor och en flexibel halkskyddad sula f\u00e5r du komfort, grepp och en skarp look som g\u00e5r fr\u00e5n gata till stig. Ovandel i premium veganl\u00e4der...<\/p>","protected":false},"featured_media":4830,"comment_status":"open","ping_status":"closed","template":"","meta":{"_kad_post_transparent":"","_kad_post_title":"","_kad_post_layout":"","_kad_post_sidebar_id":"","_kad_post_content_style":"","_kad_post_vertical_padding":"","_kad_post_feature":"","_kad_post_feature_position":"","_kad_post_header":false,"_kad_post_footer":false},"product_brand":[],"product_cat":[88],"product_tag":[],"class_list":{"0":"post-4142","1":"product","2":"type-product","3":"status-publish","4":"has-post-thumbnail","6":"product_cat-shoes","8":"first","9":"instock","10":"sale","11":"shipping-taxable","12":"purchasable","13":"product-type-variable","14":"entry","15":"content-bg","16":"loop-entry"},"_links":{"self":[{"href":"https:\/\/checkout.luxaurabag.com\/sv\/wp-json\/wp\/v2\/product\/4142","targetHints":{"allow":["GET"]}}],"collection":[{"href":"https:\/\/checkout.luxaurabag.com\/sv\/wp-json\/wp\/v2\/product"}],"about":[{"href":"https:\/\/checkout.luxaurabag.com\/sv\/wp-json\/wp\/v2\/types\/product"}],"replies":[{"embeddable":true,"href":"https:\/\/checkout.luxaurabag.com\/sv\/wp-json\/wp\/v2\/comments?post=4142"}],"wp:featuredmedia":[{"embeddable":true,"href":"https:\/\/checkout.luxaurabag.com\/sv\/wp-json\/wp\/v2\/media\/4830"}],"wp:attachment":[{"href":"https:\/\/checkout.luxaurabag.com\/sv\/wp-json\/wp\/v2\/media?parent=4142"}],"wp:term":[{"taxonomy":"product_brand","embeddable":true,"href":"https:\/\/checkout.luxaurabag.com\/sv\/wp-json\/wp\/v2\/product_brand?post=4142"},{"taxonomy":"product_cat","embeddable":true,"href":"https:\/\/checkout.luxaurabag.com\/sv\/wp-json\/wp\/v2\/product_cat?post=4142"},{"taxonomy":"product_tag","embeddable":true,"href":"https:\/\/checkout.luxaurabag.com\/sv\/wp-json\/wp\/v2\/product_tag?post=4142"}],"curies":[{"name":"wp","href":"https:\/\/api.w.org\/{rel}","templated":true}]}}