{"id":4107,"date":"2025-08-26T16:19:52","date_gmt":"2025-08-26T16:19:52","guid":{"rendered":"https:\/\/zoyaedit.com\/product\/castellano-leather-sandal\/"},"modified":"2025-08-31T18:06:16","modified_gmt":"2025-08-31T18:06:16","slug":"castellano-leather-sandal","status":"publish","type":"product","link":"https:\/\/checkout.luxaurabag.com\/sv\/produkt\/castellano-leather-sandal\/","title":{"rendered":"Castellano Sandal i l\u00e4der"},"content":{"rendered":"<p data-start='0' data-end='304'>Sliten komfort fr\u00e5n dag ett. Dessa sandaler har korsremmar i koskinn med en naturligt \u00e5ldrad look och en fotb\u00e4dd i \u00e4kta l\u00e4der som mjuknar och formar sig efter din fot. De \u00e4r gjorda f\u00f6r vardagsbruk och h\u00e5ller f\u00f6r o\u00e4ndliga somrar utan att f\u00f6rlora sin form - eller sina f\u00f6rdelar.<\/p>\n<ul>\n<li><meta charset='utf-8'>\u00c4kta l\u00e4der<\/li>\n<li><meta charset='utf-8'> <meta charset='utf-8'>Snyggt v\u00e4vt korsband<\/li>\n<li><meta charset='utf-8'> <meta charset='utf-8'>Mjukt vadderad fotb\u00e4dd<meta charset='utf-8'> <\/li>\n<li><meta charset='utf-8'>Handstickade detaljer<\/li>\n<li><meta charset='utf-8'>Halkfri gummisula<meta charset='utf-8'><strong data-start='419' data-end='438'><\/strong><\/li>\n<\/ul>","protected":false},"excerpt":{"rendered":"<p>Sliten komfort fr\u00e5n dag ett. De h\u00e4r sandalerna har korsremmar i koskinn med en naturligt \u00e5ldrad look och en fotb\u00e4dd i \u00e4kta l\u00e4der som mjuknar och formar sig efter din fot. De \u00e4r gjorda f\u00f6r vardagsbruk och h\u00e5ller f\u00f6r o\u00e4ndliga somrar utan att f\u00f6rlora sin form - eller sina f\u00f6rdelar. \u00c4kta l\u00e4der Snyggt v\u00e4vt korsband Mjukt vadderad fotb\u00e4dd Handstickade detaljer Halkfria...<\/p>","protected":false},"featured_media":4810,"comment_status":"open","ping_status":"closed","template":"","meta":{"_kad_post_transparent":"","_kad_post_title":"","_kad_post_layout":"","_kad_post_sidebar_id":"","_kad_post_content_style":"","_kad_post_vertical_padding":"","_kad_post_feature":"","_kad_post_feature_position":"","_kad_post_header":false,"_kad_post_footer":false},"product_brand":[],"product_cat":[88],"product_tag":[],"class_list":{"0":"post-4107","1":"product","2":"type-product","3":"status-publish","4":"has-post-thumbnail","6":"product_cat-shoes","8":"first","9":"instock","10":"sale","11":"shipping-taxable","12":"purchasable","13":"product-type-variable","14":"entry","15":"content-bg","16":"loop-entry"},"_links":{"self":[{"href":"https:\/\/checkout.luxaurabag.com\/sv\/wp-json\/wp\/v2\/product\/4107","targetHints":{"allow":["GET"]}}],"collection":[{"href":"https:\/\/checkout.luxaurabag.com\/sv\/wp-json\/wp\/v2\/product"}],"about":[{"href":"https:\/\/checkout.luxaurabag.com\/sv\/wp-json\/wp\/v2\/types\/product"}],"replies":[{"embeddable":true,"href":"https:\/\/checkout.luxaurabag.com\/sv\/wp-json\/wp\/v2\/comments?post=4107"}],"wp:featuredmedia":[{"embeddable":true,"href":"https:\/\/checkout.luxaurabag.com\/sv\/wp-json\/wp\/v2\/media\/4810"}],"wp:attachment":[{"href":"https:\/\/checkout.luxaurabag.com\/sv\/wp-json\/wp\/v2\/media?parent=4107"}],"wp:term":[{"taxonomy":"product_brand","embeddable":true,"href":"https:\/\/checkout.luxaurabag.com\/sv\/wp-json\/wp\/v2\/product_brand?post=4107"},{"taxonomy":"product_cat","embeddable":true,"href":"https:\/\/checkout.luxaurabag.com\/sv\/wp-json\/wp\/v2\/product_cat?post=4107"},{"taxonomy":"product_tag","embeddable":true,"href":"https:\/\/checkout.luxaurabag.com\/sv\/wp-json\/wp\/v2\/product_tag?post=4107"}],"curies":[{"name":"wp","href":"https:\/\/api.w.org\/{rel}","templated":true}]}}