{"id":4072,"date":"2025-08-26T16:19:50","date_gmt":"2025-08-26T16:19:50","guid":{"rendered":"https:\/\/zoyaedit.com\/product\/castellano-croc-boots\/"},"modified":"2025-08-31T18:06:14","modified_gmt":"2025-08-31T18:06:14","slug":"castellano-croc-boots","status":"publish","type":"product","link":"https:\/\/checkout.luxaurabag.com\/sv\/produkt\/castellano-croc-boots\/","title":{"rendered":"Castellano krokodilst\u00f6vel"},"content":{"rendered":"<p>Ta ett sofistikerat steg med dessa krokpr\u00e4glade l\u00e4derst\u00f6vlar, skapade f\u00f6r den moderna trends\u00e4ttaren. Med en sl\u00e5ende alligatorinspirerad textur och en snygg, polerad finish ger dessa st\u00f6vlar omedelbar elegans till alla kl\u00e4der. De \u00e4r designade med en bekv\u00e4m midblock-klack som ger precis r\u00e4tt lyft samtidigt som de kan b\u00e4ras hela dagen. En smidig dragkedja i sidan g\u00f6r det enkelt att ta av och p\u00e5 skorna, medan det f\u00f6rstklassiga hantverket garanterar h\u00e5llbarhet.\u00a0<\/p>\n<ul>\n<li>Lyxigt krokpr\u00e4glat l\u00e4der<\/li>\n<li>Bekv\u00e4m midblock-klack<\/li>\n<li>Dragkedja p\u00e5 sidan<\/li>\n<li>M\u00e5ngsidig design<\/li>\n<li>H\u00f6gklassiga material<\/li>\n<\/ul>","protected":false},"excerpt":{"rendered":"<p>Ta ett sofistikerat steg med dessa ankelboots i krokpr\u00e4glat l\u00e4der, skapade f\u00f6r den moderna trends\u00e4ttaren. Med en sl\u00e5ende alligatorinspirerad textur och en snygg, polerad finish ger dessa st\u00f6vlar omedelbar elegans till alla kl\u00e4der. De \u00e4r designade med en bekv\u00e4m midblock-klack som ger precis r\u00e4tt lyft samtidigt som de kan b\u00e4ras hela dagen. En smidig dragkedja i sidan g\u00f6r att du enkelt kan ta p\u00e5 och av dem...<\/p>","protected":false},"featured_media":4792,"comment_status":"open","ping_status":"closed","template":"","meta":{"_kad_post_transparent":"","_kad_post_title":"","_kad_post_layout":"","_kad_post_sidebar_id":"","_kad_post_content_style":"","_kad_post_vertical_padding":"","_kad_post_feature":"","_kad_post_feature_position":"","_kad_post_header":false,"_kad_post_footer":false},"product_brand":[],"product_cat":[88],"product_tag":[],"class_list":{"0":"post-4072","1":"product","2":"type-product","3":"status-publish","4":"has-post-thumbnail","6":"product_cat-shoes","8":"first","9":"instock","10":"sale","11":"shipping-taxable","12":"purchasable","13":"product-type-variable","14":"entry","15":"content-bg","16":"loop-entry"},"_links":{"self":[{"href":"https:\/\/checkout.luxaurabag.com\/sv\/wp-json\/wp\/v2\/product\/4072","targetHints":{"allow":["GET"]}}],"collection":[{"href":"https:\/\/checkout.luxaurabag.com\/sv\/wp-json\/wp\/v2\/product"}],"about":[{"href":"https:\/\/checkout.luxaurabag.com\/sv\/wp-json\/wp\/v2\/types\/product"}],"replies":[{"embeddable":true,"href":"https:\/\/checkout.luxaurabag.com\/sv\/wp-json\/wp\/v2\/comments?post=4072"}],"wp:featuredmedia":[{"embeddable":true,"href":"https:\/\/checkout.luxaurabag.com\/sv\/wp-json\/wp\/v2\/media\/4792"}],"wp:attachment":[{"href":"https:\/\/checkout.luxaurabag.com\/sv\/wp-json\/wp\/v2\/media?parent=4072"}],"wp:term":[{"taxonomy":"product_brand","embeddable":true,"href":"https:\/\/checkout.luxaurabag.com\/sv\/wp-json\/wp\/v2\/product_brand?post=4072"},{"taxonomy":"product_cat","embeddable":true,"href":"https:\/\/checkout.luxaurabag.com\/sv\/wp-json\/wp\/v2\/product_cat?post=4072"},{"taxonomy":"product_tag","embeddable":true,"href":"https:\/\/checkout.luxaurabag.com\/sv\/wp-json\/wp\/v2\/product_tag?post=4072"}],"curies":[{"name":"wp","href":"https:\/\/api.w.org\/{rel}","templated":true}]}}