{"id":3949,"date":"2025-08-26T16:19:45","date_gmt":"2025-08-26T16:19:45","guid":{"rendered":"https:\/\/zoyaedit.com\/product\/camden-ribbed-corduroy-slides\/"},"modified":"2025-08-31T18:06:11","modified_gmt":"2025-08-31T18:06:11","slug":"camden-ribbed-corduroy-slides","status":"publish","type":"product","link":"https:\/\/checkout.luxaurabag.com\/sv\/produkt\/camden-ribbed-corduroy-slides\/","title":{"rendered":"Camden Slides i ribbad manchester"},"content":{"rendered":"<p><meta charset='UTF-8'><span>Dessa tofflor \u00e4r kl\u00e4dda i mjuk ribbad manchester och f\u00f6rh\u00f6jer den vardagliga avkopplingen med plyschig textur och komfort hela dagen. Den upph\u00f6jda ribbningen masserar f\u00f6rsiktigt dina f\u00f6tter, medan fj\u00e4drande d\u00e4mpning ger viktl\u00f6st st\u00f6d. Andas, svalkar och \u00e4r<meta charset='utf-8'>med halkfria sulor f\u00f6r lugn och s\u00e4ker r\u00f6relse - gjorda f\u00f6r att slappna av hela dagen.<br \/><\/span><\/p>\n<ul>\n<li>Unisex<\/li>\n<li><meta charset='utf-8'>Mjuk ribbad manchester<\/li>\n<li><meta charset='utf-8'>Molnliknande st\u00f6td\u00e4mpning<meta charset='utf-8'> <meta charset='utf-8'> <meta charset='utf-8'> <\/li>\n<li>Andningsbar och l\u00e4ttviktig<meta charset='utf-8'><\/li>\n<li><meta charset='utf-8'>Halkfri texturerad sula<\/li>\n<li><meta charset='utf-8'>Kan tv\u00e4ttas i maskin<meta charset='utf-8'><\/li>\n<\/ul>","protected":false},"excerpt":{"rendered":"<p>Dessa tofflor \u00e4r kl\u00e4dda i mjuk ribbad manchester och f\u00f6rh\u00f6jer den vardagliga avkopplingen med plyschig textur och komfort hela dagen. Den upph\u00f6jda ribbningen masserar f\u00f6rsiktigt dina f\u00f6tter, medan fj\u00e4drande d\u00e4mpning ger viktl\u00f6st st\u00f6d. De andas, \u00e4r svala och har halkfria sulor f\u00f6r tyst och s\u00e4ker r\u00f6relse - som gjorda f\u00f6r avkoppling hela dagen. Unisex Plyschig ribbad manchester Molnliknande d\u00e4mpning Andas och \u00e4r l\u00e4tta Halkfri texturerad sula...<\/p>","protected":false},"featured_media":4758,"comment_status":"open","ping_status":"closed","template":"","meta":{"_kad_post_transparent":"","_kad_post_title":"","_kad_post_layout":"","_kad_post_sidebar_id":"","_kad_post_content_style":"","_kad_post_vertical_padding":"","_kad_post_feature":"","_kad_post_feature_position":"","_kad_post_header":false,"_kad_post_footer":false},"product_brand":[],"product_cat":[88],"product_tag":[],"class_list":{"0":"post-3949","1":"product","2":"type-product","3":"status-publish","4":"has-post-thumbnail","6":"product_cat-shoes","8":"first","9":"instock","10":"sale","11":"shipping-taxable","12":"purchasable","13":"product-type-variable","14":"entry","15":"content-bg","16":"loop-entry"},"_links":{"self":[{"href":"https:\/\/checkout.luxaurabag.com\/sv\/wp-json\/wp\/v2\/product\/3949","targetHints":{"allow":["GET"]}}],"collection":[{"href":"https:\/\/checkout.luxaurabag.com\/sv\/wp-json\/wp\/v2\/product"}],"about":[{"href":"https:\/\/checkout.luxaurabag.com\/sv\/wp-json\/wp\/v2\/types\/product"}],"replies":[{"embeddable":true,"href":"https:\/\/checkout.luxaurabag.com\/sv\/wp-json\/wp\/v2\/comments?post=3949"}],"wp:featuredmedia":[{"embeddable":true,"href":"https:\/\/checkout.luxaurabag.com\/sv\/wp-json\/wp\/v2\/media\/4758"}],"wp:attachment":[{"href":"https:\/\/checkout.luxaurabag.com\/sv\/wp-json\/wp\/v2\/media?parent=3949"}],"wp:term":[{"taxonomy":"product_brand","embeddable":true,"href":"https:\/\/checkout.luxaurabag.com\/sv\/wp-json\/wp\/v2\/product_brand?post=3949"},{"taxonomy":"product_cat","embeddable":true,"href":"https:\/\/checkout.luxaurabag.com\/sv\/wp-json\/wp\/v2\/product_cat?post=3949"},{"taxonomy":"product_tag","embeddable":true,"href":"https:\/\/checkout.luxaurabag.com\/sv\/wp-json\/wp\/v2\/product_tag?post=3949"}],"curies":[{"name":"wp","href":"https:\/\/api.w.org\/{rel}","templated":true}]}}