{"id":3864,"date":"2025-08-26T16:19:41","date_gmt":"2025-08-26T16:19:41","guid":{"rendered":"https:\/\/zoyaedit.com\/product\/atlas-handcrafted-leather-boot-copy\/"},"modified":"2025-08-31T18:06:02","modified_gmt":"2025-08-31T18:06:02","slug":"atlas-handcrafted-leather-boot-copy","status":"publish","type":"product","link":"https:\/\/checkout.luxaurabag.com\/sv\/produkt\/atlas-handcrafted-leather-boot-copy\/","title":{"rendered":"Barock Tassel Loafer"},"content":{"rendered":"<p>Dessa loafers i fullnarvskinn \u00e4r designade f\u00f6r den kr\u00e4sne gentlemannen och kombinerar vintagehantverk med modern stil. Med sin eleganta tofsdetalj, handbr\u00e4nda finish och o\u00f6vertr\u00e4ffade komfort lyfter dessa loafers varje outfit direkt. <meta charset='utf-8'>Den fyrkantiga t\u00e5n och den intrikata designen med flera stygn ger en raffinerad balans mellan modern sofistikering och tidl\u00f6st hantverk. Perfekta f\u00f6r styrelserum eller utekv\u00e4llar, de utstr\u00e5lar sj\u00e4lvf\u00f6rtroende, klass och enkel charm.<\/p>\n<ul>\n<li>Premium fullkornigt handbr\u00e4nt l\u00e4der<\/li>\n<li>Fyrkantig t\u00e5 och tofsar som accentuerar<\/li>\n<li>F\u00f6rst\u00e4rkt konstruktion med flera s\u00f6mmar<\/li>\n<li>D\u00e4mpad innersula<\/li>\n<li>Halkskyddad sula<\/li>\n<\/ul>","protected":false},"excerpt":{"rendered":"<p>Dessa loafers i fullnarvskinn \u00e4r designade f\u00f6r den kr\u00e4sne gentlemannen och kombinerar vintagehantverk med modern stil. Med sin eleganta tofsdetalj, handbr\u00e4nda finish och o\u00f6vertr\u00e4ffade komfort lyfter dessa loafers varje outfit direkt. Den fyrkantiga t\u00e5n och den intrikata designen med flera stygn ger en raffinerad balans mellan modern sofistikering och tidl\u00f6st hantverk. Perfekta f\u00f6r styrelserum eller utekv\u00e4llar, de utstr\u00e5lar...<\/p>","protected":false},"featured_media":4714,"comment_status":"open","ping_status":"closed","template":"","meta":{"_kad_post_transparent":"","_kad_post_title":"","_kad_post_layout":"","_kad_post_sidebar_id":"","_kad_post_content_style":"","_kad_post_vertical_padding":"","_kad_post_feature":"","_kad_post_feature_position":"","_kad_post_header":false,"_kad_post_footer":false},"product_brand":[],"product_cat":[88],"product_tag":[],"class_list":{"0":"post-3864","1":"product","2":"type-product","3":"status-publish","4":"has-post-thumbnail","6":"product_cat-shoes","8":"first","9":"instock","10":"sale","11":"shipping-taxable","12":"purchasable","13":"product-type-variable","14":"entry","15":"content-bg","16":"loop-entry"},"_links":{"self":[{"href":"https:\/\/checkout.luxaurabag.com\/sv\/wp-json\/wp\/v2\/product\/3864","targetHints":{"allow":["GET"]}}],"collection":[{"href":"https:\/\/checkout.luxaurabag.com\/sv\/wp-json\/wp\/v2\/product"}],"about":[{"href":"https:\/\/checkout.luxaurabag.com\/sv\/wp-json\/wp\/v2\/types\/product"}],"replies":[{"embeddable":true,"href":"https:\/\/checkout.luxaurabag.com\/sv\/wp-json\/wp\/v2\/comments?post=3864"}],"wp:featuredmedia":[{"embeddable":true,"href":"https:\/\/checkout.luxaurabag.com\/sv\/wp-json\/wp\/v2\/media\/4714"}],"wp:attachment":[{"href":"https:\/\/checkout.luxaurabag.com\/sv\/wp-json\/wp\/v2\/media?parent=3864"}],"wp:term":[{"taxonomy":"product_brand","embeddable":true,"href":"https:\/\/checkout.luxaurabag.com\/sv\/wp-json\/wp\/v2\/product_brand?post=3864"},{"taxonomy":"product_cat","embeddable":true,"href":"https:\/\/checkout.luxaurabag.com\/sv\/wp-json\/wp\/v2\/product_cat?post=3864"},{"taxonomy":"product_tag","embeddable":true,"href":"https:\/\/checkout.luxaurabag.com\/sv\/wp-json\/wp\/v2\/product_tag?post=3864"}],"curies":[{"name":"wp","href":"https:\/\/api.w.org\/{rel}","templated":true}]}}