{"id":3949,"date":"2025-08-26T16:19:45","date_gmt":"2025-08-26T16:19:45","guid":{"rendered":"https:\/\/zoyaedit.com\/product\/camden-ribbed-corduroy-slides\/"},"modified":"2025-08-31T18:06:11","modified_gmt":"2025-08-31T18:06:11","slug":"camden-ribbed-corduroy-slides","status":"publish","type":"product","link":"https:\/\/checkout.luxaurabag.com\/pt\/produto\/camden-ribbed-corduroy-slides\/","title":{"rendered":"Slides de bombazina com nervuras Camden"},"content":{"rendered":"<p><meta charset='UTF-8'><span>Envolvidas na suavidade da bombazina canelada, estas pantufas elevam a descontra\u00e7\u00e3o quotidiana com uma textura de pel\u00facia e conforto durante todo o dia. As nervuras em relevo massajam suavemente os p\u00e9s, enquanto o amortecimento com molas proporciona um apoio sem peso. Respir\u00e1veis, frescas e<meta charset='utf-8'>com solas antiderrapantes para um movimento silencioso e seguro - feitas para descansar durante todo o dia.<br \/><\/span><\/p>\n<ul>\n<li>Unissexo<\/li>\n<li><meta charset='utf-8'>Veludo cotel\u00ea com nervuras em pel\u00facia<\/li>\n<li><meta charset='utf-8'>Amortecimento tipo nuvem<meta charset='utf-8'> <meta charset='utf-8'> <meta charset='utf-8'> <\/li>\n<li>Respir\u00e1vel e leve<meta charset='utf-8'><\/li>\n<li><meta charset='utf-8'>Sola com textura antiderrapante<\/li>\n<li><meta charset='utf-8'>Lav\u00e1vel \u00e0 m\u00e1quina<meta charset='utf-8'><\/li>\n<\/ul>","protected":false},"excerpt":{"rendered":"<p>Envolvidas na suavidade da bombazina canelada, estas pantufas elevam a descontra\u00e7\u00e3o quotidiana com uma textura de pel\u00facia e conforto durante todo o dia. As nervuras em relevo massajam suavemente os seus p\u00e9s, enquanto o amortecimento com molas proporciona um apoio sem peso. Respir\u00e1veis, frescas e com solas antiderrapantes para movimentos silenciosos e seguros - feitas para relaxar durante todo o dia. Unisexo Veludo cotel\u00ea com nervuras de pel\u00facia Amortecimento tipo nuvem Respir\u00e1vel e leve Sola texturada antiderrapante...<\/p>","protected":false},"featured_media":4758,"comment_status":"open","ping_status":"closed","template":"","meta":{"_kad_post_transparent":"","_kad_post_title":"","_kad_post_layout":"","_kad_post_sidebar_id":"","_kad_post_content_style":"","_kad_post_vertical_padding":"","_kad_post_feature":"","_kad_post_feature_position":"","_kad_post_header":false,"_kad_post_footer":false},"product_brand":[],"product_cat":[88],"product_tag":[],"class_list":{"0":"post-3949","1":"product","2":"type-product","3":"status-publish","4":"has-post-thumbnail","6":"product_cat-shoes","8":"first","9":"instock","10":"sale","11":"shipping-taxable","12":"purchasable","13":"product-type-variable","14":"entry","15":"content-bg","16":"loop-entry"},"_links":{"self":[{"href":"https:\/\/checkout.luxaurabag.com\/pt\/wp-json\/wp\/v2\/product\/3949","targetHints":{"allow":["GET"]}}],"collection":[{"href":"https:\/\/checkout.luxaurabag.com\/pt\/wp-json\/wp\/v2\/product"}],"about":[{"href":"https:\/\/checkout.luxaurabag.com\/pt\/wp-json\/wp\/v2\/types\/product"}],"replies":[{"embeddable":true,"href":"https:\/\/checkout.luxaurabag.com\/pt\/wp-json\/wp\/v2\/comments?post=3949"}],"wp:featuredmedia":[{"embeddable":true,"href":"https:\/\/checkout.luxaurabag.com\/pt\/wp-json\/wp\/v2\/media\/4758"}],"wp:attachment":[{"href":"https:\/\/checkout.luxaurabag.com\/pt\/wp-json\/wp\/v2\/media?parent=3949"}],"wp:term":[{"taxonomy":"product_brand","embeddable":true,"href":"https:\/\/checkout.luxaurabag.com\/pt\/wp-json\/wp\/v2\/product_brand?post=3949"},{"taxonomy":"product_cat","embeddable":true,"href":"https:\/\/checkout.luxaurabag.com\/pt\/wp-json\/wp\/v2\/product_cat?post=3949"},{"taxonomy":"product_tag","embeddable":true,"href":"https:\/\/checkout.luxaurabag.com\/pt\/wp-json\/wp\/v2\/product_tag?post=3949"}],"curies":[{"name":"wp","href":"https:\/\/api.w.org\/{rel}","templated":true}]}}