{"id":3602,"date":"2025-08-26T15:11:45","date_gmt":"2025-08-26T15:11:45","guid":{"rendered":"https:\/\/zoyaedit.com\/product\/tall_brown_leather_tote_tassels_work_and_694837294\/"},"modified":"2025-08-31T18:05:56","modified_gmt":"2025-08-31T18:05:56","slug":"tall_brown_leather_tote_tassels_work_and_694837294","status":"publish","type":"product","link":"https:\/\/checkout.luxaurabag.com\/pt\/produto\/tall_brown_leather_tote_tassels_work_and_694837294\/","title":{"rendered":"Bolsa alta em pele castanha com borlas"},"content":{"rendered":"<p class='wt-text-body-01 wt-break-word' data-product-details-description-text-content=''>            Todos os nossos sacos s\u00e3o feitos por encomenda. O tempo de produ\u00e7\u00e3o \u00e9 de 3-5 dias \u00fateis, at\u00e9 7 dias para encomendas personalizadas. <\/p>\n<p>Se pretender a bolsa numa cor diferente, selecione uma op\u00e7\u00e3o da listagem abaixo  <\/p>\n<p>Adicionar forro a qualquer um dos nossos sacos<\/p>\n<p>FUNCIONALIDADE:<br \/>        - Escolha o tamanho que melhor se adapta \u00e0s suas necessidades<br \/>\t- Al\u00e7as de couro compridas por cima do ombro para usar sobre camadas\u00a0<br \/>\t- Os grandes bolsos interiores com fecho s\u00e3o muito pr\u00e1ticos para guardar as chaves, o batom, o iPhone e os \u00f3culos<br \/>\t- Peso leve, cerca de 1 1\/2 lb\u00a0<br \/>        - N\u00e3o h\u00e1 transfer\u00eancia de cor para a sua roupa. <br \/>        - \u00d3timo para todas as condi\u00e7\u00f5es climat\u00e9ricas, chuva ou neve.  Resiste a todas as agress\u00f5es e fica melhor com o tempo.<br \/>        - Perfeito para uso di\u00e1rio, trabalho, escola e viagens, \u00f3timo tamb\u00e9m para encontros noturnos. <br \/>        - A parte superior da bolsa tem uma op\u00e7\u00e3o de fecho de correr para manter os seus objectos importantes seguros.<\/p>\n<p>Medidas :<br \/>Saco alto com borlas em forma de folha<\/p>\n<p>Tamanho m\u00e9dio: (cabe um port\u00e1til de 17\", enche o saco at\u00e9 cima) + 2 livros, carteira, objectos mais pequenos nos bolsos<br \/>15 \"W x 14\" H x 4 \"D<br \/>(11\" W na parte inferior) <\/p>\n<p>queda da correia 11\"<\/p>\n<p>Tamanho grande :<br \/>17 \"W x 16 \"H x 4 \"D <\/p>\n<p>Pele castanha com seixos, com um bonito tom mais claro.<\/p>\n<p>A nossa pele de flor integral \u00e9 o tipo de pele de maior qualidade dispon\u00edvel, que se embeleza com o uso e a idade e que durar\u00e1 toda a vida.<\/p>\n<p>- Todas as nossas malas de couro s\u00e3o feitas \u00e0 m\u00e3o na nossa oficina na sec\u00e7\u00e3o Old City de Filad\u00e9lfia, PA<br \/>- Garantia vital\u00edcia! N\u00f3s reparamo-lo\/substitu\u00edmo-lo gratuitamente.  <br \/>- Fabricada em pele resistente e de longa dura\u00e7\u00e3o, que durar\u00e1 uma vida inteira. Couro de origem americana e curtido no Maine.<br \/>- Aceitam-se devolu\u00e7\u00f5es\/trocas com prazer<\/p>\n<p>Se pretender fazer altera\u00e7\u00f5es, adi\u00e7\u00f5es, incluindo fecho de correr, mola, borla, bolso(s) extra(s), forro, ajustes de tamanho, etc.<br \/>clique aqui \ud83d\udc47\ud83c\udffb<\/p>\n<p>\u25bcINSTAGRAM E FACEBOOK<br \/>Visite a nossa conta no Instagram para ver diariamente as novas malas, o criador, as peles e o processo.<br \/>https:\/\/www.instagram.com\/urbanartisanboutique\/<br \/>https:\/\/www.facebook.com\/URBANARTISANBOUTIQUE<\/p>\n<p>&gt;Sobre n\u00f3s&lt;\n\nTodas as nossas bolsas de couro s\u00e3o feitas \u00e0 m\u00e3o na nossa loja\/loja de tijolo e argamassa em Philadelphia PA. As nossas malas s\u00e3o medidas, cortadas, cosidas e cuidadosamente inspeccionadas pela Victoria, que desenha e cria todos os nossos artigos em pele.Cada bolsa \u00e9 \u00fanica, chamando a aten\u00e7\u00e3o com esquemas de cores interessantes, juntamente com belas texturas de couro e camur\u00e7a.<br \/>Tamb\u00e9m temos todo o gosto em discutir encomendas e pedidos personalizados. <br \/>Somos uma empresa 100% detida e gerida por mulheres. <\/p>\n<p>Tivemos a sorte de ser apresentados no Philly Voice!!!<br \/>https:\/\/www.phillyvoice.com\/an-urban-artisan-from-another-land-is-making-it-work-in-the-big-city-victoria-macbain\/<\/p>\n<p>&gt;Couro &lt;\n\nUsamos couro de gr\u00e3o integral para todas as nossas sacolas, que \u00e9 o couro mais forte e mais dur\u00e1vel dispon\u00edvel. Usamos couro verdadeiro que n\u00e3o foi lixado ou raspado e cada pe\u00e7a tem uma textura \u00fanica e imperfei\u00e7\u00f5es naturais. A pele de gr\u00e3o integral condiciona-se naturalmente com o uso, desenvolvendo uma p\u00e1tina muito procurada e um car\u00e1cter \u00fanico ao longo do tempo.<br \/>Todas as nossas malas em pele s\u00e3o criadas num ambiente totalmente livre de animais de estima\u00e7\u00e3o e de fumo.Esfor\u00e7amo-nos por tornar a sua experi\u00eancia especial e satisfazer todas as suas expectativas de qualidade.<\/p>\n<p>&gt;As nossas pol\u00edticas<\n\nPlease read about our shipping details and shop policies before purchasing your goodies in tab above titled &#8216;Shipping &#038; Policies&#8217;. We love our customers and want you to love your shopping experience with us as much as we love you, so please do read our policies and contact us with any questions or concerns you may have.\n\n>Impostos de importa\u00e7\u00e3o e alf\u00e2ndegas&lt;\n\n****Alguns pa\u00edses imp\u00f5em impostos de importa\u00e7\u00e3o sobre produtos fabricados nos EUA, que N\u00c3O est\u00e3o inclu\u00eddos nos nossos pre\u00e7os. Os compradores internacionais s\u00e3o respons\u00e1veis por quaisquer alf\u00e2ndegas e impostos que possam ser aplicados. Podem ocorrer atrasos devido \u00e0 alf\u00e2ndega. Por favor, deixe um n\u00famero de telefone ao comprar na nossa loja, isso pode acelerar o tempo de tr\u00e2nsito.***        <\/p>","protected":false},"excerpt":{"rendered":"<p>Todos os nossos sacos s\u00e3o feitos por encomenda. O tempo de produ\u00e7\u00e3o \u00e9 de 3-5 dias \u00fateis, at\u00e9 7 dias para encomendas personalizadas. Se quiser o saco numa cor diferente, escolha uma op\u00e7\u00e3o da listagem abaixo Adicionar forro a qualquer um dos nossos sacos FUNCIONALIDADE: - Escolha o tamanho que melhor se adapta \u00e0s suas necessidades...<\/p>","protected":false},"featured_media":3765,"comment_status":"open","ping_status":"closed","template":"","meta":{"_kad_post_transparent":"","_kad_post_title":"","_kad_post_layout":"","_kad_post_sidebar_id":"","_kad_post_content_style":"","_kad_post_vertical_padding":"","_kad_post_feature":"","_kad_post_feature_position":"","_kad_post_header":false,"_kad_post_footer":false},"product_brand":[],"product_cat":[75],"product_tag":[],"class_list":{"0":"post-3602","1":"product","2":"type-product","3":"status-publish","4":"has-post-thumbnail","6":"product_cat-bags","8":"first","9":"instock","10":"shipping-taxable","11":"purchasable","12":"product-type-variable","13":"entry","14":"content-bg","15":"loop-entry"},"_links":{"self":[{"href":"https:\/\/checkout.luxaurabag.com\/pt\/wp-json\/wp\/v2\/product\/3602","targetHints":{"allow":["GET"]}}],"collection":[{"href":"https:\/\/checkout.luxaurabag.com\/pt\/wp-json\/wp\/v2\/product"}],"about":[{"href":"https:\/\/checkout.luxaurabag.com\/pt\/wp-json\/wp\/v2\/types\/product"}],"replies":[{"embeddable":true,"href":"https:\/\/checkout.luxaurabag.com\/pt\/wp-json\/wp\/v2\/comments?post=3602"}],"wp:featuredmedia":[{"embeddable":true,"href":"https:\/\/checkout.luxaurabag.com\/pt\/wp-json\/wp\/v2\/media\/3765"}],"wp:attachment":[{"href":"https:\/\/checkout.luxaurabag.com\/pt\/wp-json\/wp\/v2\/media?parent=3602"}],"wp:term":[{"taxonomy":"product_brand","embeddable":true,"href":"https:\/\/checkout.luxaurabag.com\/pt\/wp-json\/wp\/v2\/product_brand?post=3602"},{"taxonomy":"product_cat","embeddable":true,"href":"https:\/\/checkout.luxaurabag.com\/pt\/wp-json\/wp\/v2\/product_cat?post=3602"},{"taxonomy":"product_tag","embeddable":true,"href":"https:\/\/checkout.luxaurabag.com\/pt\/wp-json\/wp\/v2\/product_tag?post=3602"}],"curies":[{"name":"wp","href":"https:\/\/api.w.org\/{rel}","templated":true}]}}