{"id":3598,"date":"2025-08-26T15:11:44","date_gmt":"2025-08-26T15:11:44","guid":{"rendered":"https:\/\/zoyaedit.com\/product\/extra_large_black_leather_tote_bag_610382636\/"},"modified":"2025-08-31T18:05:56","modified_gmt":"2025-08-31T18:05:56","slug":"extra_large_black_leather_tote_bag_610382636","status":"publish","type":"product","link":"https:\/\/checkout.luxaurabag.com\/pt\/produto\/extra_large_black_leather_tote_bag_610382636\/","title":{"rendered":"Saco de couro preto extra grande"},"content":{"rendered":"<p class='wt-text-body-01 wt-break-word' data-product-details-description-text-content=''>            Este \u00e9 o nosso saco de pele preto extra grande, o saco de computador de grandes dimens\u00f5es para trabalho e viagem, feito \u00e0 m\u00e3o na nossa loja em Filad\u00e9lfia, PA, EUA <\/p>\n<p>Todos os nossos sacos s\u00e3o feitos por encomenda. O tempo de produ\u00e7\u00e3o \u00e9 de 3-5 dias \u00fateis, at\u00e9 7 dias para encomendas personalizadas. <\/p>\n<p>Adicionar forro a qualquer um dos nossos sacos<\/p>\n<p>\u2757\ufe0fMeasurements: \u2757\ufe0f<br \/>24\" L (abertura superior) x 15 \"H<br \/>Base de 19\" de largura x 5'D<br \/>Queda da correia 11\u2032<\/p>\n<p>Peso 3 lbs <\/p>\n<p> FUNCIONALIDADE:<br \/>\t- Esta bolsa \u00e9 espa\u00e7osa e elegante, \u00f3ptima para uma escapadela de fim de semana, perfeita para o trabalho e para a escola, pode conter o seu computador, livros, ficheiros, mudas de roupa e o essencial para o dia a dia. <br \/>        - Al\u00e7as compridas em pele por cima do ombro para usar facilmente sobre camadas em qualquer esta\u00e7\u00e3o. <br \/>\t- Dois bolsos interiores, um com fecho de correr de 10x 9\" e um pequeno bolso para telem\u00f3vel de 7\u00d75\", s\u00e3o muito pr\u00e1ticos para guardar as suas chaves, batom, iPhone, \u00f3culos, etc.<br \/>        - \u00d3timo para todas as condi\u00e7\u00f5es climat\u00e9ricas, chuva ou neve. Resiste a todas as agress\u00f5es e fica ainda melhor com o tempo!!<\/p>\n<p>A nossa pele de flor integral \u00e9 o tipo de pele de maior qualidade dispon\u00edvel, que se embeleza com o uso e a idade e que durar\u00e1 toda a vida.<\/p>\n<p>- Todas as nossas malas de couro s\u00e3o feitas \u00e0 m\u00e3o na nossa oficina na sec\u00e7\u00e3o Old City de Filad\u00e9lfia, PA<br \/>- Garantia vital\u00edcia! N\u00f3s reparamo-lo\/substitu\u00edmo-lo gratuitamente.  <br \/>- Fabricada em pele resistente e de longa dura\u00e7\u00e3o, que durar\u00e1 uma vida inteira. Couro de origem americana e curtido no Maine.<br \/>- Aceitam-se devolu\u00e7\u00f5es\/trocas de sacos n\u00e3o personalizados<\/p>\n<p>Se pretender fazer altera\u00e7\u00f5es, adi\u00e7\u00f5es, incluindo fecho de correr, mola, borla, bolso(s) extra(s), forro, ajustes de tamanho, etc.<br \/>clique aqui \ud83d\udc47\ud83c\udffb<\/p>\n<p>\u25bcINSTAGRAM E FACEBOOK<br \/>Visite a nossa conta no Instagram para ver diariamente as novas malas, o criador, as peles e o processo.<br \/>https:\/\/www.instagram.com\/urbanartisanboutique\/<br \/>https:\/\/www.facebook.com\/URBANARTISANBOUTIQUE<\/p>\n<p>&gt;Sobre n\u00f3s&lt;\n\nTodas as nossas bolsas de couro s\u00e3o feitas \u00e0 m\u00e3o na nossa loja\/loja de tijolo e argamassa em Philadelphia PA. As nossas malas s\u00e3o medidas, cortadas, cosidas e cuidadosamente inspeccionadas pela Victoria, que desenha e cria todos os nossos artigos em pele.Cada bolsa \u00e9 \u00fanica, chamando a aten\u00e7\u00e3o com esquemas de cores interessantes, juntamente com belas texturas de couro e camur\u00e7a.<br \/>Tamb\u00e9m temos todo o gosto em discutir encomendas e pedidos personalizados. <br \/>Somos uma empresa 100% detida e gerida por mulheres. <\/p>\n<p>Tivemos a sorte de ser apresentados no Philly Voice!!!<br \/>https:\/\/www.phillyvoice.com\/an-urban-artisan-from-another-land-is-making-it-work-in-the-big-city-victoria-macbain\/<\/p>\n<p>&gt;Couro &lt;\n\nUsamos couro de gr\u00e3o integral para todas as nossas sacolas, que \u00e9 o couro mais forte e mais dur\u00e1vel dispon\u00edvel. O couro \u00e9 curtido ao cromo. Usamos couro verdadeiro que n\u00e3o foi lixado ou raspado e cada pe\u00e7a tem uma textura \u00fanica e imperfei\u00e7\u00f5es naturais. A pele de gr\u00e3o integral condiciona-se naturalmente com o uso, desenvolvendo uma p\u00e1tina muito procurada e um car\u00e1cter \u00fanico ao longo do tempo.<br \/>Utilizamos pele oleada em alguns dos nossos sacos, que \u00e9 a melhor escolha para uma utiliza\u00e7\u00e3o pesada e extrema. \u00c9 robusto, flex\u00edvel e resistente \u00e0 \u00e1gua, exigindo uma manuten\u00e7\u00e3o m\u00ednima, mas est\u00e1 altamente saturado com \u00f3leos e ceras naturais que podem, por vezes, transferir-se para o vestu\u00e1rio. <br \/>Todas as nossas malas em pele s\u00e3o criadas num ambiente totalmente livre de animais de estima\u00e7\u00e3o e de fumo.Esfor\u00e7amo-nos por tornar a sua experi\u00eancia especial e satisfazer todas as suas expectativas de qualidade.<\/p>\n<p>&gt;As nossas pol\u00edticas<\n\nPlease read about our shipping details and shop policies before purchasing your goodies in tab above titled &#8216;Shipping &#038; Policies&#8217;. We love our customers and want you to love your shopping experience with us as much as we love you, so please do read our policies and contact us with any questions or concerns you may have.\n\n>Impostos de importa\u00e7\u00e3o e alf\u00e2ndegas&lt;\n\n****Alguns pa\u00edses imp\u00f5em impostos de importa\u00e7\u00e3o sobre produtos fabricados nos EUA, que N\u00c3O est\u00e3o inclu\u00eddos nos nossos pre\u00e7os. Os compradores internacionais s\u00e3o respons\u00e1veis por quaisquer alf\u00e2ndegas e impostos que possam ser aplicados. Podem ocorrer atrasos devido \u00e0 alf\u00e2ndega. Por favor, deixe um n\u00famero de telefone ao comprar na nossa loja, isso pode acelerar o tempo de tr\u00e2nsito.***        <\/p>","protected":false},"excerpt":{"rendered":"<p>Este \u00e9 o nosso saco de couro preto extra grande, o saco de computador de trabalho e de viagem de grandes dimens\u00f5es feito \u00e0 m\u00e3o na nossa loja em Filad\u00e9lfia, PA, EUA Todos os nossos sacos s\u00e3o feitos por encomenda. O tempo de produ\u00e7\u00e3o \u00e9 de 3-5 dias \u00fateis, at\u00e9 7 dias para encomendas personalizadas. Adicione forro a qualquer um dos nossos sacos \u2757\ufe0fMeasurements: \u2757\ufe0f24\" W(abertura superior)...<\/p>","protected":false},"featured_media":3755,"comment_status":"open","ping_status":"closed","template":"","meta":{"_kad_post_transparent":"","_kad_post_title":"","_kad_post_layout":"","_kad_post_sidebar_id":"","_kad_post_content_style":"","_kad_post_vertical_padding":"","_kad_post_feature":"","_kad_post_feature_position":"","_kad_post_header":false,"_kad_post_footer":false},"product_brand":[],"product_cat":[75],"product_tag":[],"class_list":{"0":"post-3598","1":"product","2":"type-product","3":"status-publish","4":"has-post-thumbnail","6":"product_cat-bags","8":"first","9":"instock","10":"shipping-taxable","11":"purchasable","12":"product-type-variable","13":"entry","14":"content-bg","15":"loop-entry"},"_links":{"self":[{"href":"https:\/\/checkout.luxaurabag.com\/pt\/wp-json\/wp\/v2\/product\/3598","targetHints":{"allow":["GET"]}}],"collection":[{"href":"https:\/\/checkout.luxaurabag.com\/pt\/wp-json\/wp\/v2\/product"}],"about":[{"href":"https:\/\/checkout.luxaurabag.com\/pt\/wp-json\/wp\/v2\/types\/product"}],"replies":[{"embeddable":true,"href":"https:\/\/checkout.luxaurabag.com\/pt\/wp-json\/wp\/v2\/comments?post=3598"}],"wp:featuredmedia":[{"embeddable":true,"href":"https:\/\/checkout.luxaurabag.com\/pt\/wp-json\/wp\/v2\/media\/3755"}],"wp:attachment":[{"href":"https:\/\/checkout.luxaurabag.com\/pt\/wp-json\/wp\/v2\/media?parent=3598"}],"wp:term":[{"taxonomy":"product_brand","embeddable":true,"href":"https:\/\/checkout.luxaurabag.com\/pt\/wp-json\/wp\/v2\/product_brand?post=3598"},{"taxonomy":"product_cat","embeddable":true,"href":"https:\/\/checkout.luxaurabag.com\/pt\/wp-json\/wp\/v2\/product_cat?post=3598"},{"taxonomy":"product_tag","embeddable":true,"href":"https:\/\/checkout.luxaurabag.com\/pt\/wp-json\/wp\/v2\/product_tag?post=3598"}],"curies":[{"name":"wp","href":"https:\/\/api.w.org\/{rel}","templated":true}]}}