{"id":3373,"date":"2025-08-26T15:11:32","date_gmt":"2025-08-26T15:11:32","guid":{"rendered":"https:\/\/zoyaedit.com\/product\/leather_tote_bag_with_zipper_for_814589355\/"},"modified":"2025-08-31T18:05:51","modified_gmt":"2025-08-31T18:05:51","slug":"leather_tote_bag_with_zipper_for_814589355","status":"publish","type":"product","link":"https:\/\/checkout.luxaurabag.com\/pt\/produto\/leather_tote_bag_with_zipper_for_814589355\/","title":{"rendered":"Saco de couro com fecho de correr para mulher,Saco de couro com fecho de correr para mulher,Saco para computador port\u00e1til em pele para mulher,Saco de couro para mulher,Saco personalizado"},"content":{"rendered":"<p class='wt-text-body-01 wt-break-word' data-product-details-description-text-content=''>            Saco.<br \/>Liga\u00e7\u00e3o \u00e0 sec\u00e7\u00e3o das malas de couro - <br \/>Procura uma mochila que seja suficientemente espa\u00e7osa para transportar o seu computador port\u00e1til, mas com um design simples e elegante? Uma bolsa de couro para computador port\u00e1til \u00e9 a solu\u00e7\u00e3o ideal para satisfazer as suas exig\u00eancias.<\/p>\n<p>CARACTER\u00cdSTICAS PRINCIPAIS:<\/p>\n<p>- Tamanhos:<br \/>A bolsa \u00e9 feita de acordo com as dimens\u00f5es do seu port\u00e1til. (Por favor, deixe as dimens\u00f5es do seu laptop na caixa Notas na p\u00e1gina de checkout).<\/p>\n<p>- Bolsos:<br \/>Bolso frontal com aba e fecho de 2 bot\u00f5es de press\u00e3o;<br \/>Bolso frontal com fecho de correr na parte de tr\u00e1s;<\/p>\n<p>- Fecho de correr no compartimento principal;<br \/>- Al\u00e7a de ombro ajust\u00e1vel;<br \/>- Pegas superiores.<\/p>\n<p>\ud83d\udd38\ud83d\udd38\ud83d\udd38 Altera\u00e7\u00f5es personalizadas a pedido \ud83d\udd38\ud83d\udd38\ud83d\udd38<\/p>\n<p>NOTA: Para encomendar um artigo personalizado, envie-nos um PEDIDO DE ENCOMENDA PERSONALIZADA.<\/p>\n<p>-------------------------<br \/>PERSONALIZA\u00c7\u00c3O<\/p>\n<p>As suas iniciais, texto ou imagem no artigo. <\/p>\n<p>\ud83d\udd38\ud83d\udd38\ud83d\udd38Como fazer seu item personalizado\ud83d\udd38\ud83d\udd38\ud83d\udd38\ud83d\udd38<br \/>1. Selecione \"Tamanho + Grava\u00e7\u00e3o\" no menu Tamanho e Personaliza\u00e7\u00e3o;<br \/>2. Deixe o texto para grava\u00e7\u00e3o na caixa Personaliza\u00e7\u00e3o;<br \/>3. Ou envie-nos um ficheiro de imagem.<\/p>\n<p>--------------------------<br \/>TRANSPORTE \u2708<\/p>\n<p>- Envio normal<br \/>- Envio expresso (2-4 dias \u00fateis), dispon\u00edvel mediante pedido<\/p>\n<p>--------------------------<br \/>VENDA POR GROSSO<br \/>A mala simples e elegante foi concebida para mulheres com um gosto requintado. Suficientemente espa\u00e7osa, \u00e9 adequada n\u00e3o s\u00f3 para o computador port\u00e1til, mas tamb\u00e9m para guardar cadernos, pap\u00e9is e outros objectos essenciais em viagem. Encomende um par de malas como presente perfeito para a sua m\u00e3e, filha e mulher ou para a equipa de colegas.<\/p>\n<p>\ud83d\udd38\ud83d\udd38\ud83d\udd38 Por favor, entre em contato conosco para obter pre\u00e7os especiais em v\u00e1rios itens \ud83d\udd38\ud83d\udd38\ud83d\udd38<\/p>\n<p>--------------------------<br \/>PORQU\u00ca LezoStore:<\/p>\n<p>- Artigos artesanais;<br \/>- Couro e ferragens de qualidade superior;<br \/>- Vasta gama de cores e acess\u00f3rios dispon\u00edveis;<br \/>- Qualquer artigo pode ser personalizado;<br \/>- 12 meses de garantia.        <\/p>","protected":false},"excerpt":{"rendered":"<p>Bag.Link para a sec\u00e7\u00e3o de malas de cabedal - Procura uma mala que seja suficientemente espa\u00e7osa para transportar o seu computador port\u00e1til, mas com um design simples e elegante? Uma bolsa de couro para laptop feminina \u00e9 a solu\u00e7\u00e3o ideal para atender \u00e0s suas demandas. PRINCIPAIS CARACTER\u00cdSTICAS: - Tamanhos:\ud83d\udd38 A bolsa \u00e9 feita de acordo com as dimens\u00f5es do seu port\u00e1til....<\/p>","protected":false},"featured_media":3727,"comment_status":"open","ping_status":"closed","template":"","meta":{"_kad_post_transparent":"","_kad_post_title":"","_kad_post_layout":"","_kad_post_sidebar_id":"","_kad_post_content_style":"","_kad_post_vertical_padding":"","_kad_post_feature":"","_kad_post_feature_position":"","_kad_post_header":false,"_kad_post_footer":false},"product_brand":[],"product_cat":[75],"product_tag":[],"class_list":{"0":"post-3373","1":"product","2":"type-product","3":"status-publish","4":"has-post-thumbnail","6":"product_cat-bags","8":"first","9":"instock","10":"shipping-taxable","11":"purchasable","12":"product-type-variable","13":"entry","14":"content-bg","15":"loop-entry"},"_links":{"self":[{"href":"https:\/\/checkout.luxaurabag.com\/pt\/wp-json\/wp\/v2\/product\/3373","targetHints":{"allow":["GET"]}}],"collection":[{"href":"https:\/\/checkout.luxaurabag.com\/pt\/wp-json\/wp\/v2\/product"}],"about":[{"href":"https:\/\/checkout.luxaurabag.com\/pt\/wp-json\/wp\/v2\/types\/product"}],"replies":[{"embeddable":true,"href":"https:\/\/checkout.luxaurabag.com\/pt\/wp-json\/wp\/v2\/comments?post=3373"}],"wp:featuredmedia":[{"embeddable":true,"href":"https:\/\/checkout.luxaurabag.com\/pt\/wp-json\/wp\/v2\/media\/3727"}],"wp:attachment":[{"href":"https:\/\/checkout.luxaurabag.com\/pt\/wp-json\/wp\/v2\/media?parent=3373"}],"wp:term":[{"taxonomy":"product_brand","embeddable":true,"href":"https:\/\/checkout.luxaurabag.com\/pt\/wp-json\/wp\/v2\/product_brand?post=3373"},{"taxonomy":"product_cat","embeddable":true,"href":"https:\/\/checkout.luxaurabag.com\/pt\/wp-json\/wp\/v2\/product_cat?post=3373"},{"taxonomy":"product_tag","embeddable":true,"href":"https:\/\/checkout.luxaurabag.com\/pt\/wp-json\/wp\/v2\/product_tag?post=3373"}],"curies":[{"name":"wp","href":"https:\/\/api.w.org\/{rel}","templated":true}]}}