{"id":3198,"date":"2025-08-26T15:11:21","date_gmt":"2025-08-26T15:11:21","guid":{"rendered":"https:\/\/zoyaedit.com\/product\/large_leather_tote_bag_zipper_laptop_1795995512\/"},"modified":"2025-08-31T18:05:38","modified_gmt":"2025-08-31T18:05:38","slug":"large_leather_tote_bag_zipper_laptop_1795995512","status":"publish","type":"product","link":"https:\/\/checkout.luxaurabag.com\/pt\/produto\/large_leather_tote_bag_zipper_laptop_1795995512\/","title":{"rendered":"Saco grande de couro com fecho de correr, Saco de trabalho para port\u00e1til, Saco de uso di\u00e1rio para mulher, Saco de trabalho para mulher, Prenda de Natal para mulher, Saco de ombro em pele"},"content":{"rendered":"<p class='wt-text-body-01 wt-break-word' data-product-details-description-text-content=''>            Este grande saco de couro com fecho de correr \u00e9 a combina\u00e7\u00e3o perfeita de eleg\u00e2ncia e funcionalidade. Concebida como um saco de trabalho para port\u00e1til vers\u00e1til, \u00e9 ideal para as suas necessidades profissionais e quotidianas. Fabricada com materiais de primeira qualidade, esta mala de trabalho em pele para mulher oferece durabilidade e estilo. <\/p>\n<p>Quer necessite de uma mala de uso di\u00e1rio para mulher ou de uma sofisticada mala de couro a tiracolo para mulher, esta bolsa tem tudo o que precisa. Feita \u00e0 m\u00e3o com cuidado, n\u00e3o s\u00f3 \u00e9 pr\u00e1tica como tamb\u00e9m \u00e9 uma excelente prenda de Natal para mulher. Melhore o seu estilo com esta bolsa de couro feita \u00e0 m\u00e3o que combina perfeitamente moda e funcionalidade.<\/p>\n<p>\ud83d\udd38\ud83d\udd38\ud83d\udd38 Altera\u00e7\u00f5es personalizadas a pedido \ud83d\udd38\ud83d\udd38\ud83d\udd38<\/p>\n<p>NOTA: Para encomendar um artigo personalizado, envie-nos um PEDIDO DE ENCOMENDA PERSONALIZADA.<\/p>\n<p>-------------------------<br \/>PERSONALIZA\u00c7\u00c3O<\/p>\n<p>As suas iniciais, texto ou imagem no artigo. <\/p>\n<p>\ud83d\udd38\ud83d\udd38\ud83d\udd38Como fazer seu item personalizado\ud83d\udd38\ud83d\udd38\ud83d\udd38\ud83d\udd38<br \/>1. Selecione \"Tamanho + Grava\u00e7\u00e3o\" no menu Tamanho e Personaliza\u00e7\u00e3o;<br \/>2. Deixe o texto para grava\u00e7\u00e3o na caixa Personaliza\u00e7\u00e3o;<br \/>3. Ou envie-nos um ficheiro de imagem.<\/p>\n<p>--------------------------<br \/>TRANSPORTE \u2708<\/p>\n<p>- Envio normal<br \/>- Envio expresso (2-4 dias \u00fateis), dispon\u00edvel mediante pedido<\/p>\n<p>--------------------------<br \/>VENDA POR GROSSO<br \/>A mala simples e elegante foi concebida para mulheres com um gosto requintado. Suficientemente espa\u00e7osa, \u00e9 adequada n\u00e3o s\u00f3 para o computador port\u00e1til, mas tamb\u00e9m para guardar cadernos, pap\u00e9is e outros objectos essenciais em viagem. Encomende um par de malas como presente perfeito para a sua m\u00e3e, filha e mulher ou para a equipa de colegas.<\/p>\n<p>\ud83d\udd38\ud83d\udd38\ud83d\udd38 Por favor, entre em contato conosco para obter pre\u00e7os especiais em v\u00e1rios itens \ud83d\udd38\ud83d\udd38\ud83d\udd38<\/p>\n<p>--------------------------<br \/>PORQU\u00ca LezoStore:<\/p>\n<p>- Artigos artesanais;<br \/>- Couro e ferragens de qualidade superior;<br \/>- Vasta gama de cores e acess\u00f3rios dispon\u00edveis;<br \/>- Qualquer artigo pode ser personalizado;<br \/>- 12 meses de garantia.        <\/p>","protected":false},"excerpt":{"rendered":"<p>Este grande saco de couro com fecho de correr \u00e9 a combina\u00e7\u00e3o perfeita de eleg\u00e2ncia e funcionalidade. Concebida como um saco de trabalho para port\u00e1til vers\u00e1til, \u00e9 ideal para as suas necessidades profissionais e quotidianas. Fabricado com materiais de primeira qualidade, este saco de trabalho em pele para mulher oferece durabilidade e estilo. Quer precise de um saco para o dia a dia ou de um...<\/p>","protected":false},"featured_media":3698,"comment_status":"open","ping_status":"closed","template":"","meta":{"_kad_post_transparent":"","_kad_post_title":"","_kad_post_layout":"","_kad_post_sidebar_id":"","_kad_post_content_style":"","_kad_post_vertical_padding":"","_kad_post_feature":"","_kad_post_feature_position":"","_kad_post_header":false,"_kad_post_footer":false},"product_brand":[],"product_cat":[75],"product_tag":[],"class_list":{"0":"post-3198","1":"product","2":"type-product","3":"status-publish","4":"has-post-thumbnail","6":"product_cat-bags","8":"first","9":"instock","10":"shipping-taxable","11":"purchasable","12":"product-type-variable","13":"entry","14":"content-bg","15":"loop-entry"},"_links":{"self":[{"href":"https:\/\/checkout.luxaurabag.com\/pt\/wp-json\/wp\/v2\/product\/3198","targetHints":{"allow":["GET"]}}],"collection":[{"href":"https:\/\/checkout.luxaurabag.com\/pt\/wp-json\/wp\/v2\/product"}],"about":[{"href":"https:\/\/checkout.luxaurabag.com\/pt\/wp-json\/wp\/v2\/types\/product"}],"replies":[{"embeddable":true,"href":"https:\/\/checkout.luxaurabag.com\/pt\/wp-json\/wp\/v2\/comments?post=3198"}],"wp:featuredmedia":[{"embeddable":true,"href":"https:\/\/checkout.luxaurabag.com\/pt\/wp-json\/wp\/v2\/media\/3698"}],"wp:attachment":[{"href":"https:\/\/checkout.luxaurabag.com\/pt\/wp-json\/wp\/v2\/media?parent=3198"}],"wp:term":[{"taxonomy":"product_brand","embeddable":true,"href":"https:\/\/checkout.luxaurabag.com\/pt\/wp-json\/wp\/v2\/product_brand?post=3198"},{"taxonomy":"product_cat","embeddable":true,"href":"https:\/\/checkout.luxaurabag.com\/pt\/wp-json\/wp\/v2\/product_cat?post=3198"},{"taxonomy":"product_tag","embeddable":true,"href":"https:\/\/checkout.luxaurabag.com\/pt\/wp-json\/wp\/v2\/product_tag?post=3198"}],"curies":[{"name":"wp","href":"https:\/\/api.w.org\/{rel}","templated":true}]}}