{"id":3195,"date":"2025-08-26T15:11:21","date_gmt":"2025-08-26T15:11:21","guid":{"rendered":"https:\/\/zoyaedit.com\/product\/large_sturdy_black_leather_bag_20x_14_686621458\/"},"modified":"2025-08-31T18:05:29","modified_gmt":"2025-08-31T18:05:29","slug":"large_sturdy_black_leather_bag_20x_14_686621458","status":"publish","type":"product","link":"https:\/\/checkout.luxaurabag.com\/pt\/produto\/large_sturdy_black_leather_bag_20x_14_686621458\/","title":{"rendered":"Saco de couro preto grande e robusto 20 \"x 14\" Bolso frontal para computador de trabalho e de viagem"},"content":{"rendered":"<p class='wt-text-body-01 wt-break-word' data-product-details-description-text-content=''>            FUNCIONALIDADE:<br \/>\t- Al\u00e7as de couro compridas por cima do ombro, demasiado f\u00e1ceis de usar por cima de camadas de roupa<br \/>\t- O bolso exterior e um bolso interior com fecho de correr s\u00e3o muito pr\u00e1ticos para guardar as suas chaves, batom, iPhone, \u00f3culos, etc.<br \/>        - N\u00e3o h\u00e1 transfer\u00eancia de cor para a sua roupa. <br \/>        - \u00d3timo para todas as condi\u00e7\u00f5es climat\u00e9ricas, chuva ou neve. Resiste a todas as agress\u00f5es e fica melhor com o tempo.<br \/>        - Perfeito para utiliza\u00e7\u00e3o quotidiana, trabalho, escola e viagens. Adapta-se a computadores port\u00e1teis de qualquer tamanho, livros e ficheiros. <\/p>\n<p>Medidas: <br \/>20\" de largura (topo) x 14\" de altura, 5\u2032 de profundidade<br \/>16\" de largura (base)<br \/>Queda da correia 11\u2032<\/p>\n<p>Corpo e correias em pele preta com 2,2 mm de espessura.<\/p>\n<p>Castanho caramelo dispon\u00edvel aqui:<\/p>\n<p>***A nossa pele de flor integral \u00e9 a pele de maior qualidade dispon\u00edvel, que se embeleza com o uso e a idade e que durar\u00e1 uma vida inteira.<\/p>\n<p>        - Todas as nossas malas de couro s\u00e3o feitas \u00e0 m\u00e3o na nossa oficina na sec\u00e7\u00e3o Old City de Filad\u00e9lfia, PA.        <br \/>        - Garantia vital\u00edcia! N\u00f3s reparamo-lo\/substitu\u00edmo-lo gratuitamente.   <br \/>\t- Fabricada com pele de gr\u00e3o integral de longa dura\u00e7\u00e3o e resistente que durar\u00e1 uma vida inteira. Couro de origem americana e curtido no Maine.  <br \/>        - A parte superior da bolsa tem um fecho de correr Op\u00e7\u00e3o para manter os seus objectos importantes seguros.\u00a0<br \/>\t- Dois bolsos pr\u00e1ticos, um com fecho de correr.<br \/>\t- A bolsa pode facilmente conter o seu computador port\u00e1til e outros objectos pesados.<br \/>        - Aceitam-se devolu\u00e7\u00f5es\/trocas com prazer <\/p>\n<p>Para quaisquer adi\u00e7\u00f5es, altera\u00e7\u00f5es de tamanho, bolsos e afins, clique nesta listagem abaixo<\/p>\n<p>A nossa pele de flor integral \u00e9 o tipo de pele de maior qualidade dispon\u00edvel, que se embeleza com o uso e a idade e que durar\u00e1 toda a vida.<\/p>\n<p>- Todas as nossas malas de couro s\u00e3o feitas \u00e0 m\u00e3o na nossa oficina na sec\u00e7\u00e3o Old City de Filad\u00e9lfia, PA<br \/>- Garantia vital\u00edcia! N\u00f3s reparamo-lo\/substitu\u00edmo-lo gratuitamente. <br \/>- Fabricada em pele resistente e de longa dura\u00e7\u00e3o, que durar\u00e1 uma vida inteira. Couro de origem americana e curtido no Maine.<br \/>- Aceitam-se devolu\u00e7\u00f5es\/trocas com prazer<\/p>\n<p>Se pretender fazer altera\u00e7\u00f5es, adi\u00e7\u00f5es, incluindo fecho de correr, mola, borla, bolso(s) extra(s), forro, ajustes de tamanho, etc.<br \/>clique aqui \ud83d\udc47\ud83c\udffb<\/p>\n<p>\u25bcINSTAGRAM E FACEBOOK<br \/>Visite a nossa conta no Instagram para ver diariamente as novas malas, o criador, as peles e o processo.<br \/>https:\/\/www.instagram.com\/urbanartisanboutique\/<br \/>https:\/\/www.facebook.com\/URBANARTISANBOUTIQUE<\/p>\n<p>&gt;Sobre n\u00f3s&lt;\n\nTodas as nossas bolsas de couro s\u00e3o feitas \u00e0 m\u00e3o na nossa loja\/loja de tijolo e argamassa em Philadelphia PA. As nossas malas s\u00e3o medidas, cortadas, cosidas e cuidadosamente inspeccionadas pela Victoria, que desenha e cria todos os nossos artigos em pele.Cada bolsa \u00e9 \u00fanica, chamando a aten\u00e7\u00e3o com esquemas de cores interessantes, juntamente com belas texturas de couro e camur\u00e7a.<br \/>Tamb\u00e9m temos todo o gosto em discutir encomendas e pedidos personalizados. <br \/>Somos uma empresa 100% detida e gerida por mulheres. <\/p>\n<p>Tivemos a sorte de ser apresentados no Philly Voice!!!<br \/>https:\/\/www.phillyvoice.com\/an-urban-artisan-from-another-land-is-making-it-work-in-the-big-city-victoria-macbain\/<\/p>\n<p>&gt;Couro &lt;\n\nUsamos couro de gr\u00e3o integral para todas as nossas sacolas, que \u00e9 o couro mais forte e mais dur\u00e1vel dispon\u00edvel. Usamos couro verdadeiro que n\u00e3o foi lixado ou raspado e cada pe\u00e7a tem uma textura \u00fanica e imperfei\u00e7\u00f5es naturais. A pele de gr\u00e3o integral condiciona-se naturalmente com o uso, desenvolvendo uma p\u00e1tina muito procurada e um car\u00e1cter \u00fanico ao longo do tempo.<br \/>Todas as nossas malas em pele s\u00e3o criadas num ambiente totalmente livre de animais de estima\u00e7\u00e3o e de fumo.Esfor\u00e7amo-nos por tornar a sua experi\u00eancia especial e satisfazer todas as suas expectativas de qualidade.<\/p>\n<p>&gt;As nossas pol\u00edticas<\n\nPlease read about our shipping details and shop policies before purchasing your goodies in tab above titled &#8216;Shipping &#038; Policies&#8217;. We love our customers and want you to love your shopping experience with us as much as we love you, so please do read our policies and contact us with any questions or concerns you may have.\n\n>Impostos de importa\u00e7\u00e3o e alf\u00e2ndegas&lt;\n\n\u2757\ufe0f\u2757\ufe0f\u2757\ufe0fSome *Ordens internacionais* estar\u00e3o sujeitas a taxas de importa\u00e7\u00e3o locais, que N\u00c3O est\u00e3o inclu\u00eddas no pre\u00e7o de venda. Os compradores s\u00e3o respons\u00e1veis pelo pagamento desses impostos.  Cada pa\u00eds \u00e9 diferente, alguns n\u00e3o t\u00eam imposto de importa\u00e7\u00e3o, para o resto - o comprador ser\u00e1 notificado apenas quando o pacote chegar ao pa\u00eds. <br \/>   N\u00c3O PODEMOS marcar as encomendas internacionais como \"Presentes\", o valor do conte\u00fado ser\u00e1 afixado no exterior da caixa com o formul\u00e1rio da alf\u00e2ndega.        <\/p>","protected":false},"excerpt":{"rendered":"<p>FUNCIONALIDADE: - As al\u00e7as compridas de couro por cima do ombro s\u00e3o muito f\u00e1ceis de usar por cima de camadas de roupa - O bolso exterior e um bolso interior com fecho de correr s\u00e3o muito pr\u00e1ticos para guardar as suas chaves, batom, iPhone, \u00f3culos, etc. - N\u00c3O h\u00e1 transfer\u00eancia de cor para a sua roupa. - \u00d3timo para todas as condi\u00e7\u00f5es meteorol\u00f3gicas, chuva ou neve. \u00c9...<\/p>","protected":false},"featured_media":3688,"comment_status":"open","ping_status":"closed","template":"","meta":{"_kad_post_transparent":"","_kad_post_title":"","_kad_post_layout":"","_kad_post_sidebar_id":"","_kad_post_content_style":"","_kad_post_vertical_padding":"","_kad_post_feature":"","_kad_post_feature_position":"","_kad_post_header":false,"_kad_post_footer":false},"product_brand":[],"product_cat":[75],"product_tag":[],"class_list":{"0":"post-3195","1":"product","2":"type-product","3":"status-publish","4":"has-post-thumbnail","6":"product_cat-bags","8":"first","9":"instock","10":"shipping-taxable","11":"purchasable","12":"product-type-variable","13":"entry","14":"content-bg","15":"loop-entry"},"_links":{"self":[{"href":"https:\/\/checkout.luxaurabag.com\/pt\/wp-json\/wp\/v2\/product\/3195","targetHints":{"allow":["GET"]}}],"collection":[{"href":"https:\/\/checkout.luxaurabag.com\/pt\/wp-json\/wp\/v2\/product"}],"about":[{"href":"https:\/\/checkout.luxaurabag.com\/pt\/wp-json\/wp\/v2\/types\/product"}],"replies":[{"embeddable":true,"href":"https:\/\/checkout.luxaurabag.com\/pt\/wp-json\/wp\/v2\/comments?post=3195"}],"wp:featuredmedia":[{"embeddable":true,"href":"https:\/\/checkout.luxaurabag.com\/pt\/wp-json\/wp\/v2\/media\/3688"}],"wp:attachment":[{"href":"https:\/\/checkout.luxaurabag.com\/pt\/wp-json\/wp\/v2\/media?parent=3195"}],"wp:term":[{"taxonomy":"product_brand","embeddable":true,"href":"https:\/\/checkout.luxaurabag.com\/pt\/wp-json\/wp\/v2\/product_brand?post=3195"},{"taxonomy":"product_cat","embeddable":true,"href":"https:\/\/checkout.luxaurabag.com\/pt\/wp-json\/wp\/v2\/product_cat?post=3195"},{"taxonomy":"product_tag","embeddable":true,"href":"https:\/\/checkout.luxaurabag.com\/pt\/wp-json\/wp\/v2\/product_tag?post=3195"}],"curies":[{"name":"wp","href":"https:\/\/api.w.org\/{rel}","templated":true}]}}