{"id":3147,"date":"2025-08-26T15:11:18","date_gmt":"2025-08-26T15:11:18","guid":{"rendered":"https:\/\/zoyaedit.com\/product\/extra_large_black_leather_tote_bag_work_1509186467\/"},"modified":"2025-08-31T18:05:25","modified_gmt":"2025-08-31T18:05:25","slug":"extra_large_black_leather_tote_bag_work_1509186467","status":"publish","type":"product","link":"https:\/\/checkout.luxaurabag.com\/pt\/produto\/extra_large_black_leather_tote_bag_work_1509186467\/","title":{"rendered":"Saco tote extra grande em pele preta Saco de trabalho e de viagem para computador, Saco de compras grande com op\u00e7\u00e3o de fecho de correr"},"content":{"rendered":"<p class='wt-text-body-01 wt-break-word' data-product-details-description-text-content=''>            Todos os nossos sacos s\u00e3o feitos por encomenda. O tempo de produ\u00e7\u00e3o \u00e9 de 3-5 dias \u00fateis, at\u00e9 7 dias para encomendas personalizadas. <\/p>\n<p>Se pretender a bolsa numa cor diferente, selecione uma op\u00e7\u00e3o da listagem abaixo  <\/p>\n<p>Saco grande com bolso frontal. Pegas longas e curtas em pele grossa de b\u00fafalo <br \/>Medidas: <br \/>23\" de largura (topo) x 13\" de altura, 7\" de profundidade<br \/>16\" de largura (fundo)<br \/>Al\u00e7a comprida com 10\" de queda, pegas curtas com 5\" de queda <br \/>Bolso frontal no exterior <br \/>       - Todas as nossas malas de couro s\u00e3o feitas \u00e0 m\u00e3o na nossa oficina na sec\u00e7\u00e3o Old City de Filad\u00e9lfia, PA.        <br \/>        - Garantia vital\u00edcia! N\u00f3s reparamo-lo\/substitu\u00edmo-lo gratuitamente.   <br \/>\t- Fabricada em pele resistente e de longa dura\u00e7\u00e3o que durar\u00e1 uma vida inteira. Couro de origem americana e curtido no Maine. <br \/>        - Aceitam-se devolu\u00e7\u00f5es\/trocas para sacos n\u00e3o personalizados<\/p>\n<p>FUNCIONALIDADE:<br \/>\t- Al\u00e7as compridas de couro por cima do ombro para usar facilmente sobre as camadas de inverno.\u00a0<br \/>\t- Os dois bolsos interiores, um com fecho de correr, s\u00e3o muito pr\u00e1ticos para guardar as chaves, o batom, o iPhone, os \u00f3culos, etc<br \/>        - \u00d3timo para todas as condi\u00e7\u00f5es climat\u00e9ricas, chuva ou neve. Resiste a todas as agress\u00f5es e fica melhor com o tempo.<br \/>        - Perfeito para utiliza\u00e7\u00e3o di\u00e1ria, trabalho, escola e viagens.<\/p>\n<p>Se pretender fazer altera\u00e7\u00f5es ou adi\u00e7\u00f5es, incluindo fecho de correr, mola, borla, bolso(s) extra(s) e ajustes de tamanho, clique aqui \ud83d\udc47\ud83c\udffb<\/p>\n<p>&gt;Sobre n\u00f3s&lt;\n\nTodas as nossas bolsas de couro s\u00e3o feitas \u00e0 m\u00e3o na nossa loja\/loja de tijolo e argamassa em Filad\u00e9lfia PA. <br \/>As nossas malas s\u00e3o medidas, cortadas, cosidas e cuidadosamente inspeccionadas por Victoria, que desenha e cria todos os nossos artigos em pele.<br \/>Cada mala \u00e9 \u00fanica, chamando a aten\u00e7\u00e3o com esquemas de cores interessantes, juntamente com belas texturas de couro e camur\u00e7a. <br \/>Tamb\u00e9m temos todo o gosto em discutir encomendas e pedidos personalizados. Somos uma empresa 100% detida e gerida por mulheres.<\/p>\n<p>&gt;Fornecedor de couro&lt;\n\nO nosso couro \u00e9 origin\u00e1rio dos EUA e curtido no Maine e \u00e9 fornecido pela Tasman Leather Industries, um nome familiar americano quando se trata de fornecedores de couro dos EUA, que tem mais de 70 anos de experi\u00eancia e especializa\u00e7\u00e3o.\n\nTodas as nossas bolsas de couro s\u00e3o criadas num ambiente totalmente livre de animais de estima\u00e7\u00e3o e de fumo.<br \/>Esfor\u00e7amo-nos por tornar a sua experi\u00eancia especial e satisfazer todas as suas expectativas de qualidade.<\/p>\n<p>&gt;Impostos de importa\u00e7\u00e3o e alf\u00e2ndegas&lt;\n\n**** Os compradores internacionais s\u00e3o respons\u00e1veis por quaisquer taxas alfandeg\u00e1rias e de importa\u00e7\u00e3o que possam ser aplicadas. N\u00e3o nos responsabilizamos por atrasos devido \u00e0 alf\u00e2ndega.        <\/p>","protected":false},"excerpt":{"rendered":"<p>Todos os nossos sacos s\u00e3o feitos por encomenda. O tempo de produ\u00e7\u00e3o \u00e9 de 3-5 dias \u00fateis, at\u00e9 7 dias para encomendas personalizadas. Se quiser o saco numa cor diferente, escolha uma op\u00e7\u00e3o da lista abaixo Saco grande com bolso frontal. Pegas longas e curtas em pele grossa de b\u00fafalo Medidas: 23\" de largura (topo)...<\/p>","protected":false},"featured_media":3609,"comment_status":"open","ping_status":"closed","template":"","meta":{"_kad_post_transparent":"","_kad_post_title":"","_kad_post_layout":"","_kad_post_sidebar_id":"","_kad_post_content_style":"","_kad_post_vertical_padding":"","_kad_post_feature":"","_kad_post_feature_position":"","_kad_post_header":false,"_kad_post_footer":false},"product_brand":[],"product_cat":[75],"product_tag":[],"class_list":{"0":"post-3147","1":"product","2":"type-product","3":"status-publish","4":"has-post-thumbnail","6":"product_cat-bags","8":"first","9":"instock","10":"shipping-taxable","11":"purchasable","12":"product-type-variable","13":"entry","14":"content-bg","15":"loop-entry"},"_links":{"self":[{"href":"https:\/\/checkout.luxaurabag.com\/pt\/wp-json\/wp\/v2\/product\/3147","targetHints":{"allow":["GET"]}}],"collection":[{"href":"https:\/\/checkout.luxaurabag.com\/pt\/wp-json\/wp\/v2\/product"}],"about":[{"href":"https:\/\/checkout.luxaurabag.com\/pt\/wp-json\/wp\/v2\/types\/product"}],"replies":[{"embeddable":true,"href":"https:\/\/checkout.luxaurabag.com\/pt\/wp-json\/wp\/v2\/comments?post=3147"}],"wp:featuredmedia":[{"embeddable":true,"href":"https:\/\/checkout.luxaurabag.com\/pt\/wp-json\/wp\/v2\/media\/3609"}],"wp:attachment":[{"href":"https:\/\/checkout.luxaurabag.com\/pt\/wp-json\/wp\/v2\/media?parent=3147"}],"wp:term":[{"taxonomy":"product_brand","embeddable":true,"href":"https:\/\/checkout.luxaurabag.com\/pt\/wp-json\/wp\/v2\/product_brand?post=3147"},{"taxonomy":"product_cat","embeddable":true,"href":"https:\/\/checkout.luxaurabag.com\/pt\/wp-json\/wp\/v2\/product_cat?post=3147"},{"taxonomy":"product_tag","embeddable":true,"href":"https:\/\/checkout.luxaurabag.com\/pt\/wp-json\/wp\/v2\/product_tag?post=3147"}],"curies":[{"name":"wp","href":"https:\/\/api.w.org\/{rel}","templated":true}]}}