{"id":4502,"date":"2025-08-26T16:20:09","date_gmt":"2025-08-26T16:20:09","guid":{"rendered":"https:\/\/zoyaedit.com\/product\/solaris-knit-walker-copy\/"},"modified":"2025-08-31T18:06:42","modified_gmt":"2025-08-31T18:06:42","slug":"solaris-knit-walker-copy","status":"publish","type":"product","link":"https:\/\/checkout.luxaurabag.com\/fr\/produit\/solaris-knit-walker-copy\/","title":{"rendered":"Flame Velocity Pro Runners\u2122"},"content":{"rendered":"<p data-start='65' data-end='673'>Engineered for peak performance with cutting-edge technology, these ultra-lightweight running shoes feature a breathable mesh upper and an advanced midsole that offer explosive energy return and cloud-like cushioning with every stride. The aerodynamic design and carbon-infused propulsion plate maximize efficiency, propelling you forward with minimal effort. Whether you&#8217;re training for a marathon or pushing for a personal best, these shoes deliver unmatched comfort, stability, and speed.<\/p>\n<ul>\n<li data-start='699' data-end='1075'><span data-start='702' data-end='729'>Advanced<\/span> midsole technology &#038; airflow<\/li>\n<li data-start='699' data-end='1075'>Ultra-lightweight build<\/li>\n<li data-start='699' data-end='1075'>Carbon-infused propulsion plate<\/li>\n<li data-start='699' data-end='1075'>Breathable mesh upper<\/li>\n<li data-start='699' data-end='1075'>Durable high-traction outsole\u00a0<\/li>\n<\/ul>","protected":false},"excerpt":{"rendered":"<p>Con\u00e7ues pour des performances optimales gr\u00e2ce \u00e0 une technologie de pointe, ces chaussures de course ultral\u00e9g\u00e8res sont dot\u00e9es d'une tige en mesh respirant et d'une semelle interm\u00e9diaire avanc\u00e9e qui offrent un retour d'\u00e9nergie explosif et un amorti comparable \u00e0 celui d'un nuage \u00e0 chaque foul\u00e9e. Le design a\u00e9rodynamique et la plaque de propulsion en carbone maximisent l'efficacit\u00e9, vous propulsant vers l'avant avec un minimum d'effort. Que vous vous entra\u00eeniez pour un marathon ou que vous...<\/p>","protected":false},"featured_media":4974,"comment_status":"open","ping_status":"closed","template":"","meta":{"_kad_post_transparent":"","_kad_post_title":"","_kad_post_layout":"","_kad_post_sidebar_id":"","_kad_post_content_style":"","_kad_post_vertical_padding":"","_kad_post_feature":"","_kad_post_feature_position":"","_kad_post_header":false,"_kad_post_footer":false},"product_brand":[],"product_cat":[88],"product_tag":[],"class_list":{"0":"post-4502","1":"product","2":"type-product","3":"status-publish","4":"has-post-thumbnail","6":"product_cat-shoes","8":"first","9":"instock","10":"sale","11":"shipping-taxable","12":"purchasable","13":"product-type-variable","14":"entry","15":"content-bg","16":"loop-entry"},"_links":{"self":[{"href":"https:\/\/checkout.luxaurabag.com\/fr\/wp-json\/wp\/v2\/product\/4502","targetHints":{"allow":["GET"]}}],"collection":[{"href":"https:\/\/checkout.luxaurabag.com\/fr\/wp-json\/wp\/v2\/product"}],"about":[{"href":"https:\/\/checkout.luxaurabag.com\/fr\/wp-json\/wp\/v2\/types\/product"}],"replies":[{"embeddable":true,"href":"https:\/\/checkout.luxaurabag.com\/fr\/wp-json\/wp\/v2\/comments?post=4502"}],"wp:featuredmedia":[{"embeddable":true,"href":"https:\/\/checkout.luxaurabag.com\/fr\/wp-json\/wp\/v2\/media\/4974"}],"wp:attachment":[{"href":"https:\/\/checkout.luxaurabag.com\/fr\/wp-json\/wp\/v2\/media?parent=4502"}],"wp:term":[{"taxonomy":"product_brand","embeddable":true,"href":"https:\/\/checkout.luxaurabag.com\/fr\/wp-json\/wp\/v2\/product_brand?post=4502"},{"taxonomy":"product_cat","embeddable":true,"href":"https:\/\/checkout.luxaurabag.com\/fr\/wp-json\/wp\/v2\/product_cat?post=4502"},{"taxonomy":"product_tag","embeddable":true,"href":"https:\/\/checkout.luxaurabag.com\/fr\/wp-json\/wp\/v2\/product_tag?post=4502"}],"curies":[{"name":"wp","href":"https:\/\/api.w.org\/{rel}","templated":true}]}}