{"id":4045,"date":"2025-08-26T16:19:50","date_gmt":"2025-08-26T16:19:50","guid":{"rendered":"https:\/\/zoyaedit.com\/product\/leather-shoes\/"},"modified":"2025-08-31T18:06:13","modified_gmt":"2025-08-31T18:06:13","slug":"leather-shoes","status":"publish","type":"product","link":"https:\/\/checkout.luxaurabag.com\/fr\/produit\/leather-shoes\/","title":{"rendered":"Canyon Stride Leather Sneaker"},"content":{"rendered":"<p data-start='88' data-end='519'>Fabriqu\u00e9e en cuir v\u00e9ritable, la doublure en coton respirant de cette chaussure assure un confort tout au long de la journ\u00e9e, tandis que la semelle ext\u00e9rieure textur\u00e9e antid\u00e9rapante offre une traction et une adh\u00e9rence sup\u00e9rieures. Les panneaux lat\u00e9raux perfor\u00e9s am\u00e9liorent la circulation de l'air et le talon renforc\u00e9 apporte un soutien suppl\u00e9mentaire. Finies dans des tons riches et terreux, ces chaussures sont parfaites pour toutes les aventures.<\/p>\n<ul data-start='541' data-end='845'>\n<li data-start='612' data-end='672'>Cuir v\u00e9ritable<\/li>\n<li data-start='612' data-end='672'>Panneaux lat\u00e9raux perfor\u00e9s<\/li>\n<li data-start='612' data-end='672'>Meilleure respirabilit\u00e9<\/li>\n<li data-start='673' data-end='734'>Semelle textur\u00e9e antid\u00e9rapante<\/li>\n<li data-start='735' data-end='787'><span data-start='740' data-end='757'>Prime c<\/span>doublure en peau de mouton\u00a0<\/li>\n<\/ul>","protected":false},"excerpt":{"rendered":"<p>Fabriqu\u00e9e en cuir v\u00e9ritable, la doublure en coton respirant de cette chaussure assure un confort tout au long de la journ\u00e9e, tandis que la semelle ext\u00e9rieure textur\u00e9e antid\u00e9rapante offre une traction et une adh\u00e9rence sup\u00e9rieures. Les panneaux lat\u00e9raux perfor\u00e9s am\u00e9liorent la circulation de l'air et le talon renforc\u00e9 apporte un soutien suppl\u00e9mentaire. Finies dans des tons riches et terreux, ces chaussures sont parfaites pour toutes les aventures. Cuir v\u00e9ritable Panneaux lat\u00e9raux perfor\u00e9s Respirabilit\u00e9 accrue Semelle ext\u00e9rieure textur\u00e9e...<\/p>","protected":false},"featured_media":4770,"comment_status":"open","ping_status":"closed","template":"","meta":{"_kad_post_transparent":"","_kad_post_title":"","_kad_post_layout":"","_kad_post_sidebar_id":"","_kad_post_content_style":"","_kad_post_vertical_padding":"","_kad_post_feature":"","_kad_post_feature_position":"","_kad_post_header":false,"_kad_post_footer":false},"product_brand":[],"product_cat":[88],"product_tag":[],"class_list":{"0":"post-4045","1":"product","2":"type-product","3":"status-publish","4":"has-post-thumbnail","6":"product_cat-shoes","8":"first","9":"instock","10":"sale","11":"shipping-taxable","12":"purchasable","13":"product-type-variable","14":"entry","15":"content-bg","16":"loop-entry"},"_links":{"self":[{"href":"https:\/\/checkout.luxaurabag.com\/fr\/wp-json\/wp\/v2\/product\/4045","targetHints":{"allow":["GET"]}}],"collection":[{"href":"https:\/\/checkout.luxaurabag.com\/fr\/wp-json\/wp\/v2\/product"}],"about":[{"href":"https:\/\/checkout.luxaurabag.com\/fr\/wp-json\/wp\/v2\/types\/product"}],"replies":[{"embeddable":true,"href":"https:\/\/checkout.luxaurabag.com\/fr\/wp-json\/wp\/v2\/comments?post=4045"}],"wp:featuredmedia":[{"embeddable":true,"href":"https:\/\/checkout.luxaurabag.com\/fr\/wp-json\/wp\/v2\/media\/4770"}],"wp:attachment":[{"href":"https:\/\/checkout.luxaurabag.com\/fr\/wp-json\/wp\/v2\/media?parent=4045"}],"wp:term":[{"taxonomy":"product_brand","embeddable":true,"href":"https:\/\/checkout.luxaurabag.com\/fr\/wp-json\/wp\/v2\/product_brand?post=4045"},{"taxonomy":"product_cat","embeddable":true,"href":"https:\/\/checkout.luxaurabag.com\/fr\/wp-json\/wp\/v2\/product_cat?post=4045"},{"taxonomy":"product_tag","embeddable":true,"href":"https:\/\/checkout.luxaurabag.com\/fr\/wp-json\/wp\/v2\/product_tag?post=4045"}],"curies":[{"name":"wp","href":"https:\/\/api.w.org\/{rel}","templated":true}]}}