{"id":3949,"date":"2025-08-26T16:19:45","date_gmt":"2025-08-26T16:19:45","guid":{"rendered":"https:\/\/zoyaedit.com\/product\/camden-ribbed-corduroy-slides\/"},"modified":"2025-08-31T18:06:11","modified_gmt":"2025-08-31T18:06:11","slug":"camden-ribbed-corduroy-slides","status":"publish","type":"product","link":"https:\/\/checkout.luxaurabag.com\/fr\/produit\/camden-ribbed-corduroy-slides\/","title":{"rendered":"Glissades en velours c\u00f4tel\u00e9 Camden"},"content":{"rendered":"<p><meta charset='UTF-8'><span>Envelopp\u00e9es dans la douceur du velours c\u00f4tel\u00e9, ces pantoufles rehaussent le confort de tous les jours gr\u00e2ce \u00e0 leur texture moelleuse et \u00e0 leur confort tout au long de la journ\u00e9e. Les c\u00f4tes sur\u00e9lev\u00e9es massent d\u00e9licatement vos pieds, tandis que le rembourrage \u00e0 ressorts offre un soutien sans poids. Respirantes, fra\u00eeches et<meta charset='utf-8'>Les semelles antid\u00e9rapantes garantissent un mouvement silencieux et s\u00fbr - pour se d\u00e9tendre tout au long de la journ\u00e9e.<br \/><\/span><\/p>\n<ul>\n<li>Unisexe<\/li>\n<li><meta charset='utf-8'>Velours c\u00f4tel\u00e9 pelucheux<\/li>\n<li><meta charset='utf-8'>Amortissement semblable \u00e0 celui d'un nuage<meta charset='utf-8'> <meta charset='utf-8'> <meta charset='utf-8'> <\/li>\n<li>Respirant et l\u00e9ger<meta charset='utf-8'><\/li>\n<li><meta charset='utf-8'>Semelle textur\u00e9e antid\u00e9rapante<\/li>\n<li><meta charset='utf-8'>Lavable en machine<meta charset='utf-8'><\/li>\n<\/ul>","protected":false},"excerpt":{"rendered":"<p>Envelopp\u00e9es dans la douceur du velours c\u00f4tel\u00e9, ces pantoufles rehaussent le confort de tous les jours gr\u00e2ce \u00e0 leur texture moelleuse et \u00e0 leur confort tout au long de la journ\u00e9e. Les c\u00f4tes sur\u00e9lev\u00e9es massent d\u00e9licatement vos pieds, tandis que le rembourrage \u00e0 ressorts offre un soutien sans poids. Respirantes, fra\u00eeches et dot\u00e9es de semelles antid\u00e9rapantes pour un mouvement silencieux et s\u00fbr, ces pantoufles sont id\u00e9ales pour se pr\u00e9lasser toute la journ\u00e9e. Unisexe Velours c\u00f4tel\u00e9 pelucheux Amorti semblable \u00e0 un nuage Respirant et l\u00e9ger Semelle textur\u00e9e antid\u00e9rapante....<\/p>","protected":false},"featured_media":4758,"comment_status":"open","ping_status":"closed","template":"","meta":{"_kad_post_transparent":"","_kad_post_title":"","_kad_post_layout":"","_kad_post_sidebar_id":"","_kad_post_content_style":"","_kad_post_vertical_padding":"","_kad_post_feature":"","_kad_post_feature_position":"","_kad_post_header":false,"_kad_post_footer":false},"product_brand":[],"product_cat":[88],"product_tag":[],"class_list":{"0":"post-3949","1":"product","2":"type-product","3":"status-publish","4":"has-post-thumbnail","6":"product_cat-shoes","8":"first","9":"instock","10":"sale","11":"shipping-taxable","12":"purchasable","13":"product-type-variable","14":"entry","15":"content-bg","16":"loop-entry"},"_links":{"self":[{"href":"https:\/\/checkout.luxaurabag.com\/fr\/wp-json\/wp\/v2\/product\/3949","targetHints":{"allow":["GET"]}}],"collection":[{"href":"https:\/\/checkout.luxaurabag.com\/fr\/wp-json\/wp\/v2\/product"}],"about":[{"href":"https:\/\/checkout.luxaurabag.com\/fr\/wp-json\/wp\/v2\/types\/product"}],"replies":[{"embeddable":true,"href":"https:\/\/checkout.luxaurabag.com\/fr\/wp-json\/wp\/v2\/comments?post=3949"}],"wp:featuredmedia":[{"embeddable":true,"href":"https:\/\/checkout.luxaurabag.com\/fr\/wp-json\/wp\/v2\/media\/4758"}],"wp:attachment":[{"href":"https:\/\/checkout.luxaurabag.com\/fr\/wp-json\/wp\/v2\/media?parent=3949"}],"wp:term":[{"taxonomy":"product_brand","embeddable":true,"href":"https:\/\/checkout.luxaurabag.com\/fr\/wp-json\/wp\/v2\/product_brand?post=3949"},{"taxonomy":"product_cat","embeddable":true,"href":"https:\/\/checkout.luxaurabag.com\/fr\/wp-json\/wp\/v2\/product_cat?post=3949"},{"taxonomy":"product_tag","embeddable":true,"href":"https:\/\/checkout.luxaurabag.com\/fr\/wp-json\/wp\/v2\/product_tag?post=3949"}],"curies":[{"name":"wp","href":"https:\/\/api.w.org\/{rel}","templated":true}]}}