{"id":3916,"date":"2025-08-26T16:19:43","date_gmt":"2025-08-26T16:19:43","guid":{"rendered":"https:\/\/zoyaedit.com\/product\/aether-flex-sneakers-copy\/"},"modified":"2025-08-31T18:06:06","modified_gmt":"2025-08-31T18:06:06","slug":"aether-flex-sneakers-copy","status":"publish","type":"product","link":"https:\/\/checkout.luxaurabag.com\/fr\/produit\/aether-flex-sneakers-copy\/","title":{"rendered":"Mocassins \u00e0 glands en velours Bellavetro"},"content":{"rendered":"<p>Dot\u00e9s d'une tige en velours luxueux et d'un cuir verni brillant, ces mocassins sont con\u00e7us pour le gentleman moderne. Le pompon et les lignes douces ajoutent une touche de sophistication, ce qui les rend id\u00e9aux pour les occasions formelles ou les looks d\u00e9contract\u00e9s haut de gamme. Marchez dans le confort et le style avec des chaussures qui font impression, \u00e0 chaque \u00e9tape. <meta charset='utf-8'>Chaque d\u00e9tail a \u00e9t\u00e9 m\u00e9ticuleusement con\u00e7u pour le luxe et le confort, vous vous sentirez aussi bien que vous \u00eates beau.<\/p>\n<ul>\n<li>Finition brillante<\/li>\n<li>Glands \u00e9l\u00e9gants<\/li>\n<li>Semelle int\u00e9rieure souple et matelass\u00e9e<meta charset='utf-8'><\/li>\n<li>Doublure int\u00e9rieure souple et conception ergonomique<\/li>\n<li>Fabriqu\u00e9 en cuir verni de haute qualit\u00e9 et en velours pelucheux<\/li>\n<\/ul>","protected":false},"excerpt":{"rendered":"<p>Dot\u00e9s d'une tige en velours luxueux et d'un cuir verni brillant, ces mocassins sont con\u00e7us pour le gentleman moderne. Le pompon et les lignes douces ajoutent une touche de sophistication, ce qui les rend id\u00e9aux pour les occasions formelles ou les looks d\u00e9contract\u00e9s haut de gamme. Marchez dans le confort et le style avec des chaussures qui font impression, \u00e0 chaque pas....<\/p>","protected":false},"featured_media":4748,"comment_status":"open","ping_status":"closed","template":"","meta":{"_kad_post_transparent":"","_kad_post_title":"","_kad_post_layout":"","_kad_post_sidebar_id":"","_kad_post_content_style":"","_kad_post_vertical_padding":"","_kad_post_feature":"","_kad_post_feature_position":"","_kad_post_header":false,"_kad_post_footer":false},"product_brand":[],"product_cat":[88],"product_tag":[],"class_list":{"0":"post-3916","1":"product","2":"type-product","3":"status-publish","4":"has-post-thumbnail","6":"product_cat-shoes","8":"first","9":"instock","10":"sale","11":"shipping-taxable","12":"purchasable","13":"product-type-variable","14":"entry","15":"content-bg","16":"loop-entry"},"_links":{"self":[{"href":"https:\/\/checkout.luxaurabag.com\/fr\/wp-json\/wp\/v2\/product\/3916","targetHints":{"allow":["GET"]}}],"collection":[{"href":"https:\/\/checkout.luxaurabag.com\/fr\/wp-json\/wp\/v2\/product"}],"about":[{"href":"https:\/\/checkout.luxaurabag.com\/fr\/wp-json\/wp\/v2\/types\/product"}],"replies":[{"embeddable":true,"href":"https:\/\/checkout.luxaurabag.com\/fr\/wp-json\/wp\/v2\/comments?post=3916"}],"wp:featuredmedia":[{"embeddable":true,"href":"https:\/\/checkout.luxaurabag.com\/fr\/wp-json\/wp\/v2\/media\/4748"}],"wp:attachment":[{"href":"https:\/\/checkout.luxaurabag.com\/fr\/wp-json\/wp\/v2\/media?parent=3916"}],"wp:term":[{"taxonomy":"product_brand","embeddable":true,"href":"https:\/\/checkout.luxaurabag.com\/fr\/wp-json\/wp\/v2\/product_brand?post=3916"},{"taxonomy":"product_cat","embeddable":true,"href":"https:\/\/checkout.luxaurabag.com\/fr\/wp-json\/wp\/v2\/product_cat?post=3916"},{"taxonomy":"product_tag","embeddable":true,"href":"https:\/\/checkout.luxaurabag.com\/fr\/wp-json\/wp\/v2\/product_tag?post=3916"}],"curies":[{"name":"wp","href":"https:\/\/api.w.org\/{rel}","templated":true}]}}