{"id":3811,"date":"2025-08-26T16:19:39","date_gmt":"2025-08-26T16:19:39","guid":{"rendered":"https:\/\/zoyaedit.com\/product\/alford-suede-loafer\/"},"modified":"2025-08-31T18:06:01","modified_gmt":"2025-08-31T18:06:01","slug":"alford-suede-loafer","status":"publish","type":"product","link":"https:\/\/checkout.luxaurabag.com\/fr\/produit\/alford-suede-loafer\/","title":{"rendered":"Mocassins en daim Alford"},"content":{"rendered":"<p><meta charset='utf-8'><span>\u00c9l\u00e9gants, silencieux et sculpt\u00e9s dans un daim doux comme du beurre avec de subtils d\u00e9tails de couture, ces mocassins incarnent un style intemporel avec une facilit\u00e9 moderne. La silhouette profil\u00e9e \u00e0 enfiler et la semelle int\u00e9rieure matelass\u00e9e offrent un confort sans effort tout au long de la journ\u00e9e, sans sacrifier le style.<\/span><\/p>\n<ul>\n<li><meta charset='utf-8'>Dessus en daim souple<\/li>\n<li><meta charset='utf-8'> <span>Chausson \u00e0 profil bas\u00a0<\/span><\/li>\n<li><meta charset='utf-8'> <span>Semelle l\u00e9g\u00e8re et flexible<\/span><\/li>\n<li><meta charset='utf-8'> <meta charset='utf-8'>Couture minimaliste<\/li>\n<li><meta charset='utf-8'> <span>Doublure en tissu lisse<\/span><\/li>\n<li><meta charset='utf-8'> <span>Semelle int\u00e9rieure matelass\u00e9e\u00a0<\/span><\/li>\n<\/ul>","protected":false},"excerpt":{"rendered":"<p>\u00c9l\u00e9gants, silencieux et sculpt\u00e9s dans un daim doux comme du beurre avec de subtils d\u00e9tails de couture, ces mocassins incarnent un style intemporel avec une facilit\u00e9 moderne. La silhouette profil\u00e9e \u00e0 enfiler et la semelle int\u00e9rieure matelass\u00e9e offrent un confort sans effort tout au long de la journ\u00e9e, sans sacrifier le style. Tige en daim doux Chaussons \u00e0 profil bas Semelle l\u00e9g\u00e8re et flexible D\u00e9tails de couture minimaliste Doublure en tissu lisse Semelle int\u00e9rieure matelass\u00e9e\u00a0<\/p>","protected":false},"featured_media":4669,"comment_status":"open","ping_status":"closed","template":"","meta":{"_kad_post_transparent":"","_kad_post_title":"","_kad_post_layout":"","_kad_post_sidebar_id":"","_kad_post_content_style":"","_kad_post_vertical_padding":"","_kad_post_feature":"","_kad_post_feature_position":"","_kad_post_header":false,"_kad_post_footer":false},"product_brand":[],"product_cat":[88],"product_tag":[],"class_list":{"0":"post-3811","1":"product","2":"type-product","3":"status-publish","4":"has-post-thumbnail","6":"product_cat-shoes","8":"first","9":"instock","10":"sale","11":"shipping-taxable","12":"purchasable","13":"product-type-variable","14":"entry","15":"content-bg","16":"loop-entry"},"_links":{"self":[{"href":"https:\/\/checkout.luxaurabag.com\/fr\/wp-json\/wp\/v2\/product\/3811","targetHints":{"allow":["GET"]}}],"collection":[{"href":"https:\/\/checkout.luxaurabag.com\/fr\/wp-json\/wp\/v2\/product"}],"about":[{"href":"https:\/\/checkout.luxaurabag.com\/fr\/wp-json\/wp\/v2\/types\/product"}],"replies":[{"embeddable":true,"href":"https:\/\/checkout.luxaurabag.com\/fr\/wp-json\/wp\/v2\/comments?post=3811"}],"wp:featuredmedia":[{"embeddable":true,"href":"https:\/\/checkout.luxaurabag.com\/fr\/wp-json\/wp\/v2\/media\/4669"}],"wp:attachment":[{"href":"https:\/\/checkout.luxaurabag.com\/fr\/wp-json\/wp\/v2\/media?parent=3811"}],"wp:term":[{"taxonomy":"product_brand","embeddable":true,"href":"https:\/\/checkout.luxaurabag.com\/fr\/wp-json\/wp\/v2\/product_brand?post=3811"},{"taxonomy":"product_cat","embeddable":true,"href":"https:\/\/checkout.luxaurabag.com\/fr\/wp-json\/wp\/v2\/product_cat?post=3811"},{"taxonomy":"product_tag","embeddable":true,"href":"https:\/\/checkout.luxaurabag.com\/fr\/wp-json\/wp\/v2\/product_tag?post=3811"}],"curies":[{"name":"wp","href":"https:\/\/api.w.org\/{rel}","templated":true}]}}