{"id":3595,"date":"2025-08-26T15:11:44","date_gmt":"2025-08-26T15:11:44","guid":{"rendered":"https:\/\/zoyaedit.com\/product\/purple_leather_tote_with_tassel_soft_805852910\/"},"modified":"2025-08-31T18:05:56","modified_gmt":"2025-08-31T18:05:56","slug":"purple_leather_tote_with_tassel_soft_805852910","status":"publish","type":"product","link":"https:\/\/checkout.luxaurabag.com\/fr\/produit\/purple_leather_tote_with_tassel_soft_805852910\/","title":{"rendered":"Fourre-tout en cuir violet avec pompon, sac de travail et de voyage en cuir souple, sacoche d'ordinateur en cuir avec fermeture \u00e0 glissi\u00e8re en laiton, option sac \u00e0 main shopper en cuir"},"content":{"rendered":"<p class='wt-text-body-01 wt-break-word' data-product-details-description-text-content=''>            Fourre-tout en cuir violet, id\u00e9al pour le travail et l'\u00e9cole. <br \/>Ce sac est r\u00e9alis\u00e9 en cuir cireux lisse violet. <\/p>\n<p> Tous nos sacs sont fabriqu\u00e9s sur commande. Le d\u00e9lai de production est de 3 \u00e0 5 jours ouvrables, jusqu'\u00e0 7 jours pour les commandes personnalis\u00e9es. <\/p>\n<p>Si vous souhaitez que le sac soit d'une autre couleur, veuillez choisir une option dans la liste ci-dessous.  <\/p>\n<p>Ajouter une doublure \u00e0 tous nos sacs<\/p>\n<p>Sac en cuir souple, violet aubergine vieilli, avec poche frontale et pompon<br \/>( inclus) <\/p>\n<p>FONCTIONNALIT\u00c9 :<br \/>        - L\u00e9ger et durable, il peut \u00eatre utilis\u00e9 comme sac de tous les jours.<br \/>        - Grande poche frontale 9\" x 7\", id\u00e9ale pour vos cl\u00e9s, lunettes de soleil, t\u00e9l\u00e9phone.<br \/>        - Convient aux ordinateurs portables de petite taille + espace pour quelques livres, portefeuille <br \/>       \t- Bretelles longues en cuir \u00e0 porter sur les couches superpos\u00e9es, tr\u00e8s r\u00e9sistantes.<br \/>\t- De grandes poches int\u00e9rieures, dont une avec fermeture \u00e9clair, sont tr\u00e8s pratiques pour ranger vos cl\u00e9s, votre gloss, votre iPhone ou vos lunettes.<br \/>\t- L\u00e9ger (environ 1,5 kg)<br \/>        - Il n'y a PAS de transfert de couleur sur les v\u00eatements. <br \/>        - Id\u00e9al par tous les temps, qu'il pleuve ou qu'il neige.  Il r\u00e9siste \u00e0 tous les coups et ne fait que s'am\u00e9liorer avec le temps.<br \/>        - Id\u00e9al pour le travail, l'\u00e9cole et les voyages, mais aussi pour un rendez-vous galant.<br \/>        - Le haut du fourre-tout est muni d'une fermeture \u00e0 glissi\u00e8re Option pour garder vos affaires importantes en s\u00e9curit\u00e9\u00a0 <\/p>\n<p>\ud83d\udd3bTall tote Measurements :<\/p>\n<p> Ouverture sup\u00e9rieure 15 \"W x 14 \"H <br \/>11\" L x 4\" P Base<br \/> Longueur de la sangle : 10\".<\/p>\n<p>***Fabriqu\u00e9 en cuir souple de premi\u00e8re qualit\u00e9, 1,4 mm, de couleur pourpre, vieilli. <\/p>\n<p>Notre cuir pleine fleur est la plus haute qualit\u00e9 de cuir disponible. Il s'embellit avec l'usage et l'\u00e2ge et durera toute une vie.<\/p>\n<p>        - Tous nos sacs en cuir sont fabriqu\u00e9s \u00e0 la main dans notre atelier situ\u00e9 dans le quartier Old City de Philadelphie (Pennsylvanie).<br \/>       - Garantie \u00e0 vie ! Nous le r\u00e9parons\/rempla\u00e7ons gratuitement.\u00a0\u00a0<br \/>       - Fabriqu\u00e9 avec un cuir robuste et durable, qui durera toute une vie. Cuir d'origine am\u00e9ricaine et tann\u00e9 dans le Maine.<br \/>        - Retours\/\u00e9changes accept\u00e9s avec plaisir<\/p>\n<p>Si vous souhaitez apporter des modifications ou des ajouts, y compris une fermeture \u00e0 glissi\u00e8re, un bouton-pression, un pompon, une ou plusieurs poches suppl\u00e9mentaires, une doublure, des ajustements de taille, etc.<br \/> cliquez ici \ud83d\udc47\ud83c\udffb<\/p>\n<p>\u25bcINSTAGRAM ET FACEBOOK<br \/>N'h\u00e9sitez pas \u00e0 visiter notre compte Instagram pour notre flux quotidien de nouveaux sacs, le fabricant, les cuirs et le processus.<br \/>https:\/\/www.instagram.com\/urbanartisanboutique\/<br \/>https:\/\/www.facebook.com\/URBANARTISANBOUTIQUE<\/p>\n<p>&gt;\u00c0 propos de nous&lt;\n\nTous nos sacs en cuir sont fabriqu\u00e9s \u00e0 la main dans notre magasin\/atelier de Philadelphie PA. Nos sacs sont mesur\u00e9s, coup\u00e9s, cousus et soigneusement inspect\u00e9s par Victoria, qui con\u00e7oit et cr\u00e9e tous nos articles en cuir.Chaque sac est unique, attire l&#039;attention avec des combinaisons de couleurs int\u00e9ressantes et de belles textures de cuir et de daim.<br \/> Nous sommes \u00e9galement tr\u00e8s heureux de discuter des commandes et des demandes personnalis\u00e9es. <br \/>Nous sommes une entreprise 100% d\u00e9tenue et g\u00e9r\u00e9e par des femmes.\u00a0<\/p>\n<p>Nous avons eu la chance d'\u00eatre pr\u00e9sent\u00e9s dans le Philly Voice !<br \/>https:\/\/www.phillyvoice.com\/an-urban-artisan-from-another-land-is-making-it-work-in-the-big-city-victoria-macbain\/<\/p>\n<p>&gt;Cuir &lt;\n\nNous utilisons du cuir pleine fleur pour tous nos fourre-tout, qui est le cuir le plus solide et le plus durable disponible. Nous utilisons du cuir v\u00e9ritable qui n&#039;a pas \u00e9t\u00e9 ponc\u00e9 ou ras\u00e9 et chaque pi\u00e8ce a une texture unique et des imperfections naturelles. Le cuir pleine fleur se conditionne naturellement \u00e0 l&#039;usage, d\u00e9veloppant une patine tr\u00e8s recherch\u00e9e et un caract\u00e8re unique au fil du temps.<br \/>Tous nos sacs en cuir sont cr\u00e9\u00e9s dans un environnement enti\u00e8rement exempt d'animaux et de fum\u00e9e.Nous nous effor\u00e7ons de faire de votre exp\u00e9rience un moment privil\u00e9gi\u00e9 et de r\u00e9pondre \u00e0 toutes vos attentes en mati\u00e8re de qualit\u00e9.<\/p>\n<p>&gt;Nos politiques<\n\nPlease read about our shipping details and shop policies before purchasing your goodies in tab above titled &#8216;Shipping &#038; Policies&#8217;. We love our customers and want you to love your shopping experience with us as much as we love you, so please do read our policies and contact us with any questions or concerns you may have.\n\n>Taxes \u00e0 l'importation et douanes&lt;\n\n****Certains pays imposent des taxes d&#039;importation sur les produits fabriqu\u00e9s aux \u00c9tats-Unis, qui ne sont PAS incluses dans nos prix. Les acheteurs internationaux sont responsables des droits de douane et des taxes qui peuvent s&#039;appliquer. Des retards peuvent survenir en raison des douanes. Veuillez laisser un num\u00e9ro de t\u00e9l\u00e9phone lorsque vous achetez dans notre boutique, cela pourrait acc\u00e9l\u00e9rer le temps de transit.***        <\/p>","protected":false},"excerpt":{"rendered":"<p>Sac fourre-tout en cuir violet, id\u00e9al pour le travail et l'\u00e9cole. Ce sac est fabriqu\u00e9 en cuir cireux lisse de couleur violette. Tous nos sacs sont fabriqu\u00e9s sur commande. Le d\u00e9lai de production est de 3 \u00e0 5 jours ouvrables, jusqu'\u00e0 7 jours pour les commandes personnalis\u00e9es. Si vous souhaitez un sac dans une couleur diff\u00e9rente, veuillez...<\/p>","protected":false},"featured_media":3745,"comment_status":"open","ping_status":"closed","template":"","meta":{"_kad_post_transparent":"","_kad_post_title":"","_kad_post_layout":"","_kad_post_sidebar_id":"","_kad_post_content_style":"","_kad_post_vertical_padding":"","_kad_post_feature":"","_kad_post_feature_position":"","_kad_post_header":false,"_kad_post_footer":false},"product_brand":[],"product_cat":[75],"product_tag":[],"class_list":{"0":"post-3595","1":"product","2":"type-product","3":"status-publish","4":"has-post-thumbnail","6":"product_cat-bags","8":"first","9":"instock","10":"shipping-taxable","11":"purchasable","12":"product-type-variable","13":"entry","14":"content-bg","15":"loop-entry"},"_links":{"self":[{"href":"https:\/\/checkout.luxaurabag.com\/fr\/wp-json\/wp\/v2\/product\/3595","targetHints":{"allow":["GET"]}}],"collection":[{"href":"https:\/\/checkout.luxaurabag.com\/fr\/wp-json\/wp\/v2\/product"}],"about":[{"href":"https:\/\/checkout.luxaurabag.com\/fr\/wp-json\/wp\/v2\/types\/product"}],"replies":[{"embeddable":true,"href":"https:\/\/checkout.luxaurabag.com\/fr\/wp-json\/wp\/v2\/comments?post=3595"}],"wp:featuredmedia":[{"embeddable":true,"href":"https:\/\/checkout.luxaurabag.com\/fr\/wp-json\/wp\/v2\/media\/3745"}],"wp:attachment":[{"href":"https:\/\/checkout.luxaurabag.com\/fr\/wp-json\/wp\/v2\/media?parent=3595"}],"wp:term":[{"taxonomy":"product_brand","embeddable":true,"href":"https:\/\/checkout.luxaurabag.com\/fr\/wp-json\/wp\/v2\/product_brand?post=3595"},{"taxonomy":"product_cat","embeddable":true,"href":"https:\/\/checkout.luxaurabag.com\/fr\/wp-json\/wp\/v2\/product_cat?post=3595"},{"taxonomy":"product_tag","embeddable":true,"href":"https:\/\/checkout.luxaurabag.com\/fr\/wp-json\/wp\/v2\/product_tag?post=3595"}],"curies":[{"name":"wp","href":"https:\/\/api.w.org\/{rel}","templated":true}]}}