{"id":3373,"date":"2025-08-26T15:11:32","date_gmt":"2025-08-26T15:11:32","guid":{"rendered":"https:\/\/zoyaedit.com\/product\/leather_tote_bag_with_zipper_for_814589355\/"},"modified":"2025-08-31T18:05:51","modified_gmt":"2025-08-31T18:05:51","slug":"leather_tote_bag_with_zipper_for_814589355","status":"publish","type":"product","link":"https:\/\/checkout.luxaurabag.com\/fr\/produit\/leather_tote_bag_with_zipper_for_814589355\/","title":{"rendered":"Sac \u00e0 main en cuir avec fermeture \u00e9clair pour femmes,Sac \u00e0 main en cuir pour femmes avec fermeture \u00e9clair,Sac \u00e0 main pour femmes en cuir,Sac \u00e0 main en cuir pour femmes,Sac \u00e0 main personnalis\u00e9"},"content":{"rendered":"<p class='wt-text-body-01 wt-break-word' data-product-details-description-text-content=''>            Sac.<br \/>Lien vers la section des sacs en cuir - <br \/>Vous recherchez une sacoche suffisamment spacieuse pour transporter votre ordinateur portable, mais au design simple et \u00e9l\u00e9gant ? Un sac en cuir pour femme est la solution id\u00e9ale pour r\u00e9pondre \u00e0 vos exigences.<\/p>\n<p>PRINCIPALES CARACT\u00c9RISTIQUES :<\/p>\n<p>- Tailles :<br \/>\ud83d\udd38 Le sac est fabriqu\u00e9 en fonction des dimensions de votre ordinateur portable. (S'il vous pla\u00eet, laissez les dimensions de votre ordinateur portable dans la bo\u00eete de notes \u00e0 la page de paiement).<\/p>\n<p>- Poches :<br \/>\ud83d\udd38 Poche frontale \u00e0 rabat avec 2 boutons-pression ;<br \/>\ud83d\udd38 Poche arri\u00e8re zipp\u00e9e sur le devant ;<\/p>\n<p>- Fermeture \u00e0 glissi\u00e8re du compartiment principal ;<br \/>- Bandouli\u00e8re r\u00e9glable ;<br \/>- Poign\u00e9es sup\u00e9rieures.<\/p>\n<p>\ud83d\udd38\ud83d\udd38\ud83d\udd38\ud83d\udd38 Modifications personnalis\u00e9es sur demande \ud83d\udd38\ud83d\udd38\ud83d\udd38\ud83d\udd38\ud83d\udd38\ud83d\udd38<\/p>\n<p>REMARQUE : Pour commander un article personnalis\u00e9, veuillez nous envoyer une DEMANDE DE COMMANDE PERSONNALISEE.<\/p>\n<p>-------------------------<br \/>PERSONNALISATION<\/p>\n<p>Vos initiales, votre texte ou votre photo sur l'article. <\/p>\n<p>\ud83d\udd38\ud83d\udd38\ud83d\udd38How to make your item personalized\ud83d\udd38\ud83d\udd38\ud83d\udd38\ud83d\udd38\ud83d\udd38\ud83d\udd38<br \/>1. Choisissez \"Taille + Gravure\" dans le menu Taille et Personnalisation ;<br \/>2. Laissez le texte \u00e0 graver dans la case Personnalisation ;<br \/>3. Ou envoyez-nous un fichier image.<\/p>\n<p>--------------------------<br \/>EXP\u00c9DITION \u2708<\/p>\n<p>- Exp\u00e9dition standard<br \/>- Exp\u00e9dition express (2-4 jours ouvrables), disponible sur demande<\/p>\n<p>--------------------------<br \/>COMMERCE DE GROS<br \/>Cette sacoche simple et \u00e9l\u00e9gante est con\u00e7ue pour les femmes au go\u00fbt raffin\u00e9. Suffisamment spacieux, il convient non seulement \u00e0 l'ordinateur portable, mais aussi au carnet de notes, aux papiers et \u00e0 d'autres objets essentiels que vous emportez avec vous en d\u00e9placement. Commandez quelques sacs pour offrir \u00e0 votre m\u00e8re, votre fille, votre \u00e9pouse ou \u00e0 votre \u00e9quipe de coll\u00e8gues.<\/p>\n<p>\ud83d\udd38\ud83d\udd38\ud83d\udd38\ud83d\udd38 Veuillez nous contacter pour obtenir des prix sp\u00e9ciaux sur plusieurs articles \ud83d\udd38\ud83d\udd38\ud83d\udd38\ud83d\udd38\ud83d\udd38\ud83d\udd38<\/p>\n<p>--------------------------<br \/>Pourquoi LezoStore :<\/p>\n<p>- Articles fabriqu\u00e9s \u00e0 la main ;<br \/>- Cuir et quincaillerie de premi\u00e8re qualit\u00e9 ;<br \/>- Large gamme de couleurs et d'accessoires disponibles ;<br \/>- Tous les articles peuvent \u00eatre personnalis\u00e9s ;<br \/>- Garantie de 12 mois.        <\/p>","protected":false},"excerpt":{"rendered":"<p>Bag.Link \u00e0 la section des sacs en cuir - Vous recherchez un sac besace suffisamment spacieux pour transporter votre ordinateur portable, mais au design simple et \u00e9l\u00e9gant ? Un sac en cuir pour femme pour ordinateur portable est une solution id\u00e9ale pour r\u00e9pondre \u00e0 vos exigences. CARACTERISTIQUES PRINCIPALES : - Dimensions:\ud83d\udd38 Le sac est fabriqu\u00e9 en fonction des dimensions de votre ordinateur portable....<\/p>","protected":false},"featured_media":3727,"comment_status":"open","ping_status":"closed","template":"","meta":{"_kad_post_transparent":"","_kad_post_title":"","_kad_post_layout":"","_kad_post_sidebar_id":"","_kad_post_content_style":"","_kad_post_vertical_padding":"","_kad_post_feature":"","_kad_post_feature_position":"","_kad_post_header":false,"_kad_post_footer":false},"product_brand":[],"product_cat":[75],"product_tag":[],"class_list":{"0":"post-3373","1":"product","2":"type-product","3":"status-publish","4":"has-post-thumbnail","6":"product_cat-bags","8":"first","9":"instock","10":"shipping-taxable","11":"purchasable","12":"product-type-variable","13":"entry","14":"content-bg","15":"loop-entry"},"_links":{"self":[{"href":"https:\/\/checkout.luxaurabag.com\/fr\/wp-json\/wp\/v2\/product\/3373","targetHints":{"allow":["GET"]}}],"collection":[{"href":"https:\/\/checkout.luxaurabag.com\/fr\/wp-json\/wp\/v2\/product"}],"about":[{"href":"https:\/\/checkout.luxaurabag.com\/fr\/wp-json\/wp\/v2\/types\/product"}],"replies":[{"embeddable":true,"href":"https:\/\/checkout.luxaurabag.com\/fr\/wp-json\/wp\/v2\/comments?post=3373"}],"wp:featuredmedia":[{"embeddable":true,"href":"https:\/\/checkout.luxaurabag.com\/fr\/wp-json\/wp\/v2\/media\/3727"}],"wp:attachment":[{"href":"https:\/\/checkout.luxaurabag.com\/fr\/wp-json\/wp\/v2\/media?parent=3373"}],"wp:term":[{"taxonomy":"product_brand","embeddable":true,"href":"https:\/\/checkout.luxaurabag.com\/fr\/wp-json\/wp\/v2\/product_brand?post=3373"},{"taxonomy":"product_cat","embeddable":true,"href":"https:\/\/checkout.luxaurabag.com\/fr\/wp-json\/wp\/v2\/product_cat?post=3373"},{"taxonomy":"product_tag","embeddable":true,"href":"https:\/\/checkout.luxaurabag.com\/fr\/wp-json\/wp\/v2\/product_tag?post=3373"}],"curies":[{"name":"wp","href":"https:\/\/api.w.org\/{rel}","templated":true}]}}