{"id":3169,"date":"2025-08-26T15:11:18","date_gmt":"2025-08-26T15:11:18","guid":{"rendered":"https:\/\/zoyaedit.com\/product\/handmade_black_leather_tote_bag_large_1633465333\/"},"modified":"2025-08-31T18:05:27","modified_gmt":"2025-08-31T18:05:27","slug":"handmade_black_leather_tote_bag_large_1633465333","status":"publish","type":"product","link":"https:\/\/checkout.luxaurabag.com\/fr\/produit\/handmade_black_leather_tote_bag_large_1633465333\/","title":{"rendered":"Sac fourre-tout en cuir noir fait main - Sac \u00e0 bandouli\u00e8re large et souple"},"content":{"rendered":"<p class='wt-text-body-01 wt-break-word' data-product-details-description-text-content=''>            Un sac fourre-tout noir est la combinaison parfaite du style et de la fonctionnalit\u00e9. Ce fourre-tout spacieux en cuir souple de premi\u00e8re qualit\u00e9 est con\u00e7u pour la femme moderne qui appr\u00e9cie l'\u00e9l\u00e9gance et le confort.<\/p>\n<p>Les deux poign\u00e9es confortables facilitent le transport. Le design minimaliste garantit la polyvalence de ce fourre-tout, qui s'adapte \u00e0 toutes les tenues, qu'il s'agisse d'un ensemble \u00e9l\u00e9gant ou d'un jean d\u00e9contract\u00e9, au travail ou en voyage.<\/p>\n<p>La fermeture \u00e0 glissi\u00e8re pratique du sac fourre-tout permet de garder vos effets personnels en s\u00e9curit\u00e9. \u00c0 l'int\u00e9rieur, la doublure en polyester l\u00e9ger assure un entretien facile, et vous trouverez \u00e9galement deux poches pour ranger vos petits objets.<\/p>\n<p>Ce fourre-tout se distingue par le fait qu'il est transformable. Ajustez sa taille sans effort et transformez-le en un sac plus petit si n\u00e9cessaire. Cette adaptabilit\u00e9 ajoute de la polyvalence \u00e0 votre garde-robe et vous permet de changer facilement de style.<\/p>\n<p>Un sentiment de libert\u00e9 et de l\u00e9g\u00e8ret\u00e9 vous envahit lorsque vous portez ce sac, con\u00e7u pour compl\u00e9ter votre style de vie dynamique. <\/p>\n<p>Am\u00e9liorez votre jeu de mode avec un sac \u00e0 main qui incarne la simplicit\u00e9, la sophistication et la joie de l'\u00e9l\u00e9gance sans effort.<\/p>\n<p>Mesures :<\/p>\n<p>Longueur 18.8 in \/ 48 cm<br \/>Largeur 8,2 in \/ 21 cm<br \/>Hauteur 13,7 in \/ 35 cm<\/p>\n<p>Caract\u00e9ristiques :<\/p>\n<p>\ud83c\udf1f Cuir v\u00e9ritable Dollaro : Ce sac est fabriqu\u00e9 en cuir v\u00e9ritable Dollaro de haute qualit\u00e9, connu pour sa durabilit\u00e9 et son fini textur\u00e9 unique. Les caract\u00e9ristiques naturelles du cuir donnent \u00e0 chaque sac un aspect distinct, ce qui en fait un choix \u00e9l\u00e9gant et pratique.<\/p>\n<p> \ud83d\udc5c Int\u00e9rieur 1 compartiment<br \/>Le compartiment principal offre suffisamment d'espace pour ranger vos objets essentiels, ce qui vous permet de rester organis\u00e9 lors de vos d\u00e9placements.<\/p>\n<p>Mini poche zipp\u00e9e<br \/>Parfait pour s\u00e9curiser les petits objets, les garder en s\u00e9curit\u00e9 et les retrouver facilement.<\/p>\n<p>\ud83d\udcf1 Pochette pour t\u00e9l\u00e9phone ou carte d'identit\u00e9<br \/>Une poche d\u00e9di\u00e9e \u00e0 votre t\u00e9l\u00e9phone ou \u00e0 votre carte d'identit\u00e9 vous permet d'acc\u00e9der facilement \u00e0 vos objets les plus importants.<\/p>\n<p>\ud83c\udf92 Poche arri\u00e8re avec fermeture \u00e0 glissi\u00e8re<br \/>Une poche zipp\u00e9e suppl\u00e9mentaire \u00e0 l'arri\u00e8re offre un espace de rangement et de s\u00e9curit\u00e9 suppl\u00e9mentaire pour les objets que vous souhaitez garder \u00e0 port\u00e9e de main.<\/p>\n<p>\ud83e\uddf5 Doublure en polyester<br \/>L'int\u00e9rieur est doubl\u00e9 de polyester durable, prot\u00e9geant vos effets personnels et ajoutant une finition soign\u00e9e.<\/p>\n<p>\ud83d\udc8e Accessoires en argent<br \/>D'\u00e9l\u00e9gants accessoires argent\u00e9s ajoutent une touche de sophistication et compl\u00e8tent \u00e0 merveille le design du sac.<\/p>\n<p>\ud83d\udc50 Fabrication artisanale<br \/>Ce sac \u00e0 dos est m\u00e9ticuleusement fait \u00e0 la main, ce qui garantit que chaque pi\u00e8ce est unique et fabriqu\u00e9e avec soin.<\/p>\n<p>Notes : Les couleurs peuvent varier en fonction du r\u00e9glage et de l'\u00e9talonnage de votre \u00e9cran. Tous les produits sont fabriqu\u00e9s \u00e0 la main, il peut donc y avoir de petits \u00e9carts dimensionnels et d'autres inexactitudes.        <\/p>","protected":false},"excerpt":{"rendered":"<p>Un sac fourre-tout noir est la combinaison parfaite du style et de la fonctionnalit\u00e9. Ce fourre-tout spacieux en cuir souple de premi\u00e8re qualit\u00e9 est con\u00e7u pour la femme moderne qui appr\u00e9cie l'\u00e9l\u00e9gance et le confort. Les deux poign\u00e9es confortables permettent de le porter facilement. Le design minimaliste assure la polyvalence, rendant ce sac fourre-tout parfait pour toutes les tenues,...<\/p>","protected":false},"featured_media":3648,"comment_status":"open","ping_status":"closed","template":"","meta":{"_kad_post_transparent":"","_kad_post_title":"","_kad_post_layout":"","_kad_post_sidebar_id":"","_kad_post_content_style":"","_kad_post_vertical_padding":"","_kad_post_feature":"","_kad_post_feature_position":"","_kad_post_header":false,"_kad_post_footer":false},"product_brand":[],"product_cat":[75],"product_tag":[],"class_list":{"0":"post-3169","1":"product","2":"type-product","3":"status-publish","4":"has-post-thumbnail","6":"product_cat-bags","8":"first","9":"instock","10":"shipping-taxable","11":"purchasable","12":"product-type-variable","13":"entry","14":"content-bg","15":"loop-entry"},"_links":{"self":[{"href":"https:\/\/checkout.luxaurabag.com\/fr\/wp-json\/wp\/v2\/product\/3169","targetHints":{"allow":["GET"]}}],"collection":[{"href":"https:\/\/checkout.luxaurabag.com\/fr\/wp-json\/wp\/v2\/product"}],"about":[{"href":"https:\/\/checkout.luxaurabag.com\/fr\/wp-json\/wp\/v2\/types\/product"}],"replies":[{"embeddable":true,"href":"https:\/\/checkout.luxaurabag.com\/fr\/wp-json\/wp\/v2\/comments?post=3169"}],"wp:featuredmedia":[{"embeddable":true,"href":"https:\/\/checkout.luxaurabag.com\/fr\/wp-json\/wp\/v2\/media\/3648"}],"wp:attachment":[{"href":"https:\/\/checkout.luxaurabag.com\/fr\/wp-json\/wp\/v2\/media?parent=3169"}],"wp:term":[{"taxonomy":"product_brand","embeddable":true,"href":"https:\/\/checkout.luxaurabag.com\/fr\/wp-json\/wp\/v2\/product_brand?post=3169"},{"taxonomy":"product_cat","embeddable":true,"href":"https:\/\/checkout.luxaurabag.com\/fr\/wp-json\/wp\/v2\/product_cat?post=3169"},{"taxonomy":"product_tag","embeddable":true,"href":"https:\/\/checkout.luxaurabag.com\/fr\/wp-json\/wp\/v2\/product_tag?post=3169"}],"curies":[{"name":"wp","href":"https:\/\/api.w.org\/{rel}","templated":true}]}}