{"id":3153,"date":"2025-08-26T15:11:18","date_gmt":"2025-08-26T15:11:18","guid":{"rendered":"https:\/\/zoyaedit.com\/product\/extra_large_brown_leather_bag_19wx_886468681\/"},"modified":"2025-08-31T18:05:25","modified_gmt":"2025-08-31T18:05:25","slug":"extra_large_brown_leather_bag_19wx_886468681","status":"publish","type":"product","link":"https:\/\/checkout.luxaurabag.com\/fr\/produit\/extra_large_brown_leather_bag_19wx_886468681\/","title":{"rendered":"Tr\u00e8s grand sac en cuir marron 19 \"Wx 15 \"Hx5 \"D Sac de travail et de voyage surdimensionn\u00e9 pour ordinateur"},"content":{"rendered":"<p class='wt-text-body-01 wt-break-word' data-product-details-description-text-content=''>            Tous nos sacs sont fabriqu\u00e9s sur commande. Le d\u00e9lai de production est de 3 \u00e0 5 jours ouvrables, jusqu'\u00e0 7 jours pour les commandes personnalis\u00e9es. <\/p>\n<p>Si vous souhaitez que le sac soit d'une autre couleur, veuillez choisir une option dans la liste ci-dessous.  <\/p>\n<p>Ajouter une doublure \u00e0 tous nos sacs<\/p>\n<p>Fourre-tout XL avec poche frontale. Poign\u00e9es longues et courtes en cuir brun vintage. <br \/>Mesures : <br \/>24\" de large (haut) x 15\" de haut, 5\u2032 de profondeur<br \/>19\" de large (en bas)<br \/>Longueur de la sangle 11\" Poign\u00e9es courtes 5\" de chute <br \/>Cuir marron de 2,2 mm d'\u00e9paisseur, corps et bracelets en cuir <\/p>\n<p>Le haut du fourre-tout est dot\u00e9 d'une fermeture \u00e0 glissi\u00e8re Option pour garder vos affaires importantes en s\u00e9curit\u00e9.\u00a0<br \/>Deux poches int\u00e9rieures pratiques, dont une avec fermeture \u00e0 glissi\u00e8re.<br \/>Le sac peut facilement contenir votre ordinateur portable ainsi que d'autres objets lourds.<\/p>\n<p>***Notre cuir pleine fleur est la plus haute qualit\u00e9 de cuir disponible qui s'embellit avec l'usage et l'\u00e2ge et durera toute une vie.<\/p>\n<p>        - Tous nos sacs en cuir sont fabriqu\u00e9s \u00e0 la main dans notre atelier situ\u00e9 dans le quartier Old City de Philadelphie, en Pennsylvanie.        <br \/>        - Garantie \u00e0 vie ! Nous le r\u00e9parons\/rempla\u00e7ons gratuitement.   <br \/>\t- Fabriqu\u00e9 avec un cuir robuste et durable qui durera toute une vie. Cuir d'origine am\u00e9ricaine et tann\u00e9 dans le Maine. <br \/>        - Les retours\/\u00e9changes sont accept\u00e9s avec plaisir. <\/p>\n<p>FONCTIONNALIT\u00c9 :<br \/>\t- Les longues lani\u00e8res de cuir se portent \u00e0 l'\u00e9paule et se superposent facilement aux v\u00eatements d'hiver.\u00a0<br \/>\t- Les deux poches int\u00e9rieures, dont l'une est zipp\u00e9e, sont tr\u00e8s pratiques pour ranger vos cl\u00e9s, votre gloss, votre iPhone, vos lunettes, etc.<br \/>        - Id\u00e9al par tous les temps, qu'il pleuve ou qu'il neige. Il r\u00e9siste \u00e0 tous les coups et ne fait que s'am\u00e9liorer avec le temps.<br \/>        - Parfait pour un usage quotidien, au travail, \u00e0 l'\u00e9cole et en voyage.<\/p>\n<p>Si vous souhaitez des modifications, des ajouts, y compris une fermeture \u00e0 glissi\u00e8re, un bouton-pression, un pompon, une ou plusieurs poches suppl\u00e9mentaires et des ajustements de taille, cliquez ici \ud83d\udc47\ud83c\udffb.<\/p>\n<p>&gt;\u00c0 propos de nous&lt;\n\nTous nos sacs en cuir sont fabriqu\u00e9s \u00e0 la main dans notre magasin\/atelier de Philadelphie PA. <br \/>Nos sacs sont mesur\u00e9s, coup\u00e9s, cousus et soigneusement inspect\u00e9s par Victoria, qui con\u00e7oit et cr\u00e9e tous nos articles en cuir.<br \/>Chaque sac est unique et attire l'attention gr\u00e2ce \u00e0 des combinaisons de couleurs int\u00e9ressantes et \u00e0 de belles textures de cuir et de daim. <br \/>Nous sommes \u00e9galement tr\u00e8s heureux de discuter des commandes et des demandes personnalis\u00e9es. Nous sommes une entreprise 100% d\u00e9tenue et g\u00e9r\u00e9e par des femmes.<\/p>\n<p>&gt;Fournisseur de cuir&lt;\n\nNotre cuir est d&#039;origine am\u00e9ricaine et tann\u00e9 dans le Maine. Il est fourni par Tasman Leather Industries, une marque am\u00e9ricaine de renom en ce qui concerne les fournisseurs de cuir am\u00e9ricains, qui a plus de 70 ans d&#039;exp\u00e9rience et d&#039;expertise.\n\nTous nos sacs en cuir sont cr\u00e9\u00e9s dans un environnement sans animaux et sans fum\u00e9e.<br \/>Nous nous effor\u00e7ons de faire de votre exp\u00e9rience un moment privil\u00e9gi\u00e9 et de r\u00e9pondre \u00e0 toutes vos attentes en mati\u00e8re de qualit\u00e9.<\/p>\n<p>&gt;Taxes \u00e0 l'importation et douanes&lt;\n\n****Les acheteurs internationaux sont responsables des taxes douani\u00e8res et d&#039;importation qui peuvent s&#039;appliquer. Nous ne sommes pas responsables des retards dus aux douanes.        <\/p>","protected":false},"excerpt":{"rendered":"<p>Tous nos sacs sont fabriqu\u00e9s sur commande. Le d\u00e9lai de production est de 3 \u00e0 5 jours ouvrables, jusqu'\u00e0 7 jours pour les commandes personnalis\u00e9es. Si vous souhaitez que le sac soit dans une couleur diff\u00e9rente, veuillez choisir une option dans la liste ci-dessous Ajoutez une doublure \u00e0 n'importe lequel de nos sacs Fourre-tout XL avec poche frontale. Poign\u00e9es longues et courtes en...<\/p>","protected":false},"featured_media":3628,"comment_status":"open","ping_status":"closed","template":"","meta":{"_kad_post_transparent":"","_kad_post_title":"","_kad_post_layout":"","_kad_post_sidebar_id":"","_kad_post_content_style":"","_kad_post_vertical_padding":"","_kad_post_feature":"","_kad_post_feature_position":"","_kad_post_header":false,"_kad_post_footer":false},"product_brand":[],"product_cat":[75],"product_tag":[],"class_list":{"0":"post-3153","1":"product","2":"type-product","3":"status-publish","4":"has-post-thumbnail","6":"product_cat-bags","8":"first","9":"instock","10":"shipping-taxable","11":"purchasable","12":"product-type-variable","13":"entry","14":"content-bg","15":"loop-entry"},"_links":{"self":[{"href":"https:\/\/checkout.luxaurabag.com\/fr\/wp-json\/wp\/v2\/product\/3153","targetHints":{"allow":["GET"]}}],"collection":[{"href":"https:\/\/checkout.luxaurabag.com\/fr\/wp-json\/wp\/v2\/product"}],"about":[{"href":"https:\/\/checkout.luxaurabag.com\/fr\/wp-json\/wp\/v2\/types\/product"}],"replies":[{"embeddable":true,"href":"https:\/\/checkout.luxaurabag.com\/fr\/wp-json\/wp\/v2\/comments?post=3153"}],"wp:featuredmedia":[{"embeddable":true,"href":"https:\/\/checkout.luxaurabag.com\/fr\/wp-json\/wp\/v2\/media\/3628"}],"wp:attachment":[{"href":"https:\/\/checkout.luxaurabag.com\/fr\/wp-json\/wp\/v2\/media?parent=3153"}],"wp:term":[{"taxonomy":"product_brand","embeddable":true,"href":"https:\/\/checkout.luxaurabag.com\/fr\/wp-json\/wp\/v2\/product_brand?post=3153"},{"taxonomy":"product_cat","embeddable":true,"href":"https:\/\/checkout.luxaurabag.com\/fr\/wp-json\/wp\/v2\/product_cat?post=3153"},{"taxonomy":"product_tag","embeddable":true,"href":"https:\/\/checkout.luxaurabag.com\/fr\/wp-json\/wp\/v2\/product_tag?post=3153"}],"curies":[{"name":"wp","href":"https:\/\/api.w.org\/{rel}","templated":true}]}}