{"id":3150,"date":"2025-08-26T15:11:18","date_gmt":"2025-08-26T15:11:18","guid":{"rendered":"https:\/\/zoyaedit.com\/product\/black_leather_tote_bag_sale_unique_653816615\/"},"modified":"2025-08-31T18:05:25","modified_gmt":"2025-08-31T18:05:25","slug":"black_leather_tote_bag_sale_unique_653816615","status":"publish","type":"product","link":"https:\/\/checkout.luxaurabag.com\/fr\/produit\/black_leather_tote_bag_sale_unique_653816615\/","title":{"rendered":"Sac fourre-tout en cuir noir DESTOCKAGE - Sacoche d'ordinateur en cuir unique pour l'\u00e9cole et le travail - Sac shopper en cuir fait main - Sac fourre-tout de voyage en cuir avec fermeture \u00e0 glissi\u00e8re"},"content":{"rendered":"<p class='wt-text-body-01 wt-break-word' data-product-details-description-text-content=''>            Tous nos sacs sont fabriqu\u00e9s sur commande. Le d\u00e9lai de production est de 3 \u00e0 5 jours ouvrables, jusqu'\u00e0 7 jours pour les commandes personnalis\u00e9es. <\/p>\n<p>Si vous souhaitez que le sac soit d'une autre couleur, veuillez choisir une option dans la liste ci-dessous.  <\/p>\n<p>Ajouter une doublure \u00e0 tous nos sacs<\/p>\n<p>Mesures :<br \/>19\" de large x 13\" de haut (base de 16\" de large x 4\" de profondeur)<br \/>Longueur de la sangle : 11\".<\/p>\n<p>Il s'agit d'un fourre-tout avec des sangles tress\u00e9es \u00e0 6 brins. <br \/>C'est un fourre-tout tr\u00e8s \u00e9l\u00e9gant et f\u00e9minin.<br \/>Il est fabriqu\u00e9 en cuir pleine fleur noir et est muni d'un pompon.<br \/>Il est parfait pour un usage quotidien ou pour une occasion sp\u00e9ciale. <br \/>Ce sac est tr\u00e8s \u00e9l\u00e9gant. C'est un fourre-tout moderne et chic. <br \/>Ce fourre-tout est id\u00e9al pour le travail, l'\u00e9cole, les loisirs, le shopping, les voyages, etc.<br \/>Il est fabriqu\u00e9 en cuir de galet \u00e9pais et onctueux. <br \/>Il poss\u00e8de les deux poches habituelles \u00e0 l'int\u00e9rieur, dont l'une se ferme par une fermeture \u00e9clair.<\/p>\n<p>Cuir :<br \/>Le cuir utilis\u00e9 pour ce fourre-tout est un cuir de galet noir pleine fleur. Il mesure 4,5 oz d'\u00e9paisseur. <\/p>\n<p>***Notre cuir pleine fleur est la plus haute qualit\u00e9 de cuir disponible qui s'embellit avec l'usage et l'\u00e2ge et durera toute une vie.<\/p>\n<p>         - Tous nos sacs en cuir sont fabriqu\u00e9s \u00e0 la main dans notre atelier situ\u00e9 dans le quartier Old City de Philadelphie, en Pennsylvanie.<br \/>         - Garantie \u00e0 vie ! Nous le r\u00e9parons\/rempla\u00e7ons gratuitement.\u00a0\u00a0<br \/>- Fabriqu\u00e9 avec un cuir robuste et durable, qui durera toute une vie. Cuir d'origine am\u00e9ricaine et tann\u00e9 dans le Maine.\u00a0\u00a0<br \/>         - Les retours\/\u00e9changes sont accept\u00e9s avec plaisir.<br \/>\u25bc Pour tout ajout, changement de taille, poches et autres, veuillez cliquer sur cette liste ci-dessous.<\/p>\n<p>Notre cuir pleine fleur est la plus haute qualit\u00e9 de cuir disponible. Il s'embellit avec l'usage et l'\u00e2ge et durera toute une vie.<\/p>\n<p>- Tous nos sacs en cuir sont fabriqu\u00e9s \u00e0 la main dans notre atelier situ\u00e9 dans le quartier Old City de Philadelphie (Pennsylvanie).<br \/>- Garantie \u00e0 vie ! Nous le r\u00e9parons\/rempla\u00e7ons gratuitement. <br \/>- Fabriqu\u00e9 avec un cuir robuste et durable, qui durera toute une vie. Cuir d'origine am\u00e9ricaine et tann\u00e9 dans le Maine.<br \/>- Retours\/\u00e9changes accept\u00e9s avec plaisir<\/p>\n<p>Si vous souhaitez apporter des modifications ou des ajouts, y compris une fermeture \u00e0 glissi\u00e8re, un bouton-pression, un pompon, une ou plusieurs poches suppl\u00e9mentaires, une doublure, des ajustements de taille, etc.<br \/>cliquez ici \ud83d\udc47\ud83c\udffb<\/p>\n<p>\u25bcINSTAGRAM ET FACEBOOK<br \/>N'h\u00e9sitez pas \u00e0 visiter notre compte Instagram pour notre flux quotidien de nouveaux sacs, le fabricant, les cuirs et le processus.<br \/>https:\/\/www.instagram.com\/urbanartisanboutique\/<br \/>https:\/\/www.facebook.com\/URBANARTISANBOUTIQUE<\/p>\n<p>&gt;\u00c0 propos de nous&lt;\n\nTous nos sacs en cuir sont fabriqu\u00e9s \u00e0 la main dans notre magasin\/atelier de Philadelphie PA. Nos sacs sont mesur\u00e9s, coup\u00e9s, cousus et soigneusement inspect\u00e9s par Victoria, qui con\u00e7oit et cr\u00e9e tous nos articles en cuir.Chaque sac est unique, attire l&#039;attention avec des combinaisons de couleurs int\u00e9ressantes et de belles textures de cuir et de daim.<br \/>Nous sommes \u00e9galement tr\u00e8s heureux de discuter des commandes et des demandes personnalis\u00e9es. <br \/>Nous sommes une entreprise 100% d\u00e9tenue et g\u00e9r\u00e9e par des femmes. <\/p>\n<p>Nous avons eu la chance d'\u00eatre pr\u00e9sent\u00e9s dans le Philly Voice !<br \/>https:\/\/www.phillyvoice.com\/an-urban-artisan-from-another-land-is-making-it-work-in-the-big-city-victoria-macbain\/<\/p>\n<p>&gt;Cuir &lt;\n\nNous utilisons du cuir pleine fleur pour tous nos fourre-tout, qui est le cuir le plus solide et le plus durable disponible. Nous utilisons du cuir v\u00e9ritable qui n&#039;a pas \u00e9t\u00e9 ponc\u00e9 ou ras\u00e9 et chaque pi\u00e8ce a une texture unique et des imperfections naturelles. Le cuir pleine fleur se conditionne naturellement \u00e0 l&#039;usage, d\u00e9veloppant une patine tr\u00e8s recherch\u00e9e et un caract\u00e8re unique au fil du temps.<br \/>Tous nos sacs en cuir sont cr\u00e9\u00e9s dans un environnement enti\u00e8rement exempt d'animaux et de fum\u00e9e.Nous nous effor\u00e7ons de faire de votre exp\u00e9rience un moment privil\u00e9gi\u00e9 et de r\u00e9pondre \u00e0 toutes vos attentes en mati\u00e8re de qualit\u00e9.<\/p>\n<p>&gt;Nos politiques<\n\nPlease read about our shipping details and shop policies before purchasing your goodies in tab above titled &#8216;Shipping &#038; Policies&#8217;. We love our customers and want you to love your shopping experience with us as much as we love you, so please do read our policies and contact us with any questions or concerns you may have.\n\n>Taxes \u00e0 l'importation et douanes&lt;\n\n\u2757\ufe0f\u2757\ufe0f\u2757\ufe0fSome *Les commandes internationales * seront soumises aux taxes d&#039;importation locales, qui ne sont PAS incluses dans le prix de vente. Les acheteurs sont responsables du paiement de ces taxes.  Chaque pays est diff\u00e9rent, certains n&#039;ont pas de taxe d&#039;importation, pour le reste - l&#039;acheteur sera notifi\u00e9 seulement une fois que le colis arrive dans le pays. <br \/>   Nous ne pouvons pas indiquer que les commandes internationales sont des \"cadeaux\". La valeur du contenu sera indiqu\u00e9e sur l'ext\u00e9rieur de la bo\u00eete avec le formulaire de douane.        <\/p>","protected":false},"excerpt":{"rendered":"<p>Tous nos sacs sont fabriqu\u00e9s sur commande. Le d\u00e9lai de production est de 3 \u00e0 5 jours ouvrables, jusqu'\u00e0 7 jours pour les commandes personnalis\u00e9es. Si vous souhaitez que le sac soit d'une couleur diff\u00e9rente, veuillez choisir une option dans la liste ci-dessous Ajoutez une doublure \u00e0 n'importe lequel de nos sacs Mesures:19\" de large x 13\" de haut(16\" de large x4\" de base)....<\/p>","protected":false},"featured_media":3619,"comment_status":"open","ping_status":"closed","template":"","meta":{"_kad_post_transparent":"","_kad_post_title":"","_kad_post_layout":"","_kad_post_sidebar_id":"","_kad_post_content_style":"","_kad_post_vertical_padding":"","_kad_post_feature":"","_kad_post_feature_position":"","_kad_post_header":false,"_kad_post_footer":false},"product_brand":[],"product_cat":[75],"product_tag":[],"class_list":{"0":"post-3150","1":"product","2":"type-product","3":"status-publish","4":"has-post-thumbnail","6":"product_cat-bags","8":"first","9":"instock","10":"shipping-taxable","11":"purchasable","12":"product-type-variable","13":"entry","14":"content-bg","15":"loop-entry"},"_links":{"self":[{"href":"https:\/\/checkout.luxaurabag.com\/fr\/wp-json\/wp\/v2\/product\/3150","targetHints":{"allow":["GET"]}}],"collection":[{"href":"https:\/\/checkout.luxaurabag.com\/fr\/wp-json\/wp\/v2\/product"}],"about":[{"href":"https:\/\/checkout.luxaurabag.com\/fr\/wp-json\/wp\/v2\/types\/product"}],"replies":[{"embeddable":true,"href":"https:\/\/checkout.luxaurabag.com\/fr\/wp-json\/wp\/v2\/comments?post=3150"}],"wp:featuredmedia":[{"embeddable":true,"href":"https:\/\/checkout.luxaurabag.com\/fr\/wp-json\/wp\/v2\/media\/3619"}],"wp:attachment":[{"href":"https:\/\/checkout.luxaurabag.com\/fr\/wp-json\/wp\/v2\/media?parent=3150"}],"wp:term":[{"taxonomy":"product_brand","embeddable":true,"href":"https:\/\/checkout.luxaurabag.com\/fr\/wp-json\/wp\/v2\/product_brand?post=3150"},{"taxonomy":"product_cat","embeddable":true,"href":"https:\/\/checkout.luxaurabag.com\/fr\/wp-json\/wp\/v2\/product_cat?post=3150"},{"taxonomy":"product_tag","embeddable":true,"href":"https:\/\/checkout.luxaurabag.com\/fr\/wp-json\/wp\/v2\/product_tag?post=3150"}],"curies":[{"name":"wp","href":"https:\/\/api.w.org\/{rel}","templated":true}]}}