{"id":4297,"date":"2025-08-26T16:20:00","date_gmt":"2025-08-26T16:20:00","guid":{"rendered":"https:\/\/zoyaedit.com\/product\/driftwood-leather-sandal\/"},"modified":"2025-08-31T18:06:27","modified_gmt":"2025-08-31T18:06:27","slug":"driftwood-leather-sandal","status":"publish","type":"product","link":"https:\/\/checkout.luxaurabag.com\/es_es\/producto\/driftwood-leather-sandal\/","title":{"rendered":"Sandalia de piel Driftwood"},"content":{"rendered":"<p><meta charset='UTF-8'><span>Con suaves correas de cuero vegano\u00a0<meta charset='utf-8'>que se amoldan suavemente a tus pies y una plantilla de madera esculpida, estas sandalias combinan detalles artesanales con un estilo desenfadado. <meta charset='utf-8'>El arco de sujeci\u00f3n contorneado y el tac\u00f3n de aguja mantienen el ajuste estable, antideslizante y c\u00f3modo durante todo el d\u00eda, perfecto para pasear por la ciudad o relajarse junto a la piscina.\u00a0<\/span><span><\/span><\/p>\n<ul>\n<li><meta charset='utf-8'> <meta charset='utf-8'>Correas de cuero vegano suave<\/li>\n<li><meta charset='utf-8'>Plantilla con textura de madera<\/li>\n<li><meta charset='utf-8'> <meta charset='utf-8'>Ajuste c\u00f3modo al pie<\/li>\n<li><meta charset='utf-8'>Arco de soporte contorneado<\/li>\n<li><meta charset='utf-8'> <span>T<meta charset='utf-8'>resistente a la abrasi\u00f3n<\/span><\/li>\n<li><meta charset='utf-8'> <meta charset='utf-8'>Suela antideslizante<meta charset='utf-8'> <meta charset='utf-8'><\/li>\n<\/ul>","protected":false},"excerpt":{"rendered":"<p>Con suaves tiras de piel vegana que se amoldan suavemente a tus pies y una plantilla esculpida de madera veteada, estas sandalias combinan detalles artesanales con un estilo desenfadado. El soporte del arco contorneado y el tac\u00f3n slingback mantienen el ajuste estable, antideslizante y c\u00f3modo durante todo el d\u00eda, perfecto para pasear por la ciudad o relajarse junto a la piscina.  Tiras de suave piel vegana Plantilla con textura de madera Moldeada para...<\/p>","protected":false},"featured_media":4909,"comment_status":"open","ping_status":"closed","template":"","meta":{"_kad_post_transparent":"","_kad_post_title":"","_kad_post_layout":"","_kad_post_sidebar_id":"","_kad_post_content_style":"","_kad_post_vertical_padding":"","_kad_post_feature":"","_kad_post_feature_position":"","_kad_post_header":false,"_kad_post_footer":false},"product_brand":[],"product_cat":[88],"product_tag":[],"class_list":{"0":"post-4297","1":"product","2":"type-product","3":"status-publish","4":"has-post-thumbnail","6":"product_cat-shoes","8":"first","9":"instock","10":"sale","11":"shipping-taxable","12":"purchasable","13":"product-type-variable","14":"entry","15":"content-bg","16":"loop-entry"},"_links":{"self":[{"href":"https:\/\/checkout.luxaurabag.com\/es_es\/wp-json\/wp\/v2\/product\/4297","targetHints":{"allow":["GET"]}}],"collection":[{"href":"https:\/\/checkout.luxaurabag.com\/es_es\/wp-json\/wp\/v2\/product"}],"about":[{"href":"https:\/\/checkout.luxaurabag.com\/es_es\/wp-json\/wp\/v2\/types\/product"}],"replies":[{"embeddable":true,"href":"https:\/\/checkout.luxaurabag.com\/es_es\/wp-json\/wp\/v2\/comments?post=4297"}],"wp:featuredmedia":[{"embeddable":true,"href":"https:\/\/checkout.luxaurabag.com\/es_es\/wp-json\/wp\/v2\/media\/4909"}],"wp:attachment":[{"href":"https:\/\/checkout.luxaurabag.com\/es_es\/wp-json\/wp\/v2\/media?parent=4297"}],"wp:term":[{"taxonomy":"product_brand","embeddable":true,"href":"https:\/\/checkout.luxaurabag.com\/es_es\/wp-json\/wp\/v2\/product_brand?post=4297"},{"taxonomy":"product_cat","embeddable":true,"href":"https:\/\/checkout.luxaurabag.com\/es_es\/wp-json\/wp\/v2\/product_cat?post=4297"},{"taxonomy":"product_tag","embeddable":true,"href":"https:\/\/checkout.luxaurabag.com\/es_es\/wp-json\/wp\/v2\/product_tag?post=4297"}],"curies":[{"name":"wp","href":"https:\/\/api.w.org\/{rel}","templated":true}]}}