{"id":4045,"date":"2025-08-26T16:19:50","date_gmt":"2025-08-26T16:19:50","guid":{"rendered":"https:\/\/zoyaedit.com\/product\/leather-shoes\/"},"modified":"2025-08-31T18:06:13","modified_gmt":"2025-08-31T18:06:13","slug":"leather-shoes","status":"publish","type":"product","link":"https:\/\/checkout.luxaurabag.com\/es_es\/producto\/leather-shoes\/","title":{"rendered":"Zapatilla de piel Canyon Stride"},"content":{"rendered":"<p data-start='88' data-end='519'>Confeccionadas en piel aut\u00e9ntica, estas zapatillas con forro de algod\u00f3n transpirable garantizan comodidad durante todo el d\u00eda, mientras que la suela antideslizante texturizada ofrece una tracci\u00f3n y un agarre superiores. Los paneles laterales perforados mejoran la transpirabilidad y el refuerzo del tal\u00f3n proporciona una mayor sujeci\u00f3n. Acabadas en tonos ricos y terrosos, estas zapatillas son perfectas para cualquier aventura.<\/p>\n<ul data-start='541' data-end='845'>\n<li data-start='612' data-end='672'>Piel aut\u00e9ntica<\/li>\n<li data-start='612' data-end='672'>Paneles laterales perforados<\/li>\n<li data-start='612' data-end='672'>Mayor transpirabilidad<\/li>\n<li data-start='673' data-end='734'>Suela con textura antideslizante<\/li>\n<li data-start='735' data-end='787'><span data-start='740' data-end='757'>Prima c<\/span>forro de ot\u00f3n\u00a0<\/li>\n<\/ul>","protected":false},"excerpt":{"rendered":"<p>Confeccionadas en piel aut\u00e9ntica, estas zapatillas con forro de algod\u00f3n transpirable garantizan comodidad durante todo el d\u00eda, mientras que la suela antideslizante texturizada ofrece una tracci\u00f3n y un agarre superiores. Los paneles laterales perforados mejoran la transpirabilidad y el refuerzo del tal\u00f3n proporciona una mayor sujeci\u00f3n. Acabado en tonos ricos y terrosos, estos zapatos son perfectos para cualquier aventura. Piel aut\u00e9ntica Paneles laterales perforados Mayor transpirabilidad Suela...<\/p>","protected":false},"featured_media":4770,"comment_status":"open","ping_status":"closed","template":"","meta":{"_kad_post_transparent":"","_kad_post_title":"","_kad_post_layout":"","_kad_post_sidebar_id":"","_kad_post_content_style":"","_kad_post_vertical_padding":"","_kad_post_feature":"","_kad_post_feature_position":"","_kad_post_header":false,"_kad_post_footer":false},"product_brand":[],"product_cat":[88],"product_tag":[],"class_list":{"0":"post-4045","1":"product","2":"type-product","3":"status-publish","4":"has-post-thumbnail","6":"product_cat-shoes","8":"first","9":"instock","10":"sale","11":"shipping-taxable","12":"purchasable","13":"product-type-variable","14":"entry","15":"content-bg","16":"loop-entry"},"_links":{"self":[{"href":"https:\/\/checkout.luxaurabag.com\/es_es\/wp-json\/wp\/v2\/product\/4045","targetHints":{"allow":["GET"]}}],"collection":[{"href":"https:\/\/checkout.luxaurabag.com\/es_es\/wp-json\/wp\/v2\/product"}],"about":[{"href":"https:\/\/checkout.luxaurabag.com\/es_es\/wp-json\/wp\/v2\/types\/product"}],"replies":[{"embeddable":true,"href":"https:\/\/checkout.luxaurabag.com\/es_es\/wp-json\/wp\/v2\/comments?post=4045"}],"wp:featuredmedia":[{"embeddable":true,"href":"https:\/\/checkout.luxaurabag.com\/es_es\/wp-json\/wp\/v2\/media\/4770"}],"wp:attachment":[{"href":"https:\/\/checkout.luxaurabag.com\/es_es\/wp-json\/wp\/v2\/media?parent=4045"}],"wp:term":[{"taxonomy":"product_brand","embeddable":true,"href":"https:\/\/checkout.luxaurabag.com\/es_es\/wp-json\/wp\/v2\/product_brand?post=4045"},{"taxonomy":"product_cat","embeddable":true,"href":"https:\/\/checkout.luxaurabag.com\/es_es\/wp-json\/wp\/v2\/product_cat?post=4045"},{"taxonomy":"product_tag","embeddable":true,"href":"https:\/\/checkout.luxaurabag.com\/es_es\/wp-json\/wp\/v2\/product_tag?post=4045"}],"curies":[{"name":"wp","href":"https:\/\/api.w.org\/{rel}","templated":true}]}}