{"id":3198,"date":"2025-08-26T15:11:21","date_gmt":"2025-08-26T15:11:21","guid":{"rendered":"https:\/\/zoyaedit.com\/product\/large_leather_tote_bag_zipper_laptop_1795995512\/"},"modified":"2025-08-31T18:05:38","modified_gmt":"2025-08-31T18:05:38","slug":"large_leather_tote_bag_zipper_laptop_1795995512","status":"publish","type":"product","link":"https:\/\/checkout.luxaurabag.com\/es_es\/producto\/large_leather_tote_bag_zipper_laptop_1795995512\/","title":{"rendered":"Bolso tote grande de cuero con cremallera, Bolso de trabajo para port\u00e1til, Bolso de uso diario para mujer, Bolso de trabajo para mujer, Regalo de Navidad para mujer, Bolso bandolera de cuero"},"content":{"rendered":"<p class='wt-text-body-01 wt-break-word' data-product-details-description-text-content=''>            Este bolso tote grande de piel con cremallera es la combinaci\u00f3n perfecta de elegancia y funcionalidad. Dise\u00f1ado como un vers\u00e1til bolso de trabajo para port\u00e1til, es ideal tanto para sus necesidades profesionales como cotidianas. Fabricado con materiales de primera calidad, este bolso de trabajo de piel para mujer ofrece durabilidad y estilo. <\/p>\n<p>Tanto si necesita un bolso de diario para mujer como un sofisticado bolso bandolera de piel para mujer, este bolso tote le cubre todas sus necesidades. Hecho a mano con esmero, no s\u00f3lo es pr\u00e1ctico, sino tambi\u00e9n un excelente regalo de Navidad para mujer. Mejore su estilo con este bolso de piel hecho a mano que combina a la perfecci\u00f3n moda y funcionalidad.<\/p>\n<p>\ud83d\udd38\ud83d\udd38\ud83d\udd38 Cambios personalizados a petici\u00f3n \ud83d\udd38\ud83d\udd38\ud83d\udd38\ud83d\udd38<\/p>\n<p>NOTA: Para pedir un art\u00edculo personalizado, env\u00edenos una SOLICITUD DE PEDIDO PERSONALIZADO.<\/p>\n<p>-------------------------<br \/>PERSONALIZACI\u00d3N<\/p>\n<p>Tus iniciales, texto o foto en el art\u00edculo. <\/p>\n<p>\ud83d\udd38\ud83d\udd38\ud83d\udd38\u00bfC\u00f3mo personalizar su art\u00edculo\ud83d\udd38\ud83d\udd38\ud83d\udd38\ud83d\udd38?<br \/>1. Elija \"Tama\u00f1o + Grabado\" en el men\u00fa Tama\u00f1o y personalizaci\u00f3n;<br \/>2. Deje el texto a grabar en la casilla Personalizaci\u00f3n;<br \/>3. O env\u00edenos un archivo de imagen.<\/p>\n<p>--------------------------<br \/>ENV\u00cdO \u2708<\/p>\n<p>- Env\u00edo est\u00e1ndar<br \/>- Env\u00edo urgente (2-4 d\u00edas laborables), disponible previa solicitud<\/p>\n<p>--------------------------<br \/>MAYORISTA<br \/>Bolso satchel sencillo y elegante dise\u00f1ado para mujeres con un gusto refinado. Suficientemente espacioso, no s\u00f3lo es adecuado para el port\u00e1til, sino tambi\u00e9n para llevar el cuaderno, papeles y otros art\u00edculos esenciales. Pida un par de bolsos como regalo perfecto para su madre, hija y esposa o para el equipo de colegas.<\/p>\n<p>\ud83d\udd38\ud83d\udd38\ud83d\udd38 Por favor, p\u00f3ngase en contacto con nosotros para obtener precios especiales en m\u00faltiples art\u00edculos \ud83d\udd38\ud83d\udd38\ud83d\udd38<\/p>\n<p>--------------------------<br \/>POR QU\u00c9 LezoStore:<\/p>\n<p>- Art\u00edculos artesanales;<br \/>- Piel y herrajes de primera calidad;<br \/>- Amplia gama de colores y accesorios disponibles;<br \/>- Cualquier art\u00edculo puede personalizarse;<br \/>- 12 meses de garant\u00eda.        <\/p>","protected":false},"excerpt":{"rendered":"<p>Este bolso tote grande de piel con cremallera es la combinaci\u00f3n perfecta de elegancia y funcionalidad. Dise\u00f1ado como un vers\u00e1til bolso de trabajo para port\u00e1til, es ideal tanto para sus necesidades profesionales como cotidianas. Fabricado con materiales de primera calidad, este bolso de trabajo de piel para mujer ofrece durabilidad y estilo. Tanto si necesita un bolso de diario para mujer como...<\/p>","protected":false},"featured_media":3698,"comment_status":"open","ping_status":"closed","template":"","meta":{"_kad_post_transparent":"","_kad_post_title":"","_kad_post_layout":"","_kad_post_sidebar_id":"","_kad_post_content_style":"","_kad_post_vertical_padding":"","_kad_post_feature":"","_kad_post_feature_position":"","_kad_post_header":false,"_kad_post_footer":false},"product_brand":[],"product_cat":[75],"product_tag":[],"class_list":{"0":"post-3198","1":"product","2":"type-product","3":"status-publish","4":"has-post-thumbnail","6":"product_cat-bags","8":"first","9":"instock","10":"shipping-taxable","11":"purchasable","12":"product-type-variable","13":"entry","14":"content-bg","15":"loop-entry"},"_links":{"self":[{"href":"https:\/\/checkout.luxaurabag.com\/es_es\/wp-json\/wp\/v2\/product\/3198","targetHints":{"allow":["GET"]}}],"collection":[{"href":"https:\/\/checkout.luxaurabag.com\/es_es\/wp-json\/wp\/v2\/product"}],"about":[{"href":"https:\/\/checkout.luxaurabag.com\/es_es\/wp-json\/wp\/v2\/types\/product"}],"replies":[{"embeddable":true,"href":"https:\/\/checkout.luxaurabag.com\/es_es\/wp-json\/wp\/v2\/comments?post=3198"}],"wp:featuredmedia":[{"embeddable":true,"href":"https:\/\/checkout.luxaurabag.com\/es_es\/wp-json\/wp\/v2\/media\/3698"}],"wp:attachment":[{"href":"https:\/\/checkout.luxaurabag.com\/es_es\/wp-json\/wp\/v2\/media?parent=3198"}],"wp:term":[{"taxonomy":"product_brand","embeddable":true,"href":"https:\/\/checkout.luxaurabag.com\/es_es\/wp-json\/wp\/v2\/product_brand?post=3198"},{"taxonomy":"product_cat","embeddable":true,"href":"https:\/\/checkout.luxaurabag.com\/es_es\/wp-json\/wp\/v2\/product_cat?post=3198"},{"taxonomy":"product_tag","embeddable":true,"href":"https:\/\/checkout.luxaurabag.com\/es_es\/wp-json\/wp\/v2\/product_tag?post=3198"}],"curies":[{"name":"wp","href":"https:\/\/api.w.org\/{rel}","templated":true}]}}