{"id":4107,"date":"2025-08-26T16:19:52","date_gmt":"2025-08-26T16:19:52","guid":{"rendered":"https:\/\/zoyaedit.com\/product\/castellano-leather-sandal\/"},"modified":"2025-08-31T18:06:16","modified_gmt":"2025-08-31T18:06:16","slug":"castellano-leather-sandal","status":"publish","type":"product","link":"https:\/\/checkout.luxaurabag.com\/es\/producto\/castellano-leather-sandal\/","title":{"rendered":"Sandalia de piel Castellano"},"content":{"rendered":"<p data-start='0' data-end='304'>Comodidad desgastada desde el primer d\u00eda. Estas sandalias llevan tiras cruzadas de piel de vacuno con un aspecto envejecido natural y una plantilla de piel aut\u00e9ntica que se suaviza y amolda a tu pie. Dise\u00f1adas para el uso diario, est\u00e1n hechas para durar veranos interminables sin perder su forma ni su estilo.<\/p>\n<ul>\n<li><meta charset='utf-8'>Piel aut\u00e9ntica<\/li>\n<li><meta charset='utf-8'> <meta charset='utf-8'>Elegante correa cruzada tejida<\/li>\n<li><meta charset='utf-8'> <meta charset='utf-8'>Plantilla suave y acolchada<meta charset='utf-8'> <\/li>\n<li><meta charset='utf-8'>Detalles cosidos a mano<\/li>\n<li><meta charset='utf-8'>Suela de goma antideslizante<meta charset='utf-8'><strong data-start='419' data-end='438'><\/strong><\/li>\n<\/ul>","protected":false},"excerpt":{"rendered":"<p>Comodidad desgastada desde el primer d\u00eda. Estas sandalias llevan tiras cruzadas de piel de vacuno con un aspecto envejecido natural y una plantilla de piel aut\u00e9ntica que se suaviza y amolda a tu pie. Dise\u00f1adas para el uso diario, est\u00e1n hechas para durar veranos interminables sin perder su forma ni su estilo. Piel aut\u00e9ntica Elegante tira cruzada tejida Plantilla suave y acolchada Detalles cosidos a mano Antideslizante...<\/p>","protected":false},"featured_media":4810,"comment_status":"open","ping_status":"closed","template":"","meta":{"_kad_post_transparent":"","_kad_post_title":"","_kad_post_layout":"","_kad_post_sidebar_id":"","_kad_post_content_style":"","_kad_post_vertical_padding":"","_kad_post_feature":"","_kad_post_feature_position":"","_kad_post_header":false,"_kad_post_footer":false},"product_brand":[],"product_cat":[88],"product_tag":[],"class_list":{"0":"post-4107","1":"product","2":"type-product","3":"status-publish","4":"has-post-thumbnail","6":"product_cat-shoes","8":"first","9":"instock","10":"sale","11":"shipping-taxable","12":"purchasable","13":"product-type-variable","14":"entry","15":"content-bg","16":"loop-entry"},"_links":{"self":[{"href":"https:\/\/checkout.luxaurabag.com\/es\/wp-json\/wp\/v2\/product\/4107","targetHints":{"allow":["GET"]}}],"collection":[{"href":"https:\/\/checkout.luxaurabag.com\/es\/wp-json\/wp\/v2\/product"}],"about":[{"href":"https:\/\/checkout.luxaurabag.com\/es\/wp-json\/wp\/v2\/types\/product"}],"replies":[{"embeddable":true,"href":"https:\/\/checkout.luxaurabag.com\/es\/wp-json\/wp\/v2\/comments?post=4107"}],"wp:featuredmedia":[{"embeddable":true,"href":"https:\/\/checkout.luxaurabag.com\/es\/wp-json\/wp\/v2\/media\/4810"}],"wp:attachment":[{"href":"https:\/\/checkout.luxaurabag.com\/es\/wp-json\/wp\/v2\/media?parent=4107"}],"wp:term":[{"taxonomy":"product_brand","embeddable":true,"href":"https:\/\/checkout.luxaurabag.com\/es\/wp-json\/wp\/v2\/product_brand?post=4107"},{"taxonomy":"product_cat","embeddable":true,"href":"https:\/\/checkout.luxaurabag.com\/es\/wp-json\/wp\/v2\/product_cat?post=4107"},{"taxonomy":"product_tag","embeddable":true,"href":"https:\/\/checkout.luxaurabag.com\/es\/wp-json\/wp\/v2\/product_tag?post=4107"}],"curies":[{"name":"wp","href":"https:\/\/api.w.org\/{rel}","templated":true}]}}