{"id":3916,"date":"2025-08-26T16:19:43","date_gmt":"2025-08-26T16:19:43","guid":{"rendered":"https:\/\/zoyaedit.com\/product\/aether-flex-sneakers-copy\/"},"modified":"2025-08-31T18:06:06","modified_gmt":"2025-08-31T18:06:06","slug":"aether-flex-sneakers-copy","status":"publish","type":"product","link":"https:\/\/checkout.luxaurabag.com\/es\/producto\/aether-flex-sneakers-copy\/","title":{"rendered":"Mocasines con borla de terciopelo Bellavetro"},"content":{"rendered":"<p>Con un lujoso empeine de terciopelo combinado con charol brillante, estos mocasines est\u00e1n pensados para el caballero moderno. Los detalles de borlas y las l\u00edneas suaves a\u00f1aden un toque de sofisticaci\u00f3n, por lo que son ideales para ocasiones formales o looks informales de lujo. Camina con comodidad y estilo con unos zapatos que impresionan a cada paso. <meta charset='utf-8'>Con cada detalle meticulosamente dise\u00f1ado para el lujo y la comodidad, te sentir\u00e1s tan bien como te ves.<\/p>\n<ul>\n<li>Acabado brillante<\/li>\n<li>Elegantes detalles de borlas<\/li>\n<li>Plantilla acolchada suave<meta charset='utf-8'><\/li>\n<li>Forro interior suave y dise\u00f1o ergon\u00f3mico<\/li>\n<li>Fabricado en charol y terciopelo de alta calidad<\/li>\n<\/ul>","protected":false},"excerpt":{"rendered":"<p>Con un lujoso empeine de terciopelo combinado con charol brillante, estos mocasines est\u00e1n pensados para el caballero moderno. Los detalles de borlas y las l\u00edneas suaves a\u00f1aden un toque de sofisticaci\u00f3n, por lo que son ideales para ocasiones formales o looks informales de lujo. Camina con comodidad y estilo con unos zapatos que impresionan a cada paso....<\/p>","protected":false},"featured_media":4748,"comment_status":"open","ping_status":"closed","template":"","meta":{"_kad_post_transparent":"","_kad_post_title":"","_kad_post_layout":"","_kad_post_sidebar_id":"","_kad_post_content_style":"","_kad_post_vertical_padding":"","_kad_post_feature":"","_kad_post_feature_position":"","_kad_post_header":false,"_kad_post_footer":false},"product_brand":[],"product_cat":[88],"product_tag":[],"class_list":{"0":"post-3916","1":"product","2":"type-product","3":"status-publish","4":"has-post-thumbnail","6":"product_cat-shoes","8":"first","9":"instock","10":"sale","11":"shipping-taxable","12":"purchasable","13":"product-type-variable","14":"entry","15":"content-bg","16":"loop-entry"},"_links":{"self":[{"href":"https:\/\/checkout.luxaurabag.com\/es\/wp-json\/wp\/v2\/product\/3916","targetHints":{"allow":["GET"]}}],"collection":[{"href":"https:\/\/checkout.luxaurabag.com\/es\/wp-json\/wp\/v2\/product"}],"about":[{"href":"https:\/\/checkout.luxaurabag.com\/es\/wp-json\/wp\/v2\/types\/product"}],"replies":[{"embeddable":true,"href":"https:\/\/checkout.luxaurabag.com\/es\/wp-json\/wp\/v2\/comments?post=3916"}],"wp:featuredmedia":[{"embeddable":true,"href":"https:\/\/checkout.luxaurabag.com\/es\/wp-json\/wp\/v2\/media\/4748"}],"wp:attachment":[{"href":"https:\/\/checkout.luxaurabag.com\/es\/wp-json\/wp\/v2\/media?parent=3916"}],"wp:term":[{"taxonomy":"product_brand","embeddable":true,"href":"https:\/\/checkout.luxaurabag.com\/es\/wp-json\/wp\/v2\/product_brand?post=3916"},{"taxonomy":"product_cat","embeddable":true,"href":"https:\/\/checkout.luxaurabag.com\/es\/wp-json\/wp\/v2\/product_cat?post=3916"},{"taxonomy":"product_tag","embeddable":true,"href":"https:\/\/checkout.luxaurabag.com\/es\/wp-json\/wp\/v2\/product_tag?post=3916"}],"curies":[{"name":"wp","href":"https:\/\/api.w.org\/{rel}","templated":true}]}}