{"id":3528,"date":"2025-08-26T15:11:40","date_gmt":"2025-08-26T15:11:40","guid":{"rendered":"https:\/\/zoyaedit.com\/product\/leather_work_tote_bag_burgundy_tote_1859372622\/"},"modified":"2025-08-31T18:05:56","modified_gmt":"2025-08-31T18:05:56","slug":"leather_work_tote_bag_burgundy_tote_1859372622","status":"publish","type":"product","link":"https:\/\/checkout.luxaurabag.com\/es\/producto\/leather_work_tote_bag_burgundy_tote_1859372622\/","title":{"rendered":"Bolso tote de trabajo de cuero, Tote de cuero burdeos, Bolso tote portatil mujer, Bolso tote de trabajo grande mujer, Bolso messenger de cuero burdeos"},"content":{"rendered":"<p class='wt-text-body-01 wt-break-word' data-product-details-description-text-content=''>            \ud83d\udc5d Bolsa de piel personalizada para port\u00e1til \ud83d\udc5d<\/p>\n<p>\ud83d\udcbc Eleva tu estilo de trabajo con nuestra exquisita bolsa de piel para port\u00e1til, elaborada con mimo y dise\u00f1ada especialmente para mujeres. Este bolso elegante y funcional se adapta perfectamente a un port\u00e1til de 14 pulgadas, convirti\u00e9ndolo en tu compa\u00f1ero ideal para el trabajo y m\u00e1s all\u00e1. \ud83d\udcbb<\/p>\n<p>\u2728 Caracter\u00edsticas:<\/p>\n<p>Piel de alta calidad para un aspecto sofisticado y un uso duradero \ud83c\udf1f<br \/>Personalizable con tus iniciales para un toque personal \ud83d\udd24<br \/>Interior espacioso para guardar todo lo esencial \ud83d\udcdd<br \/>M\u00faltiples compartimentos para un almacenamiento organizado \ud83d\udcda.<br \/>C\u00f3modas correas para llevarla f\u00e1cilmente al hombro o en la mano \ud83d\udc5c<br \/>\ud83d\udc5c Perfecto para:<\/p>\n<p>Entornos profesionales y entornos de oficina \ud83d\udcbc<br \/>Viajar con estilo con el port\u00e1til y lo esencial \u2708\ufe0f<br \/>Como un regalo reflexivo y elegante para las mujeres en su vida \ud83c\udf81.<br \/>\ud83d\udc96 Por qu\u00e9 te encantar\u00e1:<\/p>\n<p>Combina la elegancia con la practicidad \ud83c\udf1f<br \/>Dise\u00f1o vers\u00e1til que complementa cualquier atuendo \ud83d\udc57<br \/>Hace que tus desplazamientos diarios y tu jornada laboral sean m\u00e1s organizados y elegantes \ud83d\udeb6\u200d\u2640\ufe0f<br \/>Actualiza tus accesorios de trabajo con nuestra Bolsa de piel personalizada para port\u00e1til y experimenta la mezcla perfecta de moda y funcionalidad. \ud83c\udf1f<\/p>\n<p>\ud83d\udd38\ud83d\udd38\ud83d\udd38 Cambios personalizados a petici\u00f3n \ud83d\udd38\ud83d\udd38\ud83d\udd38\ud83d\udd38<\/p>\n<p>NOTA: Para pedir un art\u00edculo personalizado, env\u00edenos una SOLICITUD DE PEDIDO PERSONALIZADO.<\/p>\n<p>-------------------------<br \/>PERSONALIZACI\u00d3N<\/p>\n<p>Tus iniciales, texto o foto en el art\u00edculo. <\/p>\n<p>\ud83d\udd38\ud83d\udd38\ud83d\udd38\u00bfC\u00f3mo personalizar su art\u00edculo\ud83d\udd38\ud83d\udd38\ud83d\udd38\ud83d\udd38?<br \/>1. Elija \"Tama\u00f1o + Grabado\" en el men\u00fa Tama\u00f1o y personalizaci\u00f3n;<br \/>2. Deje el texto a grabar en la casilla Personalizaci\u00f3n;<br \/>3. O env\u00edenos un archivo de imagen.<\/p>\n<p>--------------------------<br \/>ENV\u00cdO \u2708<\/p>\n<p>- Env\u00edo est\u00e1ndar<br \/>- Env\u00edo urgente (2-4 d\u00edas laborables), disponible previa solicitud<\/p>\n<p>--------------------------<br \/>MAYORISTA<\/p>\n<p>\ud83d\udd38\ud83d\udd38\ud83d\udd38 Por favor, p\u00f3ngase en contacto con nosotros para obtener precios especiales en m\u00faltiples art\u00edculos \ud83d\udd38\ud83d\udd38\ud83d\udd38<\/p>\n<p>--------------------------<br \/>POR QU\u00c9 LezoStore:<\/p>\n<p>- Art\u00edculos artesanales;<br \/>- Piel y herrajes de primera calidad;<br \/>- Amplia gama de colores y accesorios disponibles;<br \/>- Cualquier art\u00edculo puede personalizarse;<br \/>- 12 meses de garant\u00eda.        <\/p>","protected":false},"excerpt":{"rendered":"<p>\ud83d\udc5d Bolsa de piel personalizada para port\u00e1til \ud83d\udc5d \ud83d\udcbc Eleva tu estilo de trabajo con nuestra exquisita Bolsa de piel para port\u00e1til, elaborada con mimo y dise\u00f1ada especialmente para mujeres. Esta bolsa elegante y funcional se adapta perfectamente a un port\u00e1til de 14 pulgadas, por lo que es su compa\u00f1ero ideal para el trabajo y m\u00e1s all\u00e1. Caracter\u00edsticas: Piel de alta calidad para un aspecto sofisticado y duradero....<\/p>","protected":false},"featured_media":3735,"comment_status":"open","ping_status":"closed","template":"","meta":{"_kad_post_transparent":"","_kad_post_title":"","_kad_post_layout":"","_kad_post_sidebar_id":"","_kad_post_content_style":"","_kad_post_vertical_padding":"","_kad_post_feature":"","_kad_post_feature_position":"","_kad_post_header":false,"_kad_post_footer":false},"product_brand":[],"product_cat":[75],"product_tag":[],"class_list":{"0":"post-3528","1":"product","2":"type-product","3":"status-publish","4":"has-post-thumbnail","6":"product_cat-bags","8":"first","9":"instock","10":"shipping-taxable","11":"purchasable","12":"product-type-variable","13":"entry","14":"content-bg","15":"loop-entry"},"_links":{"self":[{"href":"https:\/\/checkout.luxaurabag.com\/es\/wp-json\/wp\/v2\/product\/3528","targetHints":{"allow":["GET"]}}],"collection":[{"href":"https:\/\/checkout.luxaurabag.com\/es\/wp-json\/wp\/v2\/product"}],"about":[{"href":"https:\/\/checkout.luxaurabag.com\/es\/wp-json\/wp\/v2\/types\/product"}],"replies":[{"embeddable":true,"href":"https:\/\/checkout.luxaurabag.com\/es\/wp-json\/wp\/v2\/comments?post=3528"}],"wp:featuredmedia":[{"embeddable":true,"href":"https:\/\/checkout.luxaurabag.com\/es\/wp-json\/wp\/v2\/media\/3735"}],"wp:attachment":[{"href":"https:\/\/checkout.luxaurabag.com\/es\/wp-json\/wp\/v2\/media?parent=3528"}],"wp:term":[{"taxonomy":"product_brand","embeddable":true,"href":"https:\/\/checkout.luxaurabag.com\/es\/wp-json\/wp\/v2\/product_brand?post=3528"},{"taxonomy":"product_cat","embeddable":true,"href":"https:\/\/checkout.luxaurabag.com\/es\/wp-json\/wp\/v2\/product_cat?post=3528"},{"taxonomy":"product_tag","embeddable":true,"href":"https:\/\/checkout.luxaurabag.com\/es\/wp-json\/wp\/v2\/product_tag?post=3528"}],"curies":[{"name":"wp","href":"https:\/\/api.w.org\/{rel}","templated":true}]}}