{"id":3195,"date":"2025-08-26T15:11:21","date_gmt":"2025-08-26T15:11:21","guid":{"rendered":"https:\/\/zoyaedit.com\/product\/large_sturdy_black_leather_bag_20x_14_686621458\/"},"modified":"2025-08-31T18:05:29","modified_gmt":"2025-08-31T18:05:29","slug":"large_sturdy_black_leather_bag_20x_14_686621458","status":"publish","type":"product","link":"https:\/\/checkout.luxaurabag.com\/es\/producto\/large_sturdy_black_leather_bag_20x_14_686621458\/","title":{"rendered":"Bolsa grande y robusta de cuero negro 20 \"x 14\" Bolsillo delantero Bolsa para ordenador de trabajo y viaje"},"content":{"rendered":"<p class='wt-text-body-01 wt-break-word' data-product-details-description-text-content=''>            FUNCIONALIDAD:<br \/>\t- Tirantes largos de cuero que se pueden llevar f\u00e1cilmente sobre la ropa.<br \/>\t- Bolsillo exterior y un bolsillo interior con cremallera, muy pr\u00e1ctico para guardar las llaves, el brillo de labios, el iPhone, las gafas, etc.<br \/>        - NO hay transferencia de color a su ropa. <br \/>        - Ideal para cualquier tiempo, llueva o nieve. Soporta cualquier paliza y no hace m\u00e1s que mejorar con el tiempo.<br \/>        - Perfecto para el uso diario, el trabajo, la escuela y los viajes. Se adapta a cualquier tama\u00f1o de ordenador port\u00e1til, libros, archivos. <\/p>\n<p>Medidas: <br \/>20\" de ancho (parte superior) x 14\" de alto , 5\u2032 de profundidad<br \/>16\" de ancho (base)<br \/>Ca\u00edda de la correa 11\u2032<\/p>\n<p>Cuerpo y correas de cuero negro de 2,2 mm de grosor.<\/p>\n<p>Marr\u00f3n caramelo disponible aqu\u00ed:<\/p>\n<p>***Nuestro cuero de grano completo es el grado m\u00e1s alto de calidad de cuero disponible que embellece con el uso y la edad y durar\u00e1 toda la vida.<\/p>\n<p>        - Todos nuestros bolsos de piel se fabrican a mano en nuestro taller de la secci\u00f3n Old City de Filadelfia, Pensilvania.        <br \/>        - Garant\u00eda de por vida Lo arreglaremos\/sustituiremos gratis.   <br \/>\t- Fabricado con cuero de grano completo de larga duraci\u00f3n que durar\u00e1 toda la vida. Piel de origen estadounidense y curtida en Maine.  <br \/>        - La parte superior de la bolsa tiene un cierre de cremallera Opci\u00f3n para mantener tus cosas importantes a salvo.\u00a0<br \/>\t- Dos pr\u00e1cticos bolsillos, uno de ellos con cierre de cremallera.<br \/>\t- La bolsa puede sostener f\u00e1cilmente su ordenador port\u00e1til junto con otros objetos pesados.<br \/>        - Se aceptan cambios y devoluciones <\/p>\n<p>\u25bc Para cualquier adici\u00f3n, cambio de tama\u00f1o, bolsillos y tal por favor haga clic en este listado de abajo<\/p>\n<p>Nuestra piel de plena flor es la de mayor calidad disponible, se embellece con el uso y el paso del tiempo y durar\u00e1 toda la vida.<\/p>\n<p>- Todos nuestros bolsos de cuero est\u00e1n hechos a mano en nuestro taller en la secci\u00f3n de la Ciudad Vieja de Filadelfia, PA<br \/>- Garant\u00eda de por vida Lo arreglaremos\/sustituiremos gratis. <br \/>- Fabricado con cuero de alta resistencia y larga duraci\u00f3n, que durar\u00e1 toda la vida. Piel de origen estadounidense y curtida en Maine.<br \/>- Se aceptan cambios y devoluciones<\/p>\n<p>Si desea alguna modificaci\u00f3n, a\u00f1adido, incluyendo cremallera, broche, borla, bolsillo(s) extra(s), forro, ajustes de tama\u00f1o, etc.<br \/>haga clic aqu\u00ed \ud83d\udc47\ud83c\udffb<\/p>\n<p>\u25bcINSTAGRAM Y FACEBOOK<br \/>Visite nuestra cuenta de Instagram para ver nuestro feed diario de nuevos bolsos, el fabricante, las pieles y el proceso.<br \/>https:\/\/www.instagram.com\/urbanartisanboutique\/<br \/>https:\/\/www.facebook.com\/URBANARTISANBOUTIQUE<\/p>\n<p>&gt;Qui\u00e9nes somos&lt;\n\nTodos nuestros bolsos de cuero son hechos a mano en nuestra tienda de ladrillo y mortero \/ taller en Filadelfia PA. Nuestros bolsos son medidos, cortados, cosidos y cuidadosamente inspeccionados por Victoria, que dise\u00f1a y crea todos nuestros art\u00edculos de cuero.Cada bolso es \u00fanico, llama la atenci\u00f3n con interesantes combinaciones de colores junto con hermosas texturas de cuero y gamuza.<br \/>Tambi\u00e9n estaremos encantados de estudiar pedidos y solicitudes personalizados. <br \/>Somos 100% propiedad y gesti\u00f3n de mujeres. <\/p>\n<p>\u00a1\u00a1Tuvimos la suerte de aparecer en el Philly Voice!!<br \/>https:\/\/www.phillyvoice.com\/an-urban-artisan-from-another-land-is-making-it-work-in-the-big-city-victoria-macbain\/<\/p>\n<p>&gt;Piel &lt;\n\nUtilizamos cuero de grano completo para todos nuestros bolsos de mano, que es el cuero m\u00e1s fuerte y m\u00e1s duradero disponible. Utilizamos cuero real que no ha sido lijado o afeitado y cada pieza tiene una textura \u00fanica e imperfecciones naturales. El cuero de grano completo acondicionar\u00e1 naturalmente con el uso, desarrollando una p\u00e1tina muy buscada y un car\u00e1cter \u00fanico con el tiempo.<br \/>Todos nuestros bolsos de piel se crean en un entorno totalmente libre de mascotas y de humo.Nos esforzamos para que su experiencia sea especial y cumpla todas sus expectativas de calidad.<\/p>\n<p>&gt;Nuestras pol\u00edticas<\n\nPlease read about our shipping details and shop policies before purchasing your goodies in tab above titled &#8216;Shipping &#038; Policies&#8217;. We love our customers and want you to love your shopping experience with us as much as we love you, so please do read our policies and contact us with any questions or concerns you may have.\n\n>Impuestos y aduanas de importaci\u00f3n&lt;\n\n\u2757\ufe0f\u2757\ufe0f\u2757\ufe0fSome *Los pedidos internacionales * estar\u00e1n sujetos a impuestos de importaci\u00f3n locales , que NO est\u00e1n incluidos en el precio de venta. Los compradores son responsables de pagar esos impuestos.  Cada pa\u00eds es diferente, algunos no tienen impuesto de importaci\u00f3n, para el resto -el comprador ser\u00e1 notificado s\u00f3lo una vez que el paquete llegue al pa\u00eds. <br \/>   NO PODEMOS marcar los pedidos internacionales como \"Regalos\" , el valor del contenido se indicar\u00e1 en el exterior de la caja con el formulario de aduanas.        <\/p>","protected":false},"excerpt":{"rendered":"<p>FUNCIONALIDAD: - Bolsillo exterior y un bolsillo interior con cremallera muy pr\u00e1cticos para guardar las llaves, el brillo de labios, el iPhone, las gafas, etc. - NO hay transferencia de color a su ropa. - Ideal para todo tipo de clima, lluvia o nieve. Es...<\/p>","protected":false},"featured_media":3688,"comment_status":"open","ping_status":"closed","template":"","meta":{"_kad_post_transparent":"","_kad_post_title":"","_kad_post_layout":"","_kad_post_sidebar_id":"","_kad_post_content_style":"","_kad_post_vertical_padding":"","_kad_post_feature":"","_kad_post_feature_position":"","_kad_post_header":false,"_kad_post_footer":false},"product_brand":[],"product_cat":[75],"product_tag":[],"class_list":{"0":"post-3195","1":"product","2":"type-product","3":"status-publish","4":"has-post-thumbnail","6":"product_cat-bags","8":"first","9":"instock","10":"shipping-taxable","11":"purchasable","12":"product-type-variable","13":"entry","14":"content-bg","15":"loop-entry"},"_links":{"self":[{"href":"https:\/\/checkout.luxaurabag.com\/es\/wp-json\/wp\/v2\/product\/3195","targetHints":{"allow":["GET"]}}],"collection":[{"href":"https:\/\/checkout.luxaurabag.com\/es\/wp-json\/wp\/v2\/product"}],"about":[{"href":"https:\/\/checkout.luxaurabag.com\/es\/wp-json\/wp\/v2\/types\/product"}],"replies":[{"embeddable":true,"href":"https:\/\/checkout.luxaurabag.com\/es\/wp-json\/wp\/v2\/comments?post=3195"}],"wp:featuredmedia":[{"embeddable":true,"href":"https:\/\/checkout.luxaurabag.com\/es\/wp-json\/wp\/v2\/media\/3688"}],"wp:attachment":[{"href":"https:\/\/checkout.luxaurabag.com\/es\/wp-json\/wp\/v2\/media?parent=3195"}],"wp:term":[{"taxonomy":"product_brand","embeddable":true,"href":"https:\/\/checkout.luxaurabag.com\/es\/wp-json\/wp\/v2\/product_brand?post=3195"},{"taxonomy":"product_cat","embeddable":true,"href":"https:\/\/checkout.luxaurabag.com\/es\/wp-json\/wp\/v2\/product_cat?post=3195"},{"taxonomy":"product_tag","embeddable":true,"href":"https:\/\/checkout.luxaurabag.com\/es\/wp-json\/wp\/v2\/product_tag?post=3195"}],"curies":[{"name":"wp","href":"https:\/\/api.w.org\/{rel}","templated":true}]}}