{"id":3174,"date":"2025-08-26T15:11:20","date_gmt":"2025-08-26T15:11:20","guid":{"rendered":"https:\/\/zoyaedit.com\/product\/extra_large_honey_brown_leather_tote_bag_1751995709\/"},"modified":"2025-08-31T18:05:27","modified_gmt":"2025-08-31T18:05:27","slug":"extra_large_honey_brown_leather_tote_bag_1751995709","status":"publish","type":"product","link":"https:\/\/checkout.luxaurabag.com\/es\/producto\/extra_large_honey_brown_leather_tote_bag_1751995709\/","title":{"rendered":"Bolso de piel marr\u00f3n miel extragrande"},"content":{"rendered":"<p class='wt-text-body-01 wt-break-word' data-product-details-description-text-content=''>            Este anuncio es para nuestra bolsa de cuero miel extra grande, la bolsa de ordenador de gran tama\u00f1o para el trabajo y los viajes.<br \/>Todas nuestras bolsas se fabrican por encargo. El tiempo de producci\u00f3n es de 3-5 d\u00edas laborables, hasta 7 d\u00edas para pedidos personalizados. <\/p>\n<p>Si desea la bolsa en un color diferente, elija una opci\u00f3n de la siguiente lista  <\/p>\n<p>A\u00f1ada forro a cualquiera de nuestras bolsas<\/p>\n<p>Nuestro bolso negro XL de trabajo y viaje en piel color miel.<\/p>\n<p> FUNCIONALIDAD:<br \/>\t- Esta bolsa es espaciosa y elegante, ideal para tus escapadas de fin de semana, perfecta para el trabajo y la escuela, puede contener tu ordenador, libros, archivos, muda de ropa y tus objetos esenciales diarios. <br \/>        - Tirantes largos de piel para llevar f\u00e1cilmente por encima de las capas en cualquier \u00e9poca del a\u00f1o. <br \/>\t- Dos bolsillos interiores, uno con cremallera 10x 9\", bolsillo peque\u00f1o para m\u00f3vil 7\u00d75\" , son s\u00faper pr\u00e1cticos para guardar las llaves, el brillo de labios, el iPhone, las gafas, etc.<br \/>        - Ideal para cualquier tiempo, llueva o nieve. Aguanta cualquier paliza y s\u00f3lo mejora con el tiempo.<\/p>\n<p>\u2757\ufe0fMeasurements: \u2757\ufe0f<br \/>24\" ancho (parte superior) x 15\" alto x 7\" fondo<br \/>Base de 17\" de ancho<br \/>Ca\u00edda de la correa 11\u2032<\/p>\n<p>Peso 3,5 libras<\/p>\n<p>Miel, cuero engrasado, algo de guijarro, cuerpo y correas de cuero de 2,2 mm de grosor.<\/p>\n<p>Nuestra piel de plena flor es la de mayor calidad disponible, se embellece con el uso y el paso del tiempo y durar\u00e1 toda la vida.<\/p>\n<p>- Todos nuestros bolsos de cuero est\u00e1n hechos a mano en nuestro taller en la secci\u00f3n de la Ciudad Vieja de Filadelfia, PA<br \/>- Garant\u00eda de por vida Lo arreglaremos\/sustituiremos gratis.  <br \/>- Fabricado con cuero de alta resistencia y larga duraci\u00f3n, que durar\u00e1 toda la vida. Piel de origen estadounidense y curtida en Maine.<br \/>- Se aceptan cambios y devoluciones<br \/>(Los art\u00edculos personalizados no se pueden devolver)<\/p>\n<p>Si desea alguna modificaci\u00f3n, a\u00f1adido, incluyendo cremallera, broche, borla, bolsillo(s) extra(s), forro, ajustes de tama\u00f1o, etc.<br \/>haga clic aqu\u00ed \ud83d\udc47\ud83c\udffb<\/p>\n<p>\u25bcINSTAGRAM Y FACEBOOK<br \/>Visite nuestra cuenta de Instagram para ver nuestro feed diario de nuevos bolsos, el fabricante, las pieles y el proceso.<br \/>https:\/\/www.instagram.com\/urbanartisanboutique\/<br \/>https:\/\/www.facebook.com\/URBANARTISANBOUTIQUE<\/p>\n<p>&gt;Qui\u00e9nes somos&lt;\n\nTodos nuestros bolsos de cuero son hechos a mano en nuestra tienda de ladrillo y mortero \/ taller en Filadelfia PA. Nuestros bolsos son medidos, cortados, cosidos y cuidadosamente inspeccionados por Victoria, que dise\u00f1a y crea todos nuestros art\u00edculos de cuero.Cada bolso es \u00fanico, llama la atenci\u00f3n con interesantes combinaciones de colores junto con hermosas texturas de cuero y gamuza.<br \/>Tambi\u00e9n estaremos encantados de estudiar pedidos y solicitudes personalizados. <br \/>Somos 100% propiedad y gesti\u00f3n de mujeres. <\/p>\n<p>\u00a1\u00a1Tuvimos la suerte de aparecer en el Philly Voice!!<br \/>https:\/\/www.phillyvoice.com\/an-urban-artisan-from-another-land-is-making-it-work-in-the-big-city-victoria-macbain\/<\/p>\n<p>&gt;Piel &lt;\n\nUtilizamos cuero de grano completo para todos nuestros bolsos de mano, que es el cuero m\u00e1s fuerte y m\u00e1s duradero disponible. Utilizamos cuero real que no ha sido lijado o afeitado y cada pieza tiene una textura \u00fanica e imperfecciones naturales. El cuero de grano completo acondicionar\u00e1 naturalmente con el uso, desarrollando una p\u00e1tina muy buscada y un car\u00e1cter \u00fanico con el tiempo.<br \/>Para algunas de nuestras bolsas utilizamos cuero engrasado, que es la mejor opci\u00f3n para un uso intenso y extremo. Es robusto, flexible y resistente al agua, y requiere un mantenimiento m\u00ednimo, pero est\u00e1 muy saturado de aceites y ceras naturales que a veces pueden transferirse a la ropa. <br \/>Todos nuestros bolsos de piel se crean en un entorno totalmente libre de mascotas y de humo.Nos esforzamos para que su experiencia sea especial y cumpla todas sus expectativas de calidad.<\/p>\n<p>&gt;Nuestras pol\u00edticas<\n\nPlease read about our shipping details and shop policies before purchasing your goodies in tab above titled &#8216;Shipping &#038; Policies&#8217;. We love our customers and want you to love your shopping experience with us as much as we love you, so please do read our policies and contact us with any questions or concerns you may have.\n\n>Impuestos y aduanas de importaci\u00f3n&lt;\n\n****Algunos pa\u00edses imponen impuestos de importaci\u00f3n a los productos fabricados en EE.UU., que NO est\u00e1n incluidos en nuestros precios. Los compradores internacionales son responsables de cualquier aduana e impuestos que puedan aplicarse. Pueden producirse retrasos debido a las aduanas. Por favor, deje un n\u00famero de tel\u00e9fono al comprar en nuestra tienda, podr\u00eda acelerar el tiempo de tr\u00e1nsito.***        <\/p>","protected":false},"excerpt":{"rendered":"<p>Este anuncio es para nuestra bolsa de cuero miel extra grande, el trabajo de gran tama\u00f1o y bolsa de ordenador de viaje.todas nuestras bolsas se hacen a la orden. El tiempo de producci\u00f3n es de 3-5 d\u00edas h\u00e1biles, hasta 7 d\u00edas para pedidos personalizados. Si desea que la bolsa en un color diferente, por favor elija una opci\u00f3n de la lista de abajo A\u00f1adir forro...<\/p>","protected":false},"featured_media":3658,"comment_status":"open","ping_status":"closed","template":"","meta":{"_kad_post_transparent":"","_kad_post_title":"","_kad_post_layout":"","_kad_post_sidebar_id":"","_kad_post_content_style":"","_kad_post_vertical_padding":"","_kad_post_feature":"","_kad_post_feature_position":"","_kad_post_header":false,"_kad_post_footer":false},"product_brand":[],"product_cat":[75],"product_tag":[],"class_list":{"0":"post-3174","1":"product","2":"type-product","3":"status-publish","4":"has-post-thumbnail","6":"product_cat-bags","8":"first","9":"instock","10":"shipping-taxable","11":"purchasable","12":"product-type-variable","13":"entry","14":"content-bg","15":"loop-entry"},"_links":{"self":[{"href":"https:\/\/checkout.luxaurabag.com\/es\/wp-json\/wp\/v2\/product\/3174","targetHints":{"allow":["GET"]}}],"collection":[{"href":"https:\/\/checkout.luxaurabag.com\/es\/wp-json\/wp\/v2\/product"}],"about":[{"href":"https:\/\/checkout.luxaurabag.com\/es\/wp-json\/wp\/v2\/types\/product"}],"replies":[{"embeddable":true,"href":"https:\/\/checkout.luxaurabag.com\/es\/wp-json\/wp\/v2\/comments?post=3174"}],"wp:featuredmedia":[{"embeddable":true,"href":"https:\/\/checkout.luxaurabag.com\/es\/wp-json\/wp\/v2\/media\/3658"}],"wp:attachment":[{"href":"https:\/\/checkout.luxaurabag.com\/es\/wp-json\/wp\/v2\/media?parent=3174"}],"wp:term":[{"taxonomy":"product_brand","embeddable":true,"href":"https:\/\/checkout.luxaurabag.com\/es\/wp-json\/wp\/v2\/product_brand?post=3174"},{"taxonomy":"product_cat","embeddable":true,"href":"https:\/\/checkout.luxaurabag.com\/es\/wp-json\/wp\/v2\/product_cat?post=3174"},{"taxonomy":"product_tag","embeddable":true,"href":"https:\/\/checkout.luxaurabag.com\/es\/wp-json\/wp\/v2\/product_tag?post=3174"}],"curies":[{"name":"wp","href":"https:\/\/api.w.org\/{rel}","templated":true}]}}