{"id":3169,"date":"2025-08-26T15:11:18","date_gmt":"2025-08-26T15:11:18","guid":{"rendered":"https:\/\/zoyaedit.com\/product\/handmade_black_leather_tote_bag_large_1633465333\/"},"modified":"2025-08-31T18:05:27","modified_gmt":"2025-08-31T18:05:27","slug":"handmade_black_leather_tote_bag_large_1633465333","status":"publish","type":"product","link":"https:\/\/checkout.luxaurabag.com\/es\/producto\/handmade_black_leather_tote_bag_large_1633465333\/","title":{"rendered":"Bolso Tote de cuero negro hecho a mano - Dise\u00f1o de bolso de hombro grande y suave"},"content":{"rendered":"<p class='wt-text-body-01 wt-break-word' data-product-details-description-text-content=''>            A black tote bag is the perfect combination of style and functionality. This spacious leather tote is made from premium soft leather and is designed for the modern woman who appreciates elegance and comfort.<\/p>\n<p>The two comfortable handles make it easy to carry. The minimalist design ensures versatility, making this tote perfect for any outfit, whether you&#8217;re wearing an elegant ensemble or casual jeans, work or travels.<\/p>\n<p>The tote bag handy zip fastening will keep your belongings safe and secure. Inside, the lightweight polyester lining will ensure easy care, and you&#8217;ll also find two pockets to store your small items.<\/p>\n<p>What makes this tote bag stand out is that it is transformable. Effortlessly adjust its size and transform it into a smaller bag if needed. This adaptability adds versatility to your wardrobe and makes it easy to change your style.<\/p>\n<p>Experience a sense of freedom and lightness when you carry this bag, designed to complement your dynamic lifestyle. <\/p>\n<p>Step up your fashion game with a handbag that embodies simplicity, sophistication, and the joy of effortless elegance.<\/p>\n<p>Medidas:<\/p>\n<p>Length 18.8  in \/ 48  cm<br \/>Width 8.2 in \/ 21 cm<br \/>Height  13.7  in \/  35 cm<\/p>\n<p>Features:<\/p>\n<p>\ud83c\udf1f Dollaro Genuine Leather: This bag is made from high-quality Dollaro genuine leather, known for its durability and unique textured finish. The leather&#8217;s natural characteristics give each bag a distinct look, making it a stylish and practical choice.<\/p>\n<p> \ud83d\udc5c Inside 1 Compartment<br \/>The main compartment provides ample space for your essentials, ensuring you stay organized on the go.<\/p>\n<p>\ud83d\udd12 Mini Zippered Pocket<br \/>Perfect for securing smaller items, keeping them safe and easy to find.<\/p>\n<p>\ud83d\udcf1 Phone or ID Card Pocket<br \/>A dedicated pocket for your phone or ID card, making it convenient to access your most important items.<\/p>\n<p>\ud83c\udf92 Back Zippered Pocket<br \/>An additional zippered pocket at the back offers extra storage and security for items you want to keep close.<\/p>\n<p>\ud83e\uddf5 Polyester Lining<br \/>The interior is lined with durable polyester, protecting your belongings and adding a polished finish.<\/p>\n<p>\ud83d\udc8e Silver Accessories<br \/>Elegant silver accessories add a touch of sophistication, complementing the bag&#8217;s design beautifully.<\/p>\n<p>\ud83d\udc50 Handmade Craftsmanship<br \/>This backpack is meticulously handmade, ensuring each piece is unique and crafted with care.<\/p>\n<p>Notes: Color may change due to your monitor setting and calibration. All products are handmade, therefore, there may be small dimensional deviations and other inaccuracies.        <\/p>","protected":false},"excerpt":{"rendered":"<p>Un bolso tote negro es la combinaci\u00f3n perfecta de estilo y funcionalidad. Este espacioso bolso tote de piel est\u00e1 confeccionado en suave piel de primera calidad y se ha dise\u00f1ado para la mujer moderna que aprecia la elegancia y la comodidad. Las dos c\u00f3modas asas facilitan su transporte. Su dise\u00f1o minimalista garantiza versatilidad, por lo que este bolso tote es perfecto para cualquier atuendo,...<\/p>","protected":false},"featured_media":3648,"comment_status":"open","ping_status":"closed","template":"","meta":{"_kad_post_transparent":"","_kad_post_title":"","_kad_post_layout":"","_kad_post_sidebar_id":"","_kad_post_content_style":"","_kad_post_vertical_padding":"","_kad_post_feature":"","_kad_post_feature_position":"","_kad_post_header":false,"_kad_post_footer":false},"product_brand":[],"product_cat":[75],"product_tag":[],"class_list":{"0":"post-3169","1":"product","2":"type-product","3":"status-publish","4":"has-post-thumbnail","6":"product_cat-bags","8":"first","9":"instock","10":"shipping-taxable","11":"purchasable","12":"product-type-variable","13":"entry","14":"content-bg","15":"loop-entry"},"_links":{"self":[{"href":"https:\/\/checkout.luxaurabag.com\/es\/wp-json\/wp\/v2\/product\/3169","targetHints":{"allow":["GET"]}}],"collection":[{"href":"https:\/\/checkout.luxaurabag.com\/es\/wp-json\/wp\/v2\/product"}],"about":[{"href":"https:\/\/checkout.luxaurabag.com\/es\/wp-json\/wp\/v2\/types\/product"}],"replies":[{"embeddable":true,"href":"https:\/\/checkout.luxaurabag.com\/es\/wp-json\/wp\/v2\/comments?post=3169"}],"wp:featuredmedia":[{"embeddable":true,"href":"https:\/\/checkout.luxaurabag.com\/es\/wp-json\/wp\/v2\/media\/3648"}],"wp:attachment":[{"href":"https:\/\/checkout.luxaurabag.com\/es\/wp-json\/wp\/v2\/media?parent=3169"}],"wp:term":[{"taxonomy":"product_brand","embeddable":true,"href":"https:\/\/checkout.luxaurabag.com\/es\/wp-json\/wp\/v2\/product_brand?post=3169"},{"taxonomy":"product_cat","embeddable":true,"href":"https:\/\/checkout.luxaurabag.com\/es\/wp-json\/wp\/v2\/product_cat?post=3169"},{"taxonomy":"product_tag","embeddable":true,"href":"https:\/\/checkout.luxaurabag.com\/es\/wp-json\/wp\/v2\/product_tag?post=3169"}],"curies":[{"name":"wp","href":"https:\/\/api.w.org\/{rel}","templated":true}]}}