{"id":3156,"date":"2025-08-26T15:11:18","date_gmt":"2025-08-26T15:11:18","guid":{"rendered":"https:\/\/zoyaedit.com\/product\/leather_laptop_bag_women_with_tassel_1752980187\/"},"modified":"2025-08-31T18:05:27","modified_gmt":"2025-08-31T18:05:27","slug":"leather_laptop_bag_women_with_tassel_1752980187","status":"publish","type":"product","link":"https:\/\/checkout.luxaurabag.com\/es\/producto\/leather_laptop_bag_women_with_tassel_1752980187\/","title":{"rendered":"Bolsa de cuero para port\u00e1til de mujer con borla, Bolsa de trabajo para port\u00e1til, Bolsa personalizada para port\u00e1til 15.6, Bolsa de trabajo para port\u00e1til, Bolsa de cuero para port\u00e1til de mujer, Bolsa para port\u00e1til de mujer"},"content":{"rendered":"<p class='wt-text-body-01 wt-break-word' data-product-details-description-text-content=''>            Bolsa.<br \/>Enlace a la secci\u00f3n de bolsos de piel - <br \/>\u00bfBusca un bolso tipo satchel lo suficientemente espacioso para llevar su port\u00e1til, pero con un dise\u00f1o sencillo y elegante? Un bolso de cuero para port\u00e1til de mujer es una soluci\u00f3n ideal para satisfacer tus exigencias.<\/p>\n<p>CARACTER\u00cdSTICAS PRINCIPALES:<\/p>\n<p>- Tallas:<br \/>\ud83d\udd38 La bolsa se hace de acuerdo a las dimensiones de su ordenador port\u00e1til. (Por favor, deje las dimensiones de su ordenador port\u00e1til en el cuadro Notas en la p\u00e1gina de pago).<\/p>\n<p>- Bolsillos:<br \/>\ud83d\udd38 Bolsillo delantero con solapa y cierre con 2 broches de presi\u00f3n;<br \/>\ud83d\udd38 Bolsillo delantero trasero con cremallera;<\/p>\n<p>- Cierre de cremallera en el compartimento principal;<br \/>- Bandolera ajustable;<br \/>- Asas superiores.<\/p>\n<p>\ud83d\udd38\ud83d\udd38\ud83d\udd38 Cambios personalizados a petici\u00f3n \ud83d\udd38\ud83d\udd38\ud83d\udd38\ud83d\udd38<\/p>\n<p>NOTA: Para pedir un art\u00edculo personalizado, env\u00edenos una SOLICITUD DE PEDIDO PERSONALIZADO.<\/p>\n<p>-------------------------<br \/>PERSONALIZACI\u00d3N<\/p>\n<p>Tus iniciales, texto o foto en el art\u00edculo. <\/p>\n<p>\ud83d\udd38\ud83d\udd38\ud83d\udd38\u00bfC\u00f3mo personalizar su art\u00edculo\ud83d\udd38\ud83d\udd38\ud83d\udd38\ud83d\udd38?<br \/>1. Elija \"Tama\u00f1o + Grabado\" en el men\u00fa Tama\u00f1o y personalizaci\u00f3n;<br \/>2. Deje el texto a grabar en la casilla Personalizaci\u00f3n;<br \/>3. O env\u00edenos un archivo de imagen.<\/p>\n<p>--------------------------<br \/>ENV\u00cdO \u2708<\/p>\n<p>- Env\u00edo est\u00e1ndar<br \/>- Env\u00edo urgente (2-4 d\u00edas laborables), disponible previa solicitud<\/p>\n<p>--------------------------<br \/>MAYORISTA<br \/>Bolso satchel sencillo y elegante dise\u00f1ado para mujeres con un gusto refinado. Suficientemente espacioso, no s\u00f3lo es adecuado para el port\u00e1til, sino tambi\u00e9n para llevar el cuaderno, papeles y otros art\u00edculos esenciales. Pida un par de bolsos como regalo perfecto para su madre, hija y esposa o para el equipo de colegas.<\/p>\n<p>\ud83d\udd38\ud83d\udd38\ud83d\udd38 Por favor, p\u00f3ngase en contacto con nosotros para obtener precios especiales en m\u00faltiples art\u00edculos \ud83d\udd38\ud83d\udd38\ud83d\udd38<\/p>\n<p>--------------------------<br \/>POR QU\u00c9 LezoStore:<\/p>\n<p>- Art\u00edculos artesanales;<br \/>- Piel y herrajes de primera calidad;<br \/>- Amplia gama de colores y accesorios disponibles;<br \/>- Cualquier art\u00edculo puede personalizarse;<br \/>- 12 meses de garant\u00eda.        <\/p>","protected":false},"excerpt":{"rendered":"<p>Bag.Link a la secci\u00f3n de bolsos de piel - \u00bfBusca un bolso tipo satchel que sea lo suficientemente espacioso para llevar su port\u00e1til pero de dise\u00f1o sencillo y elegante? Una mujer de cuero bolsa de ordenador port\u00e1til es una soluci\u00f3n ideal para satisfacer sus demandas. CARACTER\u00cdSTICAS PRINCIPALES: - Tama\u00f1os:\ud83d\udd38 La bolsa se hace de acuerdo a las dimensiones de su laptop....<\/p>","protected":false},"featured_media":3638,"comment_status":"open","ping_status":"closed","template":"","meta":{"_kad_post_transparent":"","_kad_post_title":"","_kad_post_layout":"","_kad_post_sidebar_id":"","_kad_post_content_style":"","_kad_post_vertical_padding":"","_kad_post_feature":"","_kad_post_feature_position":"","_kad_post_header":false,"_kad_post_footer":false},"product_brand":[],"product_cat":[75],"product_tag":[],"class_list":{"0":"post-3156","1":"product","2":"type-product","3":"status-publish","4":"has-post-thumbnail","6":"product_cat-bags","8":"first","9":"instock","10":"shipping-taxable","11":"purchasable","12":"product-type-variable","13":"entry","14":"content-bg","15":"loop-entry"},"_links":{"self":[{"href":"https:\/\/checkout.luxaurabag.com\/es\/wp-json\/wp\/v2\/product\/3156","targetHints":{"allow":["GET"]}}],"collection":[{"href":"https:\/\/checkout.luxaurabag.com\/es\/wp-json\/wp\/v2\/product"}],"about":[{"href":"https:\/\/checkout.luxaurabag.com\/es\/wp-json\/wp\/v2\/types\/product"}],"replies":[{"embeddable":true,"href":"https:\/\/checkout.luxaurabag.com\/es\/wp-json\/wp\/v2\/comments?post=3156"}],"wp:featuredmedia":[{"embeddable":true,"href":"https:\/\/checkout.luxaurabag.com\/es\/wp-json\/wp\/v2\/media\/3638"}],"wp:attachment":[{"href":"https:\/\/checkout.luxaurabag.com\/es\/wp-json\/wp\/v2\/media?parent=3156"}],"wp:term":[{"taxonomy":"product_brand","embeddable":true,"href":"https:\/\/checkout.luxaurabag.com\/es\/wp-json\/wp\/v2\/product_brand?post=3156"},{"taxonomy":"product_cat","embeddable":true,"href":"https:\/\/checkout.luxaurabag.com\/es\/wp-json\/wp\/v2\/product_cat?post=3156"},{"taxonomy":"product_tag","embeddable":true,"href":"https:\/\/checkout.luxaurabag.com\/es\/wp-json\/wp\/v2\/product_tag?post=3156"}],"curies":[{"name":"wp","href":"https:\/\/api.w.org\/{rel}","templated":true}]}}