{"id":4370,"date":"2025-08-26T16:20:02","date_gmt":"2025-08-26T16:20:02","guid":{"rendered":"https:\/\/zoyaedit.com\/product\/elan-deux-tone-loafers\/"},"modified":"2025-08-31T18:06:31","modified_gmt":"2025-08-31T18:06:31","slug":"elan-deux-tone-loafers","status":"publish","type":"product","link":"https:\/\/checkout.luxaurabag.com\/de\/produkt\/elan-deux-tone-loafers\/","title":{"rendered":"\u00c9lan Zweifarbige Loafers"},"content":{"rendered":"<p>Mit einem kr\u00e4ftigen Farbkontrast und hochwertigen Lederakzenten definieren diese Loafer Raffinesse mit modernem Touch neu. Das Slip-on-Design sorgt f\u00fcr m\u00fcheloses Tragen, w\u00e4hrend das Quastendetail einen klassischen Hauch von Raffinesse verleiht. Egal, ob Sie sich f\u00fcr eine formelle Veranstaltung herausputzen oder Ihr Freizeitoutfit aufwerten, diese Schuhe bieten un\u00fcbertroffenen Stil und Komfort.\u00a0<\/p>\n<ul>\n<li>Hochwertiges Leder<\/li>\n<li>Aufsteckbare Ausf\u00fchrung<\/li>\n<li>K\u00fchnes zweifarbiges Design<\/li>\n<li>Quastenverzierung<\/li>\n<li>Vielseitig<\/li>\n<\/ul>","protected":false},"excerpt":{"rendered":"<p>Mit einem kr\u00e4ftigen Farbkontrast und hochwertigen Lederakzenten definieren diese Loafer Raffinesse mit modernem Touch neu. Das Slip-on-Design sorgt f\u00fcr m\u00fcheloses Tragen, w\u00e4hrend das Quastendetail einen klassischen Hauch von Raffinesse verleiht. Ganz gleich, ob Sie sich f\u00fcr eine formelle Veranstaltung herausputzen oder Ihr Freizeitoutfit aufpeppen wollen, diese Schuhe bieten un\u00fcbertroffenen Stil und Komfort.  Premium...<\/p>","protected":false},"featured_media":4934,"comment_status":"open","ping_status":"closed","template":"","meta":{"_kad_post_transparent":"","_kad_post_title":"","_kad_post_layout":"","_kad_post_sidebar_id":"","_kad_post_content_style":"","_kad_post_vertical_padding":"","_kad_post_feature":"","_kad_post_feature_position":"","_kad_post_header":false,"_kad_post_footer":false},"product_brand":[],"product_cat":[88],"product_tag":[],"class_list":{"0":"post-4370","1":"product","2":"type-product","3":"status-publish","4":"has-post-thumbnail","6":"product_cat-shoes","8":"first","9":"instock","10":"sale","11":"shipping-taxable","12":"purchasable","13":"product-type-variable","14":"entry","15":"content-bg","16":"loop-entry"},"_links":{"self":[{"href":"https:\/\/checkout.luxaurabag.com\/de\/wp-json\/wp\/v2\/product\/4370","targetHints":{"allow":["GET"]}}],"collection":[{"href":"https:\/\/checkout.luxaurabag.com\/de\/wp-json\/wp\/v2\/product"}],"about":[{"href":"https:\/\/checkout.luxaurabag.com\/de\/wp-json\/wp\/v2\/types\/product"}],"replies":[{"embeddable":true,"href":"https:\/\/checkout.luxaurabag.com\/de\/wp-json\/wp\/v2\/comments?post=4370"}],"wp:featuredmedia":[{"embeddable":true,"href":"https:\/\/checkout.luxaurabag.com\/de\/wp-json\/wp\/v2\/media\/4934"}],"wp:attachment":[{"href":"https:\/\/checkout.luxaurabag.com\/de\/wp-json\/wp\/v2\/media?parent=4370"}],"wp:term":[{"taxonomy":"product_brand","embeddable":true,"href":"https:\/\/checkout.luxaurabag.com\/de\/wp-json\/wp\/v2\/product_brand?post=4370"},{"taxonomy":"product_cat","embeddable":true,"href":"https:\/\/checkout.luxaurabag.com\/de\/wp-json\/wp\/v2\/product_cat?post=4370"},{"taxonomy":"product_tag","embeddable":true,"href":"https:\/\/checkout.luxaurabag.com\/de\/wp-json\/wp\/v2\/product_tag?post=4370"}],"curies":[{"name":"wp","href":"https:\/\/api.w.org\/{rel}","templated":true}]}}