{"id":4220,"date":"2025-08-26T16:19:58","date_gmt":"2025-08-26T16:19:58","guid":{"rendered":"https:\/\/zoyaedit.com\/product\/district-low-top-canvas-sneaker\/"},"modified":"2025-08-31T18:06:26","modified_gmt":"2025-08-31T18:06:26","slug":"district-low-top-canvas-sneaker","status":"publish","type":"product","link":"https:\/\/checkout.luxaurabag.com\/de\/produkt\/district-low-top-canvas-sneaker\/","title":{"rendered":"District Niedrig-Top-Sneaker aus Segeltuch"},"content":{"rendered":"<p data-end='1145' data-start='804'>Ein \u00fcberarbeiteter Klassiker mit mehrschichtigen Paneelen, dezentem Colour-Blocking und einer geformten Gummisohle. Die Materialien sprechen f\u00fcr sich - mattes Canvas, Wildleder und verst\u00e4rkte N\u00e4hte. Er sieht aus der Schachtel heraus scharf aus und ist sogar noch besser, wenn man ihn anzieht.<\/p>\n<ul>\n<li><meta charset='utf-8'>Obermaterial aus hochwertigem Canvas<\/li>\n<li><meta charset='utf-8'>Zweifarbiger Kontrastabsatz<\/li>\n<li><meta charset='utf-8'>Weich gepolsterte Einlegesohle<\/li>\n<li><meta charset='utf-8'>Texturierte, verschlei\u00dffeste Gummilaufsohle<\/li>\n<li><meta charset='utf-8'>Langlebige gen\u00e4hte Konstruktion<meta charset='utf-8'> <\/li>\n<li><meta charset='utf-8'> <span>Atmungsaktiv und angenehm zu tragen<\/span><meta charset='utf-8'> <\/li>\n<li><meta charset='utf-8'>Verst\u00e4rkte Zehenkappe<\/li>\n<\/ul>","protected":false},"excerpt":{"rendered":"<p>Ein \u00fcberarbeiteter Klassiker mit mehrschichtigen Paneelen, dezentem Colour-Blocking und einer geformten Gummisohle. Die Materialien sprechen f\u00fcr sich - mattes Canvas, Wildleder und verst\u00e4rkte N\u00e4hte. Sieht schon beim Auspacken schick aus und ist sogar noch besser, wenn man ihn anzieht. Hochwertiges Canvas-Obermaterial Zweifarbiger Kontrastabsatz Weiches, gepolstertes Fu\u00dfbett Strukturierte, verschlei\u00dffeste Gummilaufsohle Langlebige N\u00e4hte Atmungsaktiv und bequem...<\/p>","protected":false},"featured_media":4887,"comment_status":"open","ping_status":"closed","template":"","meta":{"_kad_post_transparent":"","_kad_post_title":"","_kad_post_layout":"","_kad_post_sidebar_id":"","_kad_post_content_style":"","_kad_post_vertical_padding":"","_kad_post_feature":"","_kad_post_feature_position":"","_kad_post_header":false,"_kad_post_footer":false},"product_brand":[],"product_cat":[88],"product_tag":[],"class_list":{"0":"post-4220","1":"product","2":"type-product","3":"status-publish","4":"has-post-thumbnail","6":"product_cat-shoes","8":"first","9":"instock","10":"sale","11":"shipping-taxable","12":"purchasable","13":"product-type-variable","14":"entry","15":"content-bg","16":"loop-entry"},"_links":{"self":[{"href":"https:\/\/checkout.luxaurabag.com\/de\/wp-json\/wp\/v2\/product\/4220","targetHints":{"allow":["GET"]}}],"collection":[{"href":"https:\/\/checkout.luxaurabag.com\/de\/wp-json\/wp\/v2\/product"}],"about":[{"href":"https:\/\/checkout.luxaurabag.com\/de\/wp-json\/wp\/v2\/types\/product"}],"replies":[{"embeddable":true,"href":"https:\/\/checkout.luxaurabag.com\/de\/wp-json\/wp\/v2\/comments?post=4220"}],"wp:featuredmedia":[{"embeddable":true,"href":"https:\/\/checkout.luxaurabag.com\/de\/wp-json\/wp\/v2\/media\/4887"}],"wp:attachment":[{"href":"https:\/\/checkout.luxaurabag.com\/de\/wp-json\/wp\/v2\/media?parent=4220"}],"wp:term":[{"taxonomy":"product_brand","embeddable":true,"href":"https:\/\/checkout.luxaurabag.com\/de\/wp-json\/wp\/v2\/product_brand?post=4220"},{"taxonomy":"product_cat","embeddable":true,"href":"https:\/\/checkout.luxaurabag.com\/de\/wp-json\/wp\/v2\/product_cat?post=4220"},{"taxonomy":"product_tag","embeddable":true,"href":"https:\/\/checkout.luxaurabag.com\/de\/wp-json\/wp\/v2\/product_tag?post=4220"}],"curies":[{"name":"wp","href":"https:\/\/api.w.org\/{rel}","templated":true}]}}