{"id":4045,"date":"2025-08-26T16:19:50","date_gmt":"2025-08-26T16:19:50","guid":{"rendered":"https:\/\/zoyaedit.com\/product\/leather-shoes\/"},"modified":"2025-08-31T18:06:13","modified_gmt":"2025-08-31T18:06:13","slug":"leather-shoes","status":"publish","type":"product","link":"https:\/\/checkout.luxaurabag.com\/de\/produkt\/leather-shoes\/","title":{"rendered":"Canyon Stride Leder Sneaker"},"content":{"rendered":"<p data-start='88' data-end='519'>Das atmungsaktive Baumwollfutter aus echtem Leder sorgt f\u00fcr ganzt\u00e4gigen Tragekomfort, w\u00e4hrend die strukturierte, rutschfeste Laufsohle f\u00fcr hervorragende Traktion und Grip sorgt. Perforierte Seitenteile verbessern die Atmungsaktivit\u00e4t, und die verst\u00e4rkte Ferse bietet zus\u00e4tzlichen Halt. In satten, erdigen T\u00f6nen gehalten, sind diese Schuhe perfekt f\u00fcr jedes Abenteuer.<\/p>\n<ul data-start='541' data-end='845'>\n<li data-start='612' data-end='672'>Echtes Leder<\/li>\n<li data-start='612' data-end='672'>Perforierte Seitenw\u00e4nde<\/li>\n<li data-start='612' data-end='672'>Verbesserte Atmungsaktivit\u00e4t<\/li>\n<li data-start='673' data-end='734'>Texturierte, rutschfeste Laufsohle<\/li>\n<li data-start='735' data-end='787'><span data-start='740' data-end='757'>Pr\u00e4mie c<\/span>Ottonenfutter\u00a0<\/li>\n<\/ul>","protected":false},"excerpt":{"rendered":"<p>Das atmungsaktive Baumwollfutter aus echtem Leder sorgt f\u00fcr ganzt\u00e4gigen Tragekomfort, w\u00e4hrend die strukturierte, rutschfeste Laufsohle f\u00fcr hervorragende Traktion und Grip sorgt. Perforierte Seitenteile verbessern die Atmungsaktivit\u00e4t, und die verst\u00e4rkte Ferse bietet zus\u00e4tzlichen Halt. In satten, erdigen T\u00f6nen gehalten, sind diese Schuhe perfekt f\u00fcr jedes Abenteuer. Echtes Leder Perforierte Seitenteile Erh\u00f6hte Atmungsaktivit\u00e4t Strukturierte...<\/p>","protected":false},"featured_media":4770,"comment_status":"open","ping_status":"closed","template":"","meta":{"_kad_post_transparent":"","_kad_post_title":"","_kad_post_layout":"","_kad_post_sidebar_id":"","_kad_post_content_style":"","_kad_post_vertical_padding":"","_kad_post_feature":"","_kad_post_feature_position":"","_kad_post_header":false,"_kad_post_footer":false},"product_brand":[],"product_cat":[88],"product_tag":[],"class_list":{"0":"post-4045","1":"product","2":"type-product","3":"status-publish","4":"has-post-thumbnail","6":"product_cat-shoes","8":"first","9":"instock","10":"sale","11":"shipping-taxable","12":"purchasable","13":"product-type-variable","14":"entry","15":"content-bg","16":"loop-entry"},"_links":{"self":[{"href":"https:\/\/checkout.luxaurabag.com\/de\/wp-json\/wp\/v2\/product\/4045","targetHints":{"allow":["GET"]}}],"collection":[{"href":"https:\/\/checkout.luxaurabag.com\/de\/wp-json\/wp\/v2\/product"}],"about":[{"href":"https:\/\/checkout.luxaurabag.com\/de\/wp-json\/wp\/v2\/types\/product"}],"replies":[{"embeddable":true,"href":"https:\/\/checkout.luxaurabag.com\/de\/wp-json\/wp\/v2\/comments?post=4045"}],"wp:featuredmedia":[{"embeddable":true,"href":"https:\/\/checkout.luxaurabag.com\/de\/wp-json\/wp\/v2\/media\/4770"}],"wp:attachment":[{"href":"https:\/\/checkout.luxaurabag.com\/de\/wp-json\/wp\/v2\/media?parent=4045"}],"wp:term":[{"taxonomy":"product_brand","embeddable":true,"href":"https:\/\/checkout.luxaurabag.com\/de\/wp-json\/wp\/v2\/product_brand?post=4045"},{"taxonomy":"product_cat","embeddable":true,"href":"https:\/\/checkout.luxaurabag.com\/de\/wp-json\/wp\/v2\/product_cat?post=4045"},{"taxonomy":"product_tag","embeddable":true,"href":"https:\/\/checkout.luxaurabag.com\/de\/wp-json\/wp\/v2\/product_tag?post=4045"}],"curies":[{"name":"wp","href":"https:\/\/api.w.org\/{rel}","templated":true}]}}