{"id":3949,"date":"2025-08-26T16:19:45","date_gmt":"2025-08-26T16:19:45","guid":{"rendered":"https:\/\/zoyaedit.com\/product\/camden-ribbed-corduroy-slides\/"},"modified":"2025-08-31T18:06:11","modified_gmt":"2025-08-31T18:06:11","slug":"camden-ribbed-corduroy-slides","status":"publish","type":"product","link":"https:\/\/checkout.luxaurabag.com\/de\/produkt\/camden-ribbed-corduroy-slides\/","title":{"rendered":"Camden Gerippte Cord-Rutschen"},"content":{"rendered":"<p><meta charset='UTF-8'><span>Diese Hausschuhe aus weichem, geripptem Kord machen den Alltag mit ihrer pl\u00fcschigen Textur und ihrem ganzt\u00e4gigen Komfort zum Vergn\u00fcgen. Die hochgezogenen Rippen massieren Ihre F\u00fc\u00dfe sanft, w\u00e4hrend die federnde R\u00fcckenpolsterung f\u00fcr schwerelosen Halt sorgt. Atmungsaktiv, k\u00fchl und f<meta charset='utf-8'>mit rutschfesten Sohlen f\u00fcr ruhige, sichere Bewegungen - f\u00fcr den ganzen Tag.<br \/><\/span><\/p>\n<ul>\n<li>Unisex<\/li>\n<li><meta charset='utf-8'>Pl\u00fcsch-Rippenkord<\/li>\n<li><meta charset='utf-8'>Wolkenartige D\u00e4mpfung<meta charset='utf-8'> <meta charset='utf-8'> <meta charset='utf-8'> <\/li>\n<li>Atmungsaktiv und leicht<meta charset='utf-8'><\/li>\n<li><meta charset='utf-8'>Rutschfeste, strukturierte Sohle<\/li>\n<li><meta charset='utf-8'>Maschinenwaschbar<meta charset='utf-8'><\/li>\n<\/ul>","protected":false},"excerpt":{"rendered":"<p>Diese Hausschuhe aus weichem, geripptem Kord machen den Alltag mit ihrer pl\u00fcschigen Textur und ihrem ganzt\u00e4gigen Komfort zum Vergn\u00fcgen. Die hochgezogenen Rippen massieren Ihre F\u00fc\u00dfe sanft, w\u00e4hrend die federnde R\u00fcckenpolsterung f\u00fcr schwerelosen Halt sorgt. Atmungsaktiv, k\u00fchl und mit rutschfesten Sohlen f\u00fcr ruhige, sichere Bewegungen - ideal f\u00fcr den ganzen Tag. Unisex Pl\u00fcschiger gerippter Cord Wolkenartige Polsterung Atmungsaktiv und leicht Rutschfeste, strukturierte Sohle...<\/p>","protected":false},"featured_media":4758,"comment_status":"open","ping_status":"closed","template":"","meta":{"_kad_post_transparent":"","_kad_post_title":"","_kad_post_layout":"","_kad_post_sidebar_id":"","_kad_post_content_style":"","_kad_post_vertical_padding":"","_kad_post_feature":"","_kad_post_feature_position":"","_kad_post_header":false,"_kad_post_footer":false},"product_brand":[],"product_cat":[88],"product_tag":[],"class_list":{"0":"post-3949","1":"product","2":"type-product","3":"status-publish","4":"has-post-thumbnail","6":"product_cat-shoes","8":"first","9":"instock","10":"sale","11":"shipping-taxable","12":"purchasable","13":"product-type-variable","14":"entry","15":"content-bg","16":"loop-entry"},"_links":{"self":[{"href":"https:\/\/checkout.luxaurabag.com\/de\/wp-json\/wp\/v2\/product\/3949","targetHints":{"allow":["GET"]}}],"collection":[{"href":"https:\/\/checkout.luxaurabag.com\/de\/wp-json\/wp\/v2\/product"}],"about":[{"href":"https:\/\/checkout.luxaurabag.com\/de\/wp-json\/wp\/v2\/types\/product"}],"replies":[{"embeddable":true,"href":"https:\/\/checkout.luxaurabag.com\/de\/wp-json\/wp\/v2\/comments?post=3949"}],"wp:featuredmedia":[{"embeddable":true,"href":"https:\/\/checkout.luxaurabag.com\/de\/wp-json\/wp\/v2\/media\/4758"}],"wp:attachment":[{"href":"https:\/\/checkout.luxaurabag.com\/de\/wp-json\/wp\/v2\/media?parent=3949"}],"wp:term":[{"taxonomy":"product_brand","embeddable":true,"href":"https:\/\/checkout.luxaurabag.com\/de\/wp-json\/wp\/v2\/product_brand?post=3949"},{"taxonomy":"product_cat","embeddable":true,"href":"https:\/\/checkout.luxaurabag.com\/de\/wp-json\/wp\/v2\/product_cat?post=3949"},{"taxonomy":"product_tag","embeddable":true,"href":"https:\/\/checkout.luxaurabag.com\/de\/wp-json\/wp\/v2\/product_tag?post=3949"}],"curies":[{"name":"wp","href":"https:\/\/api.w.org\/{rel}","templated":true}]}}