{"id":3811,"date":"2025-08-26T16:19:39","date_gmt":"2025-08-26T16:19:39","guid":{"rendered":"https:\/\/zoyaedit.com\/product\/alford-suede-loafer\/"},"modified":"2025-08-31T18:06:01","modified_gmt":"2025-08-31T18:06:01","slug":"alford-suede-loafer","status":"publish","type":"product","link":"https:\/\/checkout.luxaurabag.com\/de\/produkt\/alford-suede-loafer\/","title":{"rendered":"Alford Wildleder-Loafer"},"content":{"rendered":"<p><meta charset='utf-8'><span>Diese eleganten, ger\u00e4uschlosen Loafer aus butterweichem Veloursleder mit dezenten N\u00e4hten verk\u00f6rpern zeitlosen Stil mit moderner Leichtigkeit. Die stromlinienf\u00f6rmige Slip-on-Silhouette und die gepolsterte Innensohle sorgen f\u00fcr m\u00fchelosen, ganzt\u00e4gigen Komfort, ohne auf Stil zu verzichten.<\/span><\/p>\n<ul>\n<li><meta charset='utf-8'>Obermaterial aus weichem Wildleder<\/li>\n<li><meta charset='utf-8'> <span>Niedrigprofil-Slip-on\u00a0<\/span><\/li>\n<li><meta charset='utf-8'> <span>Leichte und flexible Sohle<\/span><\/li>\n<li><meta charset='utf-8'> <meta charset='utf-8'>Minimalistische Nahtverzierung<\/li>\n<li><meta charset='utf-8'> <span>Glattes Stofffutter<\/span><\/li>\n<li><meta charset='utf-8'> <span>Gepolsterte Einlegesohle\u00a0<\/span><\/li>\n<\/ul>","protected":false},"excerpt":{"rendered":"<p>Diese eleganten, ger\u00e4uschlosen Loafer aus butterweichem Veloursleder mit dezenten N\u00e4hten verk\u00f6rpern zeitlosen Stil mit moderner Leichtigkeit. Die stromlinienf\u00f6rmige Slip-on-Silhouette und die gepolsterte Innensohle sorgen f\u00fcr m\u00fchelosen, ganzt\u00e4gigen Komfort, ohne auf Stil zu verzichten. Obermaterial aus weichem Wildleder Flaches Profil zum Hineinschl\u00fcpfen Leichte und flexible Sohle Minimalistische Nahtdetails Glattes Textilfutter Gepolsterte Innensohle\u00a0<\/p>","protected":false},"featured_media":4669,"comment_status":"open","ping_status":"closed","template":"","meta":{"_kad_post_transparent":"","_kad_post_title":"","_kad_post_layout":"","_kad_post_sidebar_id":"","_kad_post_content_style":"","_kad_post_vertical_padding":"","_kad_post_feature":"","_kad_post_feature_position":"","_kad_post_header":false,"_kad_post_footer":false},"product_brand":[],"product_cat":[88],"product_tag":[],"class_list":{"0":"post-3811","1":"product","2":"type-product","3":"status-publish","4":"has-post-thumbnail","6":"product_cat-shoes","8":"first","9":"instock","10":"sale","11":"shipping-taxable","12":"purchasable","13":"product-type-variable","14":"entry","15":"content-bg","16":"loop-entry"},"_links":{"self":[{"href":"https:\/\/checkout.luxaurabag.com\/de\/wp-json\/wp\/v2\/product\/3811","targetHints":{"allow":["GET"]}}],"collection":[{"href":"https:\/\/checkout.luxaurabag.com\/de\/wp-json\/wp\/v2\/product"}],"about":[{"href":"https:\/\/checkout.luxaurabag.com\/de\/wp-json\/wp\/v2\/types\/product"}],"replies":[{"embeddable":true,"href":"https:\/\/checkout.luxaurabag.com\/de\/wp-json\/wp\/v2\/comments?post=3811"}],"wp:featuredmedia":[{"embeddable":true,"href":"https:\/\/checkout.luxaurabag.com\/de\/wp-json\/wp\/v2\/media\/4669"}],"wp:attachment":[{"href":"https:\/\/checkout.luxaurabag.com\/de\/wp-json\/wp\/v2\/media?parent=3811"}],"wp:term":[{"taxonomy":"product_brand","embeddable":true,"href":"https:\/\/checkout.luxaurabag.com\/de\/wp-json\/wp\/v2\/product_brand?post=3811"},{"taxonomy":"product_cat","embeddable":true,"href":"https:\/\/checkout.luxaurabag.com\/de\/wp-json\/wp\/v2\/product_cat?post=3811"},{"taxonomy":"product_tag","embeddable":true,"href":"https:\/\/checkout.luxaurabag.com\/de\/wp-json\/wp\/v2\/product_tag?post=3811"}],"curies":[{"name":"wp","href":"https:\/\/api.w.org\/{rel}","templated":true}]}}